{"id":616757,"date":"2025-12-03T02:00:16","date_gmt":"2025-12-03T01:00:16","guid":{"rendered":"https:\/\/lucacastelli.com\/prodotto\/stihl-bra-600-avec-2-batteries-ap-500-s-et-chargeur-al-501\/"},"modified":"2026-01-02T18:54:20","modified_gmt":"2026-01-02T17:54:20","slug":"stihl-bra-600-avec-2-batteries-ap-500-s-et-chargeur-al-501","status":"publish","type":"product","link":"https:\/\/lucacastelli.com\/fr\/produit\/stihl-bra-600-avec-2-batteries-ap-500-s-et-chargeur-al-501\/","title":{"rendered":"STIHL BRA 600 avec 2 batteries AP 500 S et chargeur AL 501"},"content":{"rendered":"<h2 class=\"product-details__title\">Puissance de soufflage exceptionnelle pour un nettoyage silencieux et efficace.<\/h2>\n<div class=\"product-details__description richtexteditor\">\n<p>Le <strong>puissant souffleur \u00e0 batterie \u00e0 conducteur marchant STIHL BRA 600<\/strong> est parfait pour les professionnels de l&#8217;entretien des espaces verts, les paysagistes et les autorit\u00e9s municipales afin de nettoyer efficacement les <strong>grandes surfaces<\/strong> telles que les parcs, les pelouses, les chemins et les routes. Gr\u00e2ce \u00e0 sa <strong>puissance de soufflage extr\u00eamement puissante allant jusqu&#8217;\u00e0 35 N<\/strong>, il peut \u00e9galement \u00e9liminer rapidement les <strong>feuilles humides et lourdes<\/strong>, les tontes de gazon, les tailles de haies ou les d\u00e9chets. De plus, la puissance de soufflage du BRA 600 <strong>reste constante pendant toute sa dur\u00e9e de vie<\/strong>, sans aucune baisse en cours d&#8217;utilisation.  <\/p>\n<p>Gr\u00e2ce au <strong>syst\u00e8me de r\u00e9duction du bruit de STIHL<\/strong>, la BRA 600 fonctionne de mani\u00e8re particuli\u00e8rement <strong>silencieuse<\/strong>, ce qui la rend id\u00e9ale pour une utilisation dans des <strong>environnements sensibles au bruit.<\/strong> La r\u00e9duction des hautes fr\u00e9quences contribue \u00e9galement \u00e0 un son plus agr\u00e9able. <\/p>\n<p>Le <strong>moteur EC haute performance<\/strong>, pratiquement sans usure, garantit un fonctionnement souple et de faibles vibrations. L&#8217;\u00e9nergie n\u00e9cessaire \u00e0 sa puissance \u00e9lev\u00e9e est fournie par <strong>2 batteries STIHL AP<\/strong>. Pour une gestion optimale de l&#8217;\u00e9nergie, vous pouvez r\u00e9gler la puissance via l&#8217;<strong>unit\u00e9 de commande num\u00e9rique<\/strong> sur la poign\u00e9e multifonction \u00e0 une main, en choisissant parmi <strong>4 niveaux pr\u00e9d\u00e9finis<\/strong> (niveaux 1-3 et mode Boost continu). L&#8217;\u00e9cran affiche \u00e9galement des informations utiles comme le <strong>niveau de charge de la batterie<\/strong>.<\/p>\n<p>Le BRA 600 est \u00e9quip\u00e9 de s\u00e9rie du syst\u00e8me <strong>connect\u00e9 STIHL<\/strong>, qui permet par exemple d&#8217;activer le <strong>mode \u00e9conomie d&#8217;\u00e9nergie<\/strong> via une appli pour un travail moins p\u00e9nible, et d&#8217;augmenter ainsi consid\u00e9rablement l&#8217;autonomie.<\/p>\n<p>Le <strong>tube de soufflage rapidement r\u00e9glable<\/strong> peut \u00eatre raccourci en quelques secondes pour travailler dans des espaces restreints, puis rallong\u00e9 tout aussi facilement. Le poids du souffleur professionnel est r\u00e9parti uniform\u00e9ment et confortablement sur le dos gr\u00e2ce au <strong>syst\u00e8me de portage ergonomique<\/strong> avec <strong>bretelles<\/strong> <strong>en S<\/strong> et <strong>Ceinture<\/strong>. <\/p>\n<p>Pour une <strong>performance maximale<\/strong>, il est recommand\u00e9 d&#8217;utiliser <strong>2 batteries STIHL AP 500 S<\/strong>. Pour les travaux moins exigeants, tu peux aussi utiliser <strong>2 batteries STIHL AP 200 \/ AP 200 S<\/strong> ou <strong>2 batteries STIHL AP 300 \/ AP 300 S.<\/strong> <\/p>\n<p>Dans notre <strong>aper\u00e7u des dur\u00e9es de fonctionnement et de chargement des batteries STIHL<\/strong>, tu peux voir combien <strong>de temps tu peux travailler avec ton souffleur sans fil STIHL BRA 600<\/strong> et <strong>combien de temps les batteries mettent \u00e0 se recharger<\/strong>.<\/p>\n<p>Toutes les machines sans fil <strong>STIHL AP<\/strong> sont con\u00e7ues pour une utilisation professionnelle r\u00e9guli\u00e8re, m\u00eame dans des conditions m\u00e9t\u00e9orologiques difficiles. C&#8217;est pourquoi elles sont \u00e9quip\u00e9es d&#8217;une <strong>protection contre les projections d&#8217;eau<\/strong>, test\u00e9e selon des normes internes strictes. Le test est notamment bas\u00e9 sur la <strong>norme IPX4<\/strong>. Pour la BRA 600, cette protection a \u00e9t\u00e9 <strong>officiellement certifi\u00e9e IPX4<\/strong>.   <\/p>\n<\/div>\n<p>&nbsp;<\/p>\n<p>Set compos\u00e9 de :<\/p>\n<p>1 Souffleur dorsal STIHL BR 600<\/p>\n<p>2 piles AP 500 S<\/p>\n<p>1 Chargeur rapide AL 501<\/p>\n","protected":false},"excerpt":{"rendered":"<p>Puissance de soufflage exceptionnelle pour un nettoyage silencieux et efficace. Le puissant souffleur \u00e0 batterie \u00e0 conducteur marchant STIHL BRA<\/p>\n","protected":false},"featured_media":616256,"template":"","meta":{"_seopress_robots_primary_cat":"none","_seopress_titles_title":"","_seopress_titles_desc":"","_seopress_robots_index":""},"product_brand":[3366],"product_cat":[29,485,489],"product_tag":[],"class_list":{"0":"post-616757","1":"product","2":"type-product","3":"status-publish","4":"has-post-thumbnail","6":"product_brand-stihl","7":"product_cat-macchinari","8":"product_cat-soffiatori-e-aspiratori","9":"product_cat-soffiatori-a-batteria","11":"first","12":"instock","13":"sale","14":"shipping-taxable","15":"purchasable","16":"product-type-simple"},"_links":{"self":[{"href":"https:\/\/lucacastelli.com\/fr\/wp-json\/wp\/v2\/product\/616757","targetHints":{"allow":["GET"]}}],"collection":[{"href":"https:\/\/lucacastelli.com\/fr\/wp-json\/wp\/v2\/product"}],"about":[{"href":"https:\/\/lucacastelli.com\/fr\/wp-json\/wp\/v2\/types\/product"}],"wp:featuredmedia":[{"embeddable":true,"href":"https:\/\/lucacastelli.com\/fr\/wp-json\/wp\/v2\/media\/616256"}],"wp:attachment":[{"href":"https:\/\/lucacastelli.com\/fr\/wp-json\/wp\/v2\/media?parent=616757"}],"wp:term":[{"taxonomy":"product_brand","embeddable":true,"href":"https:\/\/lucacastelli.com\/fr\/wp-json\/wp\/v2\/product_brand?post=616757"},{"taxonomy":"product_cat","embeddable":true,"href":"https:\/\/lucacastelli.com\/fr\/wp-json\/wp\/v2\/product_cat?post=616757"},{"taxonomy":"product_tag","embeddable":true,"href":"https:\/\/lucacastelli.com\/fr\/wp-json\/wp\/v2\/product_tag?post=616757"}],"curies":[{"name":"wp","href":"https:\/\/api.w.org\/{rel}","templated":true}]}}