{"id":616711,"date":"2025-08-18T15:16:32","date_gmt":"2025-08-18T13:16:32","guid":{"rendered":"https:\/\/lucacastelli.com\/prodotto\/gilet-pfanner-wooltec\/"},"modified":"2026-04-14T13:12:48","modified_gmt":"2026-04-14T11:12:48","slug":"gilet-pfanner-wooltec","status":"publish","type":"product","link":"https:\/\/lucacastelli.com\/fr\/produit\/gilet-pfanner-wooltec\/","title":{"rendered":"PFANNER Wooltec Gilet"},"content":{"rendered":"<p>L\u2019alternative sans manches \u00e0 la veste, confectionn\u00e9e en 100 % laine m\u00e9rinos. Le gilet offre d\u2019excellentes propri\u00e9t\u00e9s isolantes, des renforts hydrofuges sur les \u00e9paules et un E-Blocker int\u00e9gr\u00e9 au niveau de la poitrine pour d\u00e9tourner les rayonnements des t\u00e9l\u00e9phones portables du corps. Cette laine n\u2019absorbe pas les odeurs et ne gratte pas la peau. La fermeture \u00e9clair est \u00e9galement dot\u00e9e d\u2019une protection pour le menton afin d\u2019\u00e9viter les frottements.<br \/>\n&#8211; Laine m\u00e9rinos de haute qualit\u00e9<br \/>\n&#8211; N\u2019absorbe pas les odeurs<br \/>\n&#8211; Renforts hydrofuges sur les \u00e9paules et les coudes Silencieux<br \/>\n&#8211; 100 % sans membrane<br \/>\n&#8211; Poche de poitrine avec E-Blocker   <\/p>\n<p>&nbsp;<\/p>\n<p>&nbsp;<\/p>\n<p>Mat\u00e9riau :<br \/>\nTissu ext\u00e9rieur : 100 % laine m\u00e9rinos<br \/>\nDoublure : 100 % polyamide<\/p>\n","protected":false},"excerpt":{"rendered":"<p>L\u2019alternative sans manches \u00e0 la veste, confectionn\u00e9e en 100 % laine m\u00e9rinos. Le gilet offre d\u2019excellentes propri\u00e9t\u00e9s isolantes, des renforts<\/p>\n","protected":false},"featured_media":616086,"template":"","meta":{"_seopress_robots_primary_cat":"none","_seopress_titles_title":"","_seopress_titles_desc":"","_seopress_robots_index":""},"product_brand":[3458],"product_cat":[21,189,190],"product_tag":[],"class_list":{"0":"post-616711","1":"product","2":"type-product","3":"status-publish","4":"has-post-thumbnail","6":"product_brand-pfanner","7":"product_cat-abbigliamento","8":"product_cat-abbigliamento-per-il-tempo-libero","9":"product_cat-abbigliamento-da-uomo","10":"sws-gruppo-no-gruppo-fr","11":"sws-conto-ricavi-merci-rivendita-abbigliamento-fr","12":"sws-gruppo-iva-iva81-fr","14":"first","15":"instock","16":"shipping-taxable","17":"purchasable","18":"product-type-variable","19":"has-default-attributes"},"_links":{"self":[{"href":"https:\/\/lucacastelli.com\/fr\/wp-json\/wp\/v2\/product\/616711","targetHints":{"allow":["GET"]}}],"collection":[{"href":"https:\/\/lucacastelli.com\/fr\/wp-json\/wp\/v2\/product"}],"about":[{"href":"https:\/\/lucacastelli.com\/fr\/wp-json\/wp\/v2\/types\/product"}],"wp:featuredmedia":[{"embeddable":true,"href":"https:\/\/lucacastelli.com\/fr\/wp-json\/wp\/v2\/media\/616086"}],"wp:attachment":[{"href":"https:\/\/lucacastelli.com\/fr\/wp-json\/wp\/v2\/media?parent=616711"}],"wp:term":[{"taxonomy":"product_brand","embeddable":true,"href":"https:\/\/lucacastelli.com\/fr\/wp-json\/wp\/v2\/product_brand?post=616711"},{"taxonomy":"product_cat","embeddable":true,"href":"https:\/\/lucacastelli.com\/fr\/wp-json\/wp\/v2\/product_cat?post=616711"},{"taxonomy":"product_tag","embeddable":true,"href":"https:\/\/lucacastelli.com\/fr\/wp-json\/wp\/v2\/product_tag?post=616711"}],"curies":[{"name":"wp","href":"https:\/\/api.w.org\/{rel}","templated":true}]}}