{"id":616666,"date":"2025-08-18T14:12:24","date_gmt":"2025-08-18T12:12:24","guid":{"rendered":"https:\/\/lucacastelli.com\/prodotto\/pfanner-nachsuchejacke-gladiator\/"},"modified":"2026-04-14T13:13:41","modified_gmt":"2026-04-14T11:13:41","slug":"pfanner-nachsuchejacke-gladiator","status":"publish","type":"product","link":"https:\/\/lucacastelli.com\/fr\/produit\/pfanner-nachsuchejacke-gladiator\/","title":{"rendered":"PFANNER Veste de recherche Gladiator\u00ae"},"content":{"rendered":"<p>Lors de la recherche, il est souvent n\u00e9cessaire d&#8217;agir rapidement et une veste doit r\u00e9sister \u00e0 tout. La veste de recherche Gladiator\u00ae est dot\u00e9e d&#8217;un tissu ext\u00e9rieur extr\u00eamement r\u00e9sistant aux d\u00e9chirures, qui rend les \u00e9pines imperceptibles. Les technologies StretchAIR\u00ae et Klima AIR\u00ae garantissent respirabilit\u00e9 et libert\u00e9 de mouvement maximale, augmentant le confort.<br \/>\nLa ventilation suppl\u00e9mentaire dans la zone dorsale \u00e9vite l&#8217;effondrement d\u00fb \u00e0 la surchauffe. Le col haut emp\u00eache les aiguilles de pin et autres salet\u00e9s de p\u00e9n\u00e9trer dans la veste. Le syst\u00e8me de poches Zipp2Zipp\u00ae avec \u0153illet pour le retrait de la bande de signalisation et les bandes r\u00e9fl\u00e9chissantes garantissent la visibilit\u00e9 dans le sous-bois.<br \/>\n-Syst\u00e8me de poches Zipp2Zipp\u00ae<br \/>\n-Fermeture \u00e9clair lat\u00e9rale pour un acc\u00e8s rapide aux armes<br \/>\n-Tissu ext\u00e9rieur extr\u00eamement r\u00e9sistant aux \u00e9pines et aux d\u00e9chirures<br \/>\n-Membrane Sympatex pour une zone poitrine et \u00e9paules imperm\u00e9able<br \/>\n-Fentes de ventilation de 50 cm dans la zone des aisselles<br \/>\n-Poche spacieuse pour lapins<br \/>\n-Col haut<br \/>\n-Ventilation r\u00e9glable dans la zone dorsale    <\/p>\n<p>&nbsp;<\/p>\n<p>Mat\u00e9riau :<br \/>\nMat\u00e9riau ext\u00e9rieur 1 : 83 % EME-Lycra, 17 % polyester T-400<br \/>\nTissu extensible : 92 % polyamide, 8 % \u00e9lasthanne<br \/>\nMat\u00e9riau ext\u00e9rieur 2 : 100 % polyamide Cordura<br \/>\nDoublure : 100 % polyester (volume : 95 % air et 5 % polyester)<\/p>\n","protected":false},"excerpt":{"rendered":"<p>Lors de la recherche, il est souvent n\u00e9cessaire d&#8217;agir rapidement et une veste doit r\u00e9sister \u00e0 tout. La veste de<\/p>\n","protected":false},"featured_media":616039,"template":"","meta":{"_seopress_robots_primary_cat":"none","_seopress_titles_title":"","_seopress_titles_desc":"","_seopress_robots_index":""},"product_brand":[3458],"product_cat":[21,189,190],"product_tag":[],"class_list":{"0":"post-616666","1":"product","2":"type-product","3":"status-publish","4":"has-post-thumbnail","6":"product_brand-pfanner","7":"product_cat-abbigliamento","8":"product_cat-abbigliamento-per-il-tempo-libero","9":"product_cat-abbigliamento-da-uomo","10":"sws-gruppo-no-gruppo-fr","11":"sws-categoria-sito-fr","12":"sws-conto-ricavi-merci-rivendita-abbigliamento-fr","13":"sws-gruppo-iva-iva81-fr","15":"first","16":"instock","17":"shipping-taxable","18":"purchasable","19":"product-type-variable","20":"has-default-attributes"},"_links":{"self":[{"href":"https:\/\/lucacastelli.com\/fr\/wp-json\/wp\/v2\/product\/616666","targetHints":{"allow":["GET"]}}],"collection":[{"href":"https:\/\/lucacastelli.com\/fr\/wp-json\/wp\/v2\/product"}],"about":[{"href":"https:\/\/lucacastelli.com\/fr\/wp-json\/wp\/v2\/types\/product"}],"wp:featuredmedia":[{"embeddable":true,"href":"https:\/\/lucacastelli.com\/fr\/wp-json\/wp\/v2\/media\/616039"}],"wp:attachment":[{"href":"https:\/\/lucacastelli.com\/fr\/wp-json\/wp\/v2\/media?parent=616666"}],"wp:term":[{"taxonomy":"product_brand","embeddable":true,"href":"https:\/\/lucacastelli.com\/fr\/wp-json\/wp\/v2\/product_brand?post=616666"},{"taxonomy":"product_cat","embeddable":true,"href":"https:\/\/lucacastelli.com\/fr\/wp-json\/wp\/v2\/product_cat?post=616666"},{"taxonomy":"product_tag","embeddable":true,"href":"https:\/\/lucacastelli.com\/fr\/wp-json\/wp\/v2\/product_tag?post=616666"}],"curies":[{"name":"wp","href":"https:\/\/api.w.org\/{rel}","templated":true}]}}