{"id":616655,"date":"2025-08-18T14:01:14","date_gmt":"2025-08-18T12:01:14","guid":{"rendered":"https:\/\/lucacastelli.com\/prodotto\/pfanner-uberwurfweste-6\/"},"modified":"2025-08-18T14:01:14","modified_gmt":"2025-08-18T12:01:14","slug":"pfanner-uberwurfweste-6","status":"publish","type":"product","link":"https:\/\/lucacastelli.com\/fr\/produit\/pfanner-uberwurfweste-6\/","title":{"rendered":"Pfanner \u00dcberwurfweste"},"content":{"rendered":"<p>Le gilet de signalisation Zipp2Zipp\u00ae est le compagnon id\u00e9al des organisations d&#8217;urgence qui privil\u00e9gient la fonctionnalit\u00e9 et le confort. Les poches de poitrine et les boucles pour les boutons de transmission \u00e0 droite et \u00e0 gauche garantissent une utilisation pratique des deux c\u00f4t\u00e9s. Gr\u00e2ce au nouveau syst\u00e8me Zipp4Fit\u00ae, la Veste peut \u00eatre facilement \u00e9tendue \u00e0 presque toutes les tailles. Trois fermetures \u00e9clair permettent de l&#8217;ajuster \u00e0 20 largeurs diff\u00e9rentes. La poche de poitrine Zipp2Zipp\u00ae offre de la place pour tous les appareils radio portables. Attribution rapide des fonctions gr\u00e2ce au syst\u00e8me de gilet d&#8217;identification bien pens\u00e9. Il y a des bandes velcro \u00e0 l&#8217;avant et \u00e0 l&#8217;arri\u00e8re pour fixer le nom brod\u00e9 et les \u00e9tiquettes fonctionnelles. Tu peux personnaliser les \u00e9tiquettes fonctionnelles avec des lettres de diff\u00e9rentes couleurs. Encolure extra profonde, qui permet de porter facilement le gilet par-dessus tous les casques (en particulier les casques de pompiers).<br \/>\n&#8211; Poches de poitrine Zipp2Zipp\u00ae<br \/>\n&#8211; Bande velcro pour l&#8217;embl\u00e8me du nom brod\u00e9<br \/>\n&#8211; Bande velcro avant\/arri\u00e8re pour les \u00e9tiquettes fonctionnelles<br \/>\n&#8211; Large encolure, s&#8217;adapte \u00e0 tous les casques de s\u00e9curit\u00e9<br \/>\n&#8211; Ajustement lat\u00e9ral de la taille gr\u00e2ce \u00e0 la fermeture \u00e9clair Zipp4Fit\u00ae de S \u00e0 8XL<br \/>\n&#8211; Unisexe.        <\/p>\n<p>Mati\u00e8re : 100 % polyester<\/p>\n","protected":false},"excerpt":{"rendered":"<p>Le gilet de signalisation Zipp2Zipp\u00ae est le compagnon id\u00e9al des organisations d&#8217;urgence qui privil\u00e9gient la fonctionnalit\u00e9 et le confort. Les<\/p>\n","protected":false},"featured_media":616010,"template":"","meta":{"_seopress_robots_primary_cat":"none","_seopress_titles_title":"","_seopress_titles_desc":"","_seopress_robots_index":""},"product_brand":[3458],"product_cat":[21,284],"product_tag":[],"class_list":{"0":"post-616655","1":"product","2":"type-product","3":"status-publish","4":"has-post-thumbnail","6":"product_brand-pfanner","7":"product_cat-abbigliamento","8":"product_cat-abbigliamento-da-lavoro","9":"sws-gruppo-no-gruppo","10":"sws-conto-ricavi-merci-rivendita-abbigliamento","11":"sws-gruppo-iva-iva81","13":"first","14":"instock","15":"shipping-taxable","16":"purchasable","17":"product-type-variable","18":"has-default-attributes"},"_links":{"self":[{"href":"https:\/\/lucacastelli.com\/fr\/wp-json\/wp\/v2\/product\/616655","targetHints":{"allow":["GET"]}}],"collection":[{"href":"https:\/\/lucacastelli.com\/fr\/wp-json\/wp\/v2\/product"}],"about":[{"href":"https:\/\/lucacastelli.com\/fr\/wp-json\/wp\/v2\/types\/product"}],"wp:featuredmedia":[{"embeddable":true,"href":"https:\/\/lucacastelli.com\/fr\/wp-json\/wp\/v2\/media\/616010"}],"wp:attachment":[{"href":"https:\/\/lucacastelli.com\/fr\/wp-json\/wp\/v2\/media?parent=616655"}],"wp:term":[{"taxonomy":"product_brand","embeddable":true,"href":"https:\/\/lucacastelli.com\/fr\/wp-json\/wp\/v2\/product_brand?post=616655"},{"taxonomy":"product_cat","embeddable":true,"href":"https:\/\/lucacastelli.com\/fr\/wp-json\/wp\/v2\/product_cat?post=616655"},{"taxonomy":"product_tag","embeddable":true,"href":"https:\/\/lucacastelli.com\/fr\/wp-json\/wp\/v2\/product_tag?post=616655"}],"curies":[{"name":"wp","href":"https:\/\/api.w.org\/{rel}","templated":true}]}}