{"id":616630,"date":"2025-08-18T14:01:05","date_gmt":"2025-08-18T12:01:05","guid":{"rendered":"https:\/\/lucacastelli.com\/prodotto\/pfanner-uberwurfweste-2\/"},"modified":"2026-04-14T13:23:52","modified_gmt":"2026-04-14T11:23:52","slug":"pfanner-uberwurfweste-2","status":"publish","type":"product","link":"https:\/\/lucacastelli.com\/fr\/produit\/pfanner-uberwurfweste-2\/","title":{"rendered":"Gilet de signalisation PFANNER"},"content":{"rendered":"<p>Le gilet de signalisation Zipp2Zipp\u00ae est le compagnon id\u00e9al pour les services d\u2019urgence misant sur la fonctionnalit\u00e9 et le confort. Des poches de poitrine et des passants pour boutons de transmission \u00e0 droite et \u00e0 gauche garantissent une utilisation pratique des deux c\u00f4t\u00e9s. Gr\u00e2ce au nouveau syst\u00e8me Zipp4Fit\u00ae, la veste peut \u00eatre facilement ajust\u00e9e \u00e0 presque toutes les tailles. Trois fermetures \u00e9clair permettent de r\u00e9gler 20 largeurs diff\u00e9rentes. La poche de poitrine Zipp2Zipp\u00ae offre de l\u2019espace pour tous les appareils radio portables. Attribution rapide des fonctions gr\u00e2ce au syst\u00e8me bien pens\u00e9 du gilet d\u2019identification. Des bandes velcro sont pr\u00e9sentes \u00e0 l\u2019avant et \u00e0 l\u2019arri\u00e8re pour fixer le nom brod\u00e9 et les \u00e9tiquettes de fonction. Il est possible de personnaliser les \u00e9tiquettes de fonction avec des inscriptions de diff\u00e9rentes couleurs. Encolure extra profonde, permettant de porter facilement le gilet par-dessus tous les casques (en particulier ceux des pompiers).<br \/>\n&#8211; Poches de poitrine Zipp2Zipp\u00ae<br \/>\n&#8211; Bande velcro pour embl\u00e8me avec nom brod\u00e9<br \/>\n&#8211; Bande velcro avant\/arri\u00e8re pour plaques d\u2019identification<br \/>\n&#8211; Large encolure, s\u2019adapte \u00e0 tous les casques de protection<br \/>\n&#8211; R\u00e9glage lat\u00e9ral de la taille par fermeture \u00e9clair Zipp4Fit\u00ae de S \u00e0 8XL<br \/>\n&#8211; Unisexe        <\/p>\n<p>Mati\u00e8re : 100 % polyester<\/p>\n","protected":false},"excerpt":{"rendered":"<p>Le gilet de signalisation Zipp2Zipp\u00ae est le compagnon id\u00e9al pour les services d\u2019urgence misant sur la fonctionnalit\u00e9 et le confort.<\/p>\n","protected":false},"featured_media":616002,"template":"","meta":{"_seopress_robots_primary_cat":"none","_seopress_titles_title":"","_seopress_titles_desc":"","_seopress_robots_index":""},"product_brand":[3458],"product_cat":[21,284],"product_tag":[],"class_list":{"0":"post-616630","1":"product","2":"type-product","3":"status-publish","4":"has-post-thumbnail","6":"product_brand-pfanner","7":"product_cat-abbigliamento","8":"product_cat-abbigliamento-da-lavoro","9":"sws-gruppo-no-gruppo-fr","10":"sws-conto-ricavi-merci-rivendita-abbigliamento-fr","11":"sws-gruppo-iva-iva81-fr","13":"first","14":"instock","15":"shipping-taxable","16":"purchasable","17":"product-type-variable","18":"has-default-attributes"},"_links":{"self":[{"href":"https:\/\/lucacastelli.com\/fr\/wp-json\/wp\/v2\/product\/616630","targetHints":{"allow":["GET"]}}],"collection":[{"href":"https:\/\/lucacastelli.com\/fr\/wp-json\/wp\/v2\/product"}],"about":[{"href":"https:\/\/lucacastelli.com\/fr\/wp-json\/wp\/v2\/types\/product"}],"wp:featuredmedia":[{"embeddable":true,"href":"https:\/\/lucacastelli.com\/fr\/wp-json\/wp\/v2\/media\/616002"}],"wp:attachment":[{"href":"https:\/\/lucacastelli.com\/fr\/wp-json\/wp\/v2\/media?parent=616630"}],"wp:term":[{"taxonomy":"product_brand","embeddable":true,"href":"https:\/\/lucacastelli.com\/fr\/wp-json\/wp\/v2\/product_brand?post=616630"},{"taxonomy":"product_cat","embeddable":true,"href":"https:\/\/lucacastelli.com\/fr\/wp-json\/wp\/v2\/product_cat?post=616630"},{"taxonomy":"product_tag","embeddable":true,"href":"https:\/\/lucacastelli.com\/fr\/wp-json\/wp\/v2\/product_tag?post=616630"}],"curies":[{"name":"wp","href":"https:\/\/api.w.org\/{rel}","templated":true}]}}