{"id":616626,"date":"2025-08-18T13:59:57","date_gmt":"2025-08-18T11:59:57","guid":{"rendered":"https:\/\/lucacastelli.com\/prodotto\/pfanner-uberwurfweste\/"},"modified":"2026-04-14T13:22:55","modified_gmt":"2026-04-14T11:22:55","slug":"pfanner-uberwurfweste","status":"publish","type":"product","link":"https:\/\/lucacastelli.com\/fr\/produit\/pfanner-uberwurfweste\/","title":{"rendered":"Gilet de signalisation PFANNER"},"content":{"rendered":"<p>Le gilet de signalisation Zipp2Zipp\u00ae est le compagnon id\u00e9al pour les organisations d&#8217;urgence qui misent sur la fonctionnalit\u00e9 et le confort. Des poches poitrine et des passants pour boutons de transmission \u00e0 droite et \u00e0 gauche garantissent une utilisation pratique des deux c\u00f4t\u00e9s. Avec le nouveau syst\u00e8me Zipp4Fit\u00ae, le gilet peut \u00eatre facilement ajust\u00e9 \u00e0 presque toutes les tailles. Trois fermetures \u00e9clair permettent de r\u00e9gler 20 largeurs diff\u00e9rentes. La poche poitrine Zipp2Zipp\u00ae offre de l&#8217;espace pour tous les appareils radio portables. Attribution rapide des fonctions gr\u00e2ce au syst\u00e8me ing\u00e9nieux du gilet d&#8217;identification. Sur la partie avant et arri\u00e8re se trouvent des bandes velcro pour fixer le nom brod\u00e9 et les \u00e9tiquettes fonctionnelles. Il est possible de personnaliser les \u00e9tiquettes fonctionnelles avec des inscriptions en diff\u00e9rentes couleurs. Encolure extra profonde, qui permet de porter le gilet facilement par-dessus tous les casques (en particulier ceux des pompiers).<br \/>\n&#8211; Poches poitrine Zipp2Zipp\u00ae<br \/>\n&#8211; Bande velcro pour embl\u00e8me avec nom brod\u00e9<br \/>\n&#8211; Bande velcro avant\/arri\u00e8re pour \u00e9tiquettes d&#8217;identification<br \/>\n&#8211; Large encolure, s&#8217;adapte \u00e0 tous les casques de protection<br \/>\n&#8211; Ajustement lat\u00e9ral de la taille par fermeture \u00e9clair Zipp4Fit\u00ae de S \u00e0 8XL<br \/>\n&#8211; Unisexe        <\/p>\n<p>Mati\u00e8re : 100 % polyester<\/p>\n","protected":false},"excerpt":{"rendered":"<p>Le gilet de signalisation Zipp2Zipp\u00ae est le compagnon id\u00e9al pour les organisations d&#8217;urgence qui misent sur la fonctionnalit\u00e9 et le<\/p>\n","protected":false},"featured_media":615983,"template":"","meta":{"_seopress_robots_primary_cat":"","_seopress_titles_title":"","_seopress_titles_desc":"","_seopress_robots_index":""},"product_brand":[3458],"product_cat":[21,284],"product_tag":[],"class_list":{"0":"post-616626","1":"product","2":"type-product","3":"status-publish","4":"has-post-thumbnail","6":"product_brand-pfanner","7":"product_cat-abbigliamento","8":"product_cat-abbigliamento-da-lavoro","9":"sws-gruppo-no-gruppo-fr","10":"sws-conto-ricavi-merci-rivendita-abbigliamento-fr","11":"sws-gruppo-iva-iva81-fr","13":"first","14":"instock","15":"shipping-taxable","16":"purchasable","17":"product-type-variable","18":"has-default-attributes"},"_links":{"self":[{"href":"https:\/\/lucacastelli.com\/fr\/wp-json\/wp\/v2\/product\/616626","targetHints":{"allow":["GET"]}}],"collection":[{"href":"https:\/\/lucacastelli.com\/fr\/wp-json\/wp\/v2\/product"}],"about":[{"href":"https:\/\/lucacastelli.com\/fr\/wp-json\/wp\/v2\/types\/product"}],"wp:featuredmedia":[{"embeddable":true,"href":"https:\/\/lucacastelli.com\/fr\/wp-json\/wp\/v2\/media\/615983"}],"wp:attachment":[{"href":"https:\/\/lucacastelli.com\/fr\/wp-json\/wp\/v2\/media?parent=616626"}],"wp:term":[{"taxonomy":"product_brand","embeddable":true,"href":"https:\/\/lucacastelli.com\/fr\/wp-json\/wp\/v2\/product_brand?post=616626"},{"taxonomy":"product_cat","embeddable":true,"href":"https:\/\/lucacastelli.com\/fr\/wp-json\/wp\/v2\/product_cat?post=616626"},{"taxonomy":"product_tag","embeddable":true,"href":"https:\/\/lucacastelli.com\/fr\/wp-json\/wp\/v2\/product_tag?post=616626"}],"curies":[{"name":"wp","href":"https:\/\/api.w.org\/{rel}","templated":true}]}}