{"id":616608,"date":"2025-08-18T07:27:35","date_gmt":"2025-08-18T05:27:35","guid":{"rendered":"https:\/\/lucacastelli.com\/prodotto\/pantalon-anti-coupures-tapio-protect-avec-protection-contre-les-coupures\/"},"modified":"2025-09-07T00:09:36","modified_gmt":"2025-09-06T22:09:36","slug":"pantalon-anti-coupures-tapio-protect-avec-protection-contre-les-coupures","status":"publish","type":"product","link":"https:\/\/lucacastelli.com\/fr\/produit\/pantalon-anti-coupures-tapio-protect-avec-protection-contre-les-coupures\/","title":{"rendered":"Pantalon anti-coupures Tapio Protect avec protection contre les coupures."},"content":{"rendered":"<p>-Mati\u00e8res : 68% polyester \/ 32% polyamide, environ 345 g\/m\u00b2 ; 89% polyester \/ 11% \u00e9lasthanne, env. 250 g\/m\u00b2<br \/>\n-Bandes r\u00e9fl\u00e9chissantes segment\u00e9es et \u00e9lastiques pour plus de confort<br \/>\n-Confortable \u00e0 porter gr\u00e2ce au tissu extensible respirant dans le dos<br \/>\n-Inserts en Kevlar\u00ae au niveau des genoux<br \/>\n-Zips de ventilation<br \/>\n-2 poches avant, 1 poche arri\u00e8re<br \/>\n-Poche lat\u00e9rale et poche pour m\u00e8tre avec compartiments pour stylos<br \/>\n-Passages pour bretelles<br \/>\n-Certifi\u00e9 selon la norme EN ISO 11393-2 :2019, classe 1<br \/>\n-Visibilit\u00e9 classe 2<\/p>\n","protected":false},"excerpt":{"rendered":"<p>-Mati\u00e8res : 68% polyester \/ 32% polyamide, environ 345 g\/m\u00b2 ; 89% polyester \/ 11% \u00e9lasthanne, env. 250 g\/m\u00b2 -Bandes<\/p>\n","protected":false},"featured_media":615480,"template":"","meta":{"_seopress_robots_primary_cat":"","_seopress_titles_title":"","_seopress_titles_desc":"","_seopress_robots_index":""},"product_brand":[4705],"product_cat":[81,1381],"product_tag":[5805],"class_list":{"0":"post-616608","1":"product","2":"type-product","3":"status-publish","4":"has-post-thumbnail","6":"product_brand-tapio-fr","7":"product_cat-vetements","8":"product_cat-vetements-de-travail","9":"product_tag-lucerne2025","10":"sws-gruppo-abb-libero-fr","11":"sws-conto-ricavi-merci-rivendita-abbigliamento-fr","12":"sws-gruppo-iva-iva81-fr","14":"first","15":"instock","16":"shipping-taxable","17":"purchasable","18":"product-type-variable","19":"has-default-attributes"},"_links":{"self":[{"href":"https:\/\/lucacastelli.com\/fr\/wp-json\/wp\/v2\/product\/616608","targetHints":{"allow":["GET"]}}],"collection":[{"href":"https:\/\/lucacastelli.com\/fr\/wp-json\/wp\/v2\/product"}],"about":[{"href":"https:\/\/lucacastelli.com\/fr\/wp-json\/wp\/v2\/types\/product"}],"wp:featuredmedia":[{"embeddable":true,"href":"https:\/\/lucacastelli.com\/fr\/wp-json\/wp\/v2\/media\/615480"}],"wp:attachment":[{"href":"https:\/\/lucacastelli.com\/fr\/wp-json\/wp\/v2\/media?parent=616608"}],"wp:term":[{"taxonomy":"product_brand","embeddable":true,"href":"https:\/\/lucacastelli.com\/fr\/wp-json\/wp\/v2\/product_brand?post=616608"},{"taxonomy":"product_cat","embeddable":true,"href":"https:\/\/lucacastelli.com\/fr\/wp-json\/wp\/v2\/product_cat?post=616608"},{"taxonomy":"product_tag","embeddable":true,"href":"https:\/\/lucacastelli.com\/fr\/wp-json\/wp\/v2\/product_tag?post=616608"}],"curies":[{"name":"wp","href":"https:\/\/api.w.org\/{rel}","templated":true}]}}