{"id":616576,"date":"2025-08-18T07:41:32","date_gmt":"2025-08-18T05:41:32","guid":{"rendered":"https:\/\/lucacastelli.com\/prodotto\/tapio-protect-leggings-avec-protection-contre-les-coupures\/"},"modified":"2025-09-07T00:09:35","modified_gmt":"2025-09-06T22:09:35","slug":"tapio-protect-leggings-avec-protection-contre-les-coupures","status":"publish","type":"product","link":"https:\/\/lucacastelli.com\/fr\/produit\/tapio-protect-leggings-avec-protection-contre-les-coupures\/","title":{"rendered":"Tapio PROTECT leggings avec protection contre les coupures"},"content":{"rendered":"<p>Propri\u00e9t\u00e9s<\/p>\n<p>&#8211; Mati\u00e8re : 50% coton \/ 50% polyester, environ 300 g\/m\u00b2<\/p>\n<p>&#8211; Inserts en Kevlar\u00ae pr\u00e9form\u00e9s et tr\u00e8s r\u00e9sistants au niveau des genoux<\/p>\n<p>&#8211; Classe de protection 2<\/p>\n","protected":false},"excerpt":{"rendered":"<p>Propri\u00e9t\u00e9s &#8211; Mati\u00e8re : 50% coton \/ 50% polyester, environ 300 g\/m\u00b2 &#8211; Inserts en Kevlar\u00ae pr\u00e9form\u00e9s et tr\u00e8s r\u00e9sistants<\/p>\n","protected":false},"featured_media":615558,"template":"","meta":{"_seopress_robots_primary_cat":"none","_seopress_titles_title":"","_seopress_titles_desc":"","_seopress_robots_index":""},"product_brand":[4394],"product_cat":[21,284],"product_tag":[5803],"class_list":{"0":"post-616576","1":"product","2":"type-product","3":"status-publish","4":"has-post-thumbnail","6":"product_brand-tapio","7":"product_cat-abbigliamento","8":"product_cat-abbigliamento-da-lavoro","9":"product_tag-lucerna2025","10":"sws-gruppo-abb-libero-fr","11":"sws-conto-ricavi-merci-rivendita-abbigliamento-fr","12":"sws-gruppo-iva-iva81-fr","14":"first","15":"instock","16":"shipping-taxable","17":"purchasable","18":"product-type-variable","19":"has-default-attributes"},"_links":{"self":[{"href":"https:\/\/lucacastelli.com\/fr\/wp-json\/wp\/v2\/product\/616576","targetHints":{"allow":["GET"]}}],"collection":[{"href":"https:\/\/lucacastelli.com\/fr\/wp-json\/wp\/v2\/product"}],"about":[{"href":"https:\/\/lucacastelli.com\/fr\/wp-json\/wp\/v2\/types\/product"}],"wp:featuredmedia":[{"embeddable":true,"href":"https:\/\/lucacastelli.com\/fr\/wp-json\/wp\/v2\/media\/615558"}],"wp:attachment":[{"href":"https:\/\/lucacastelli.com\/fr\/wp-json\/wp\/v2\/media?parent=616576"}],"wp:term":[{"taxonomy":"product_brand","embeddable":true,"href":"https:\/\/lucacastelli.com\/fr\/wp-json\/wp\/v2\/product_brand?post=616576"},{"taxonomy":"product_cat","embeddable":true,"href":"https:\/\/lucacastelli.com\/fr\/wp-json\/wp\/v2\/product_cat?post=616576"},{"taxonomy":"product_tag","embeddable":true,"href":"https:\/\/lucacastelli.com\/fr\/wp-json\/wp\/v2\/product_tag?post=616576"}],"curies":[{"name":"wp","href":"https:\/\/api.w.org\/{rel}","templated":true}]}}