{"id":616462,"date":"2025-08-18T06:57:04","date_gmt":"2025-08-18T04:57:04","guid":{"rendered":"https:\/\/lucacastelli.com\/prodotto\/veste-thermique-tapio-expert\/"},"modified":"2025-09-07T00:09:34","modified_gmt":"2025-09-06T22:09:34","slug":"veste-thermique-tapio-expert","status":"publish","type":"product","link":"https:\/\/lucacastelli.com\/fr\/produit\/veste-thermique-tapio-expert\/","title":{"rendered":"Veste thermique Tapio Expert"},"content":{"rendered":"<p>Couleur<br \/>\nHV-Jaune\/Rouge\/Noir<\/p>\n<p>D\u00e9finition<br \/>\nVeste thermique Tapio EXPERT<br \/>\nPropri\u00e9t\u00e9s<br \/>\n&#8211; Mati\u00e8re : 70 % polyester \/ 30 % PBT, environ 245 g\/m\u00b2<br \/>\n&#8211; respirant et antibact\u00e9rien<br \/>\n&#8211; r\u00e9gulateur de temp\u00e9rature<br \/>\n&#8211; col montant avec<br \/>\nzip<br \/>\n&#8211; poche poitrine.<\/p>\n","protected":false},"excerpt":{"rendered":"<p>Couleur HV-Jaune\/Rouge\/Noir D\u00e9finition Veste thermique Tapio EXPERT Propri\u00e9t\u00e9s &#8211; Mati\u00e8re : 70 % polyester \/ 30 % PBT, environ 245<\/p>\n","protected":false},"featured_media":615446,"template":"","meta":{"_seopress_robots_primary_cat":"none","_seopress_titles_title":"","_seopress_titles_desc":"","_seopress_robots_index":""},"product_brand":[4394],"product_cat":[21,284],"product_tag":[5803],"class_list":{"0":"post-616462","1":"product","2":"type-product","3":"status-publish","4":"has-post-thumbnail","6":"product_brand-tapio","7":"product_cat-abbigliamento","8":"product_cat-abbigliamento-da-lavoro","9":"product_tag-lucerna2025","10":"sws-gruppo-abb-libero-fr","11":"sws-conto-ricavi-merci-rivendita-abbigliamento-fr","12":"sws-gruppo-iva-iva81-fr","14":"first","15":"instock","16":"sale","17":"shipping-taxable","18":"purchasable","19":"product-type-variable","20":"has-default-attributes"},"_links":{"self":[{"href":"https:\/\/lucacastelli.com\/fr\/wp-json\/wp\/v2\/product\/616462","targetHints":{"allow":["GET"]}}],"collection":[{"href":"https:\/\/lucacastelli.com\/fr\/wp-json\/wp\/v2\/product"}],"about":[{"href":"https:\/\/lucacastelli.com\/fr\/wp-json\/wp\/v2\/types\/product"}],"wp:featuredmedia":[{"embeddable":true,"href":"https:\/\/lucacastelli.com\/fr\/wp-json\/wp\/v2\/media\/615446"}],"wp:attachment":[{"href":"https:\/\/lucacastelli.com\/fr\/wp-json\/wp\/v2\/media?parent=616462"}],"wp:term":[{"taxonomy":"product_brand","embeddable":true,"href":"https:\/\/lucacastelli.com\/fr\/wp-json\/wp\/v2\/product_brand?post=616462"},{"taxonomy":"product_cat","embeddable":true,"href":"https:\/\/lucacastelli.com\/fr\/wp-json\/wp\/v2\/product_cat?post=616462"},{"taxonomy":"product_tag","embeddable":true,"href":"https:\/\/lucacastelli.com\/fr\/wp-json\/wp\/v2\/product_tag?post=616462"}],"curies":[{"name":"wp","href":"https:\/\/api.w.org\/{rel}","templated":true}]}}