{"id":616436,"date":"2025-08-18T04:25:28","date_gmt":"2025-08-18T02:25:28","guid":{"rendered":"https:\/\/lucacastelli.com\/prodotto\/veste-de-travail-tapio-expert-2in1\/"},"modified":"2025-09-07T00:09:33","modified_gmt":"2025-09-06T22:09:33","slug":"veste-de-travail-tapio-expert-2in1","status":"publish","type":"product","link":"https:\/\/lucacastelli.com\/fr\/produit\/veste-de-travail-tapio-expert-2in1\/","title":{"rendered":"Veste de travail Tapio Expert 2in1"},"content":{"rendered":"<p>Confortable \u00e0 porter gr\u00e2ce au tissu extensible, manches amovibles, tissu d&#8217;espacement sur les \u00e9paules pour une meilleure Durchl\u00fcftung, anti-salissures et d\u00e9perlant, 1 poche poitrine et 2 poches lat\u00e9rales, poignets r\u00e9glables par velcro.<\/p>\n<p>Mati\u00e8re : 90% Polyester, 10% Elasthanne, env. 210 g\/m\u00b2.<\/p>\n","protected":false},"excerpt":{"rendered":"<p>Confortable \u00e0 porter gr\u00e2ce au tissu extensible, manches amovibles, tissu d&#8217;espacement sur les \u00e9paules pour une meilleure Durchl\u00fcftung, anti-salissures et<\/p>\n","protected":false},"featured_media":615209,"template":"","meta":{"_seopress_robots_primary_cat":"none","_seopress_titles_title":"","_seopress_titles_desc":"","_seopress_robots_index":""},"product_brand":[4394],"product_cat":[21,284],"product_tag":[5803],"class_list":{"0":"post-616436","1":"product","2":"type-product","3":"status-publish","4":"has-post-thumbnail","6":"product_brand-tapio","7":"product_cat-abbigliamento","8":"product_cat-abbigliamento-da-lavoro","9":"product_tag-lucerna2025","10":"sws-gruppo-abb-libero-fr","11":"sws-conto-ricavi-merci-rivendita-abbigliamento-fr","12":"sws-gruppo-iva-iva81-fr","14":"first","15":"instock","16":"shipping-taxable","17":"purchasable","18":"product-type-variable","19":"has-default-attributes"},"_links":{"self":[{"href":"https:\/\/lucacastelli.com\/fr\/wp-json\/wp\/v2\/product\/616436","targetHints":{"allow":["GET"]}}],"collection":[{"href":"https:\/\/lucacastelli.com\/fr\/wp-json\/wp\/v2\/product"}],"about":[{"href":"https:\/\/lucacastelli.com\/fr\/wp-json\/wp\/v2\/types\/product"}],"wp:featuredmedia":[{"embeddable":true,"href":"https:\/\/lucacastelli.com\/fr\/wp-json\/wp\/v2\/media\/615209"}],"wp:attachment":[{"href":"https:\/\/lucacastelli.com\/fr\/wp-json\/wp\/v2\/media?parent=616436"}],"wp:term":[{"taxonomy":"product_brand","embeddable":true,"href":"https:\/\/lucacastelli.com\/fr\/wp-json\/wp\/v2\/product_brand?post=616436"},{"taxonomy":"product_cat","embeddable":true,"href":"https:\/\/lucacastelli.com\/fr\/wp-json\/wp\/v2\/product_cat?post=616436"},{"taxonomy":"product_tag","embeddable":true,"href":"https:\/\/lucacastelli.com\/fr\/wp-json\/wp\/v2\/product_tag?post=616436"}],"curies":[{"name":"wp","href":"https:\/\/api.w.org\/{rel}","templated":true}]}}