{"id":616395,"date":"2025-08-18T06:40:32","date_gmt":"2025-08-18T04:40:32","guid":{"rendered":"https:\/\/lucacastelli.com\/prodotto\/pantalon-anti-coupures-tapio-expert-pantalon-anti-coupures\/"},"modified":"2025-09-07T00:09:33","modified_gmt":"2025-09-06T22:09:33","slug":"pantalon-anti-coupures-tapio-expert-pantalon-anti-coupures","status":"publish","type":"product","link":"https:\/\/lucacastelli.com\/fr\/produit\/pantalon-anti-coupures-tapio-expert-pantalon-anti-coupures\/","title":{"rendered":"Pantalon anti-coupures Tapio Expert Pantalon anti-coupures"},"content":{"rendered":"<p>Bandes r\u00e9fl\u00e9chissantes segment\u00e9es et extensibles pour plus de confort<br \/>\nConfortable \u00e0 porter gr\u00e2ce au tissu extensible respirant dans le dos<br \/>\nInserts en Kevlar\u00ae au niveau des genoux<br \/>\nZips de ventilation<br \/>\n2 poches pour les mains, 1 poche arri\u00e8re<br \/>\nPoche lat\u00e9rale et poche pour m\u00e8tre avec compartiments pour stylos<br \/>\nPassants pour bretelles certifi\u00e9s selon EN381-5, classe 1<br \/>\nProtection contre les avertissements classe 2<\/p>\n<p>Mati\u00e8re 89 % polyester \/ 11 % \u00e9lasthanne, environ 250 g\/m\u00b2.<\/p>\n","protected":false},"excerpt":{"rendered":"<p>Bandes r\u00e9fl\u00e9chissantes segment\u00e9es et extensibles pour plus de confort Confortable \u00e0 porter gr\u00e2ce au tissu extensible respirant dans le dos<\/p>\n","protected":false},"featured_media":615316,"template":"","meta":{"_seopress_robots_primary_cat":"none","_seopress_titles_title":"","_seopress_titles_desc":"","_seopress_robots_index":""},"product_brand":[4394],"product_cat":[21,284],"product_tag":[5803],"class_list":{"0":"post-616395","1":"product","2":"type-product","3":"status-publish","4":"has-post-thumbnail","6":"product_brand-tapio","7":"product_cat-abbigliamento","8":"product_cat-abbigliamento-da-lavoro","9":"product_tag-lucerna2025","10":"sws-gruppo-abb-libero-fr","11":"sws-conto-ricavi-merci-rivendita-abbigliamento-fr","12":"sws-gruppo-iva-iva81-fr","14":"first","15":"instock","16":"shipping-taxable","17":"purchasable","18":"product-type-variable","19":"has-default-attributes"},"_links":{"self":[{"href":"https:\/\/lucacastelli.com\/fr\/wp-json\/wp\/v2\/product\/616395","targetHints":{"allow":["GET"]}}],"collection":[{"href":"https:\/\/lucacastelli.com\/fr\/wp-json\/wp\/v2\/product"}],"about":[{"href":"https:\/\/lucacastelli.com\/fr\/wp-json\/wp\/v2\/types\/product"}],"wp:featuredmedia":[{"embeddable":true,"href":"https:\/\/lucacastelli.com\/fr\/wp-json\/wp\/v2\/media\/615316"}],"wp:attachment":[{"href":"https:\/\/lucacastelli.com\/fr\/wp-json\/wp\/v2\/media?parent=616395"}],"wp:term":[{"taxonomy":"product_brand","embeddable":true,"href":"https:\/\/lucacastelli.com\/fr\/wp-json\/wp\/v2\/product_brand?post=616395"},{"taxonomy":"product_cat","embeddable":true,"href":"https:\/\/lucacastelli.com\/fr\/wp-json\/wp\/v2\/product_cat?post=616395"},{"taxonomy":"product_tag","embeddable":true,"href":"https:\/\/lucacastelli.com\/fr\/wp-json\/wp\/v2\/product_tag?post=616395"}],"curies":[{"name":"wp","href":"https:\/\/api.w.org\/{rel}","templated":true}]}}