{"id":616352,"date":"2025-08-18T06:28:30","date_gmt":"2025-08-18T04:28:30","guid":{"rendered":"https:\/\/lucacastelli.com\/prodotto\/pantalon-impermeable-tapio-expert\/"},"modified":"2025-09-07T00:09:32","modified_gmt":"2025-09-06T22:09:32","slug":"pantalon-impermeable-tapio-expert","status":"publish","type":"product","link":"https:\/\/lucacastelli.com\/fr\/produit\/pantalon-impermeable-tapio-expert\/","title":{"rendered":"Pantalon imperm\u00e9able Tapio Expert"},"content":{"rendered":"<p>En tissu TopTex EN343 classe 3-3, 100 % imperm\u00e9able et respirant, taille \u00e9lastique, 2 poches cach\u00e9es, fermeture \u00e9clair pour un acc\u00e8s optimal.<\/p>\n","protected":false},"excerpt":{"rendered":"<p>En tissu TopTex EN343 classe 3-3, 100 % imperm\u00e9able et respirant, taille \u00e9lastique, 2 poches cach\u00e9es, fermeture \u00e9clair pour un<\/p>\n","protected":false},"featured_media":615280,"template":"","meta":{"_seopress_robots_primary_cat":"","_seopress_titles_title":"","_seopress_titles_desc":"","_seopress_robots_index":""},"product_brand":[4705],"product_cat":[81,1381],"product_tag":[5805],"class_list":{"0":"post-616352","1":"product","2":"type-product","3":"status-publish","4":"has-post-thumbnail","6":"product_brand-tapio-fr","7":"product_cat-vetements","8":"product_cat-vetements-de-travail","9":"product_tag-lucerne2025","10":"sws-gruppo-abb-libero-fr","11":"sws-conto-ricavi-merci-rivendita-abbigliamento-fr","12":"sws-gruppo-iva-iva81-fr","14":"first","15":"instock","16":"shipping-taxable","17":"purchasable","18":"product-type-variable","19":"has-default-attributes"},"_links":{"self":[{"href":"https:\/\/lucacastelli.com\/fr\/wp-json\/wp\/v2\/product\/616352","targetHints":{"allow":["GET"]}}],"collection":[{"href":"https:\/\/lucacastelli.com\/fr\/wp-json\/wp\/v2\/product"}],"about":[{"href":"https:\/\/lucacastelli.com\/fr\/wp-json\/wp\/v2\/types\/product"}],"wp:featuredmedia":[{"embeddable":true,"href":"https:\/\/lucacastelli.com\/fr\/wp-json\/wp\/v2\/media\/615280"}],"wp:attachment":[{"href":"https:\/\/lucacastelli.com\/fr\/wp-json\/wp\/v2\/media?parent=616352"}],"wp:term":[{"taxonomy":"product_brand","embeddable":true,"href":"https:\/\/lucacastelli.com\/fr\/wp-json\/wp\/v2\/product_brand?post=616352"},{"taxonomy":"product_cat","embeddable":true,"href":"https:\/\/lucacastelli.com\/fr\/wp-json\/wp\/v2\/product_cat?post=616352"},{"taxonomy":"product_tag","embeddable":true,"href":"https:\/\/lucacastelli.com\/fr\/wp-json\/wp\/v2\/product_tag?post=616352"}],"curies":[{"name":"wp","href":"https:\/\/api.w.org\/{rel}","templated":true}]}}