{"id":616305,"date":"2025-08-18T04:12:33","date_gmt":"2025-08-18T02:12:33","guid":{"rendered":"https:\/\/lucacastelli.com\/prodotto\/veste-de-travail-tapio-protect-2in1\/"},"modified":"2025-09-07T00:09:32","modified_gmt":"2025-09-06T22:09:32","slug":"veste-de-travail-tapio-protect-2in1","status":"publish","type":"product","link":"https:\/\/lucacastelli.com\/fr\/produit\/veste-de-travail-tapio-protect-2in1\/","title":{"rendered":"Veste de travail Tapio PROTECT 2IN1"},"content":{"rendered":"<p>&#8211; Mati\u00e8re : 89 % de polyester \/ 11 % d&#8217;\u00e9lasthanne, environ 250 g\/m\u00b2.<br \/>\n&#8211; agr\u00e9able \u00e0 porter gr\u00e2ce au tissu extensible respirant<br \/>\n&#8211; doublure respirante avec tissu d&#8217;espacement<br \/>\n&#8211; manches d\u00e9tachables. donc \u00e9galement portable comme gilet<br \/>\n&#8211; gilet avec couvre-\u00e9paule<br \/>\n&#8211; 1 poche poitrine et 2 poches mains<br \/>\n&#8211; bandes r\u00e9fl\u00e9chissantes segment\u00e9es et extensibles pour plus de confort<br \/>\n&#8211; col avec boutons-pression pour la fermeture<br \/>\n&#8211; dos rallong\u00e9<br \/>\n&#8211; poignets des manches r\u00e9glables par velcro<\/p>\n<p>EN ISO 20471.2013\/A1<\/p>\n<p>Classe de haute visibilit\u00e9 : 2<\/p>\n","protected":false},"excerpt":{"rendered":"<p>&#8211; Mati\u00e8re : 89 % de polyester \/ 11 % d&#8217;\u00e9lasthanne, environ 250 g\/m\u00b2. &#8211; agr\u00e9able \u00e0 porter gr\u00e2ce au<\/p>\n","protected":false},"featured_media":615248,"template":"","meta":{"_seopress_robots_primary_cat":"none","_seopress_titles_title":"","_seopress_titles_desc":"","_seopress_robots_index":""},"product_brand":[4394],"product_cat":[21,284],"product_tag":[5803],"class_list":{"0":"post-616305","1":"product","2":"type-product","3":"status-publish","4":"has-post-thumbnail","6":"product_brand-tapio","7":"product_cat-abbigliamento","8":"product_cat-abbigliamento-da-lavoro","9":"product_tag-lucerna2025","10":"sws-gruppo-abb-libero-fr","11":"sws-conto-ricavi-merci-rivendita-abbigliamento-fr","12":"sws-gruppo-iva-iva81-fr","14":"first","15":"onbackorder","16":"shipping-taxable","17":"purchasable","18":"product-type-variable","19":"has-default-attributes"},"_links":{"self":[{"href":"https:\/\/lucacastelli.com\/fr\/wp-json\/wp\/v2\/product\/616305","targetHints":{"allow":["GET"]}}],"collection":[{"href":"https:\/\/lucacastelli.com\/fr\/wp-json\/wp\/v2\/product"}],"about":[{"href":"https:\/\/lucacastelli.com\/fr\/wp-json\/wp\/v2\/types\/product"}],"wp:featuredmedia":[{"embeddable":true,"href":"https:\/\/lucacastelli.com\/fr\/wp-json\/wp\/v2\/media\/615248"}],"wp:attachment":[{"href":"https:\/\/lucacastelli.com\/fr\/wp-json\/wp\/v2\/media?parent=616305"}],"wp:term":[{"taxonomy":"product_brand","embeddable":true,"href":"https:\/\/lucacastelli.com\/fr\/wp-json\/wp\/v2\/product_brand?post=616305"},{"taxonomy":"product_cat","embeddable":true,"href":"https:\/\/lucacastelli.com\/fr\/wp-json\/wp\/v2\/product_cat?post=616305"},{"taxonomy":"product_tag","embeddable":true,"href":"https:\/\/lucacastelli.com\/fr\/wp-json\/wp\/v2\/product_tag?post=616305"}],"curies":[{"name":"wp","href":"https:\/\/api.w.org\/{rel}","templated":true}]}}