{"id":616242,"date":"2025-08-17T16:54:23","date_gmt":"2025-08-17T14:54:23","guid":{"rendered":"https:\/\/lucacastelli.com\/prodotto\/veste-protos-inuit-5\/"},"modified":"2026-04-14T13:19:11","modified_gmt":"2026-04-14T11:19:11","slug":"veste-protos-inuit-5","status":"publish","type":"product","link":"https:\/\/lucacastelli.com\/fr\/produit\/veste-protos-inuit-5\/","title":{"rendered":"Veste Protos\u00ae Inuit Teddy"},"content":{"rendered":"<p>La veste PROTOS\u00ae Inuit Teddy est r\u00e9alis\u00e9e en maille lisse et dot\u00e9e d\u2019une fonction anti-salissure. L\u2019int\u00e9rieur de la veste est doubl\u00e9 d\u2019une fourrure thermique douce, hautement respirante et \u00e9vacuant l\u2019humidit\u00e9. Le syst\u00e8me de poches brevet\u00e9 Zipp2Zipp\u00ae est pr\u00e9sent des deux c\u00f4t\u00e9s, tout comme les poches lat\u00e9rales et les poches int\u00e9rieures extra profondes. Le col montant doux et la partie arri\u00e8re allong\u00e9e prot\u00e8gent le cou et la zone lombaire du vent et du froid. La veste PROTOS\u00ae Inuit Teddy est \u00e9galement disponible en version gilet assorti.<br \/>\n&#8211; Syst\u00e8me de poches Zipp2Zipp\u00ae<br \/>\n&#8211; Tissu en maille hautement \u00e9lastique et r\u00e9sistant \u00e0 la salet\u00e9<br \/>\n&#8211; Fourrure thermique douce et moelleuse, col montant doubl\u00e9<br \/>\n&#8211; Rembourrage PrimaLoft\u00ae Gold au niveau des \u00e9paules avant<br \/>\n&#8211; Poches int\u00e9rieures extra profondes<br \/>\n&#8211; 3CON\u00ae r\u00e9fl\u00e9chissant au dos<br \/>\n&#8211; Coudes r\u00e9sistants \u00e0 l\u2019abrasion    <\/p>\n<p>Mat\u00e9riau :<br \/>\nMat\u00e9riau ext\u00e9rieur et doublure : 100 % polyester<br \/>\nZone des \u00e9paules avant : 100 % rembourrage PrimaLoft\u00ae Gold<\/p>\n","protected":false},"excerpt":{"rendered":"<p>La veste PROTOS\u00ae Inuit Teddy est r\u00e9alis\u00e9e en maille lisse et dot\u00e9e d\u2019une fonction anti-salissure. L\u2019int\u00e9rieur de la veste est<\/p>\n","protected":false},"featured_media":614980,"template":"","meta":{"_seopress_robots_primary_cat":"none","_seopress_titles_title":"","_seopress_titles_desc":"","_seopress_robots_index":""},"product_brand":[3458,4381],"product_cat":[21,284,189,190],"product_tag":[],"class_list":{"0":"post-616242","1":"product","2":"type-product","3":"status-publish","4":"has-post-thumbnail","6":"product_brand-pfanner","7":"product_brand-protos","8":"product_cat-abbigliamento","9":"product_cat-abbigliamento-da-lavoro","10":"product_cat-abbigliamento-per-il-tempo-libero","11":"product_cat-abbigliamento-da-uomo","12":"sws-gruppo-no-gruppo-fr","13":"sws-categoria-sito-fr","14":"sws-conto-ricavi-merci-rivendita-abbigliamento-fr","15":"sws-gruppo-iva-iva81-fr","17":"first","18":"instock","19":"shipping-taxable","20":"purchasable","21":"product-type-variable","22":"has-default-attributes"},"_links":{"self":[{"href":"https:\/\/lucacastelli.com\/fr\/wp-json\/wp\/v2\/product\/616242","targetHints":{"allow":["GET"]}}],"collection":[{"href":"https:\/\/lucacastelli.com\/fr\/wp-json\/wp\/v2\/product"}],"about":[{"href":"https:\/\/lucacastelli.com\/fr\/wp-json\/wp\/v2\/types\/product"}],"wp:featuredmedia":[{"embeddable":true,"href":"https:\/\/lucacastelli.com\/fr\/wp-json\/wp\/v2\/media\/614980"}],"wp:attachment":[{"href":"https:\/\/lucacastelli.com\/fr\/wp-json\/wp\/v2\/media?parent=616242"}],"wp:term":[{"taxonomy":"product_brand","embeddable":true,"href":"https:\/\/lucacastelli.com\/fr\/wp-json\/wp\/v2\/product_brand?post=616242"},{"taxonomy":"product_cat","embeddable":true,"href":"https:\/\/lucacastelli.com\/fr\/wp-json\/wp\/v2\/product_cat?post=616242"},{"taxonomy":"product_tag","embeddable":true,"href":"https:\/\/lucacastelli.com\/fr\/wp-json\/wp\/v2\/product_tag?post=616242"}],"curies":[{"name":"wp","href":"https:\/\/api.w.org\/{rel}","templated":true}]}}