{"id":616143,"date":"2025-08-17T16:54:07","date_gmt":"2025-08-17T14:54:07","guid":{"rendered":"https:\/\/lucacastelli.com\/prodotto\/veste-protos-inuit-3\/"},"modified":"2026-04-14T14:00:45","modified_gmt":"2026-04-14T12:00:45","slug":"veste-protos-inuit-3","status":"publish","type":"product","link":"https:\/\/lucacastelli.com\/fr\/produit\/veste-protos-inuit-3\/","title":{"rendered":"Veste Protos\u00ae Inuit Teddy"},"content":{"rendered":"<p>La veste PROTOS\u00ae Inuit Teddy est r\u00e9alis\u00e9e en tricot lisse et dot\u00e9e d&#8217;une fonction anti-salissure. L&#8217;int\u00e9rieur de la veste est doubl\u00e9 d&#8217;une douce fourrure thermique hautement respirante qui \u00e9vacue l&#8217;humidit\u00e9. Le syst\u00e8me de poches brevet\u00e9 Zipp2Zipp\u00ae est pr\u00e9sent des deux c\u00f4t\u00e9s, ainsi que des poches lat\u00e9rales et des poches int\u00e9rieures extra profondes. Le col haut et doux et la partie arri\u00e8re allong\u00e9e prot\u00e8gent le cou et la zone lombaire du vent et du froid. La veste PROTOS\u00ae Inuit Teddy est \u00e9galement disponible en gilet assorti.<br \/>\n&#8211; Syst\u00e8me de poches Zipp2Zipp\u00ae<br \/>\n&#8211; Tissu tricot\u00e9 hautement \u00e9lastique et r\u00e9sistant aux salissures<br \/>\n&#8211; Fourrure thermique douce et moelleuse, col haut doubl\u00e9<br \/>\n&#8211; Rembourrage PrimaLoft\u00ae Gold dans la zone des \u00e9paules avant<br \/>\n&#8211; Poches int\u00e9rieures extra profondes<br \/>\n&#8211; 3CON\u00ae r\u00e9fl\u00e9chissant au dos<br \/>\n&#8211; Coudes r\u00e9sistants \u00e0 l&#8217;abrasion    <\/p>\n<p>Mati\u00e8re :<br \/>\nMati\u00e8re ext\u00e9rieure et doublure : 100 % polyester<br \/>\nZone des \u00e9paules avant : 100 % rembourrage PrimaLoft\u00ae Gold<\/p>\n","protected":false},"excerpt":{"rendered":"<p>La veste PROTOS\u00ae Inuit Teddy est r\u00e9alis\u00e9e en tricot lisse et dot\u00e9e d&#8217;une fonction anti-salissure. L&#8217;int\u00e9rieur de la veste est<\/p>\n","protected":false},"featured_media":614972,"template":"","meta":{"_seopress_robots_primary_cat":"none","_seopress_titles_title":"","_seopress_titles_desc":"","_seopress_robots_index":""},"product_brand":[3669,4722],"product_cat":[81,981,1381,982],"product_tag":[],"class_list":{"0":"post-616143","1":"product","2":"type-product","3":"status-publish","4":"has-post-thumbnail","6":"product_brand-pfanner-fr","7":"product_brand-protos-fr","8":"product_cat-vetements","9":"product_cat-vetements-de-loisirs","10":"product_cat-vetements-de-travail","11":"product_cat-vetements-pour-hommes","12":"sws-gruppo-no-gruppo-fr","13":"sws-categoria-sito-fr","14":"sws-conto-ricavi-merci-rivendita-abbigliamento-fr","15":"sws-gruppo-iva-iva81-fr","17":"first","18":"instock","19":"shipping-taxable","20":"purchasable","21":"product-type-variable","22":"has-default-attributes"},"_links":{"self":[{"href":"https:\/\/lucacastelli.com\/fr\/wp-json\/wp\/v2\/product\/616143","targetHints":{"allow":["GET"]}}],"collection":[{"href":"https:\/\/lucacastelli.com\/fr\/wp-json\/wp\/v2\/product"}],"about":[{"href":"https:\/\/lucacastelli.com\/fr\/wp-json\/wp\/v2\/types\/product"}],"wp:featuredmedia":[{"embeddable":true,"href":"https:\/\/lucacastelli.com\/fr\/wp-json\/wp\/v2\/media\/614972"}],"wp:attachment":[{"href":"https:\/\/lucacastelli.com\/fr\/wp-json\/wp\/v2\/media?parent=616143"}],"wp:term":[{"taxonomy":"product_brand","embeddable":true,"href":"https:\/\/lucacastelli.com\/fr\/wp-json\/wp\/v2\/product_brand?post=616143"},{"taxonomy":"product_cat","embeddable":true,"href":"https:\/\/lucacastelli.com\/fr\/wp-json\/wp\/v2\/product_cat?post=616143"},{"taxonomy":"product_tag","embeddable":true,"href":"https:\/\/lucacastelli.com\/fr\/wp-json\/wp\/v2\/product_tag?post=616143"}],"curies":[{"name":"wp","href":"https:\/\/api.w.org\/{rel}","templated":true}]}}