{"id":615880,"date":"2025-08-09T19:57:14","date_gmt":"2025-08-09T17:57:14","guid":{"rendered":"https:\/\/lucacastelli.com\/prodotto\/milwaukee-modules-souples-vides-pour-chariots-24\/"},"modified":"2025-08-09T19:57:14","modified_gmt":"2025-08-09T17:57:14","slug":"milwaukee-modules-souples-vides-pour-chariots-24","status":"publish","type":"product","link":"https:\/\/lucacastelli.com\/fr\/produit\/milwaukee-modules-souples-vides-pour-chariots-24\/","title":{"rendered":"Milwaukee Modules souples vides pour chariots"},"content":{"rendered":"<p>JEU DE MARTEAUX MODULES VIDE No 2<br \/>\nInserts en mousse de haute qualit\u00e9 et durables pour placer les outils dans les tiroirs des chariots.;Pr\u00e9d\u00e9coup\u00e9s au laser pour un placement pr\u00e9cis des outils.<\/p>\n<p>4932493683<br \/>\n4058546508432<\/p>\n","protected":false},"excerpt":{"rendered":"<p>ENSEMBLE DE MARTEAUX VIDES MODULE NO. 2<\/p>\n","protected":false},"featured_media":563373,"template":"","meta":{"_seopress_robots_primary_cat":"","_seopress_titles_title":"","_seopress_titles_desc":"","_seopress_robots_index":""},"product_brand":[3658],"product_cat":[144,5417],"product_tag":[3273],"class_list":{"0":"post-615880","1":"product","2":"type-product","3":"status-publish","4":"has-post-thumbnail","6":"product_brand-milwaukee-fr","7":"product_cat-equipement","8":"product_cat-outils-pour-atelier","9":"product_tag-import-milwau-fr","10":"sws-conto-ricavi-merci-rivendita-macchinari-fr","11":"sws-gruppo-iva-iva81-fr","13":"first","14":"onbackorder","15":"sale","16":"shipping-taxable","17":"purchasable","18":"product-type-simple"},"_links":{"self":[{"href":"https:\/\/lucacastelli.com\/fr\/wp-json\/wp\/v2\/product\/615880","targetHints":{"allow":["GET"]}}],"collection":[{"href":"https:\/\/lucacastelli.com\/fr\/wp-json\/wp\/v2\/product"}],"about":[{"href":"https:\/\/lucacastelli.com\/fr\/wp-json\/wp\/v2\/types\/product"}],"wp:featuredmedia":[{"embeddable":true,"href":"https:\/\/lucacastelli.com\/fr\/wp-json\/wp\/v2\/media\/563373"}],"wp:attachment":[{"href":"https:\/\/lucacastelli.com\/fr\/wp-json\/wp\/v2\/media?parent=615880"}],"wp:term":[{"taxonomy":"product_brand","embeddable":true,"href":"https:\/\/lucacastelli.com\/fr\/wp-json\/wp\/v2\/product_brand?post=615880"},{"taxonomy":"product_cat","embeddable":true,"href":"https:\/\/lucacastelli.com\/fr\/wp-json\/wp\/v2\/product_cat?post=615880"},{"taxonomy":"product_tag","embeddable":true,"href":"https:\/\/lucacastelli.com\/fr\/wp-json\/wp\/v2\/product_tag?post=615880"}],"curies":[{"name":"wp","href":"https:\/\/api.w.org\/{rel}","templated":true}]}}