{"id":615872,"date":"2025-08-09T19:57:11","date_gmt":"2025-08-09T17:57:11","guid":{"rendered":"https:\/\/lucacastelli.com\/prodotto\/milwaukee-modules-souples-vides-pour-chariots-21\/"},"modified":"2025-08-09T19:57:11","modified_gmt":"2025-08-09T17:57:11","slug":"milwaukee-modules-souples-vides-pour-chariots-21","status":"publish","type":"product","link":"https:\/\/lucacastelli.com\/fr\/produit\/milwaukee-modules-souples-vides-pour-chariots-21\/","title":{"rendered":"Milwaukee Modules souples vides pour chariots"},"content":{"rendered":"<p>MODULE VIDE JEU DE PINCES AUTOBLOC. COMPL<br \/>\nInserts en mousse de haute qualit\u00e9 et durables pour placer proprement les outils dans les tiroirs des chariots ; d\u00e9coup\u00e9s au laser pour un placement pr\u00e9cis des outils. <\/p>\n<p>4932493680<br \/>\n4058546508401<\/p>\n","protected":false},"excerpt":{"rendered":"<p>MODULE VIDE SET DE PINCES AUTOBLOC COMPL <\/p>\n","protected":false},"featured_media":563350,"template":"","meta":{"_seopress_robots_primary_cat":"","_seopress_titles_title":"","_seopress_titles_desc":"","_seopress_robots_index":""},"product_brand":[3658],"product_cat":[144,5417],"product_tag":[3273],"class_list":{"0":"post-615872","1":"product","2":"type-product","3":"status-publish","4":"has-post-thumbnail","6":"product_brand-milwaukee-fr","7":"product_cat-equipement","8":"product_cat-outils-pour-atelier","9":"product_tag-import-milwau-fr","10":"sws-conto-ricavi-merci-rivendita-macchinari-fr","11":"sws-gruppo-iva-iva81-fr","13":"first","14":"onbackorder","15":"sale","16":"shipping-taxable","17":"purchasable","18":"product-type-simple"},"_links":{"self":[{"href":"https:\/\/lucacastelli.com\/fr\/wp-json\/wp\/v2\/product\/615872","targetHints":{"allow":["GET"]}}],"collection":[{"href":"https:\/\/lucacastelli.com\/fr\/wp-json\/wp\/v2\/product"}],"about":[{"href":"https:\/\/lucacastelli.com\/fr\/wp-json\/wp\/v2\/types\/product"}],"wp:featuredmedia":[{"embeddable":true,"href":"https:\/\/lucacastelli.com\/fr\/wp-json\/wp\/v2\/media\/563350"}],"wp:attachment":[{"href":"https:\/\/lucacastelli.com\/fr\/wp-json\/wp\/v2\/media?parent=615872"}],"wp:term":[{"taxonomy":"product_brand","embeddable":true,"href":"https:\/\/lucacastelli.com\/fr\/wp-json\/wp\/v2\/product_brand?post=615872"},{"taxonomy":"product_cat","embeddable":true,"href":"https:\/\/lucacastelli.com\/fr\/wp-json\/wp\/v2\/product_cat?post=615872"},{"taxonomy":"product_tag","embeddable":true,"href":"https:\/\/lucacastelli.com\/fr\/wp-json\/wp\/v2\/product_tag?post=615872"}],"curies":[{"name":"wp","href":"https:\/\/api.w.org\/{rel}","templated":true}]}}