{"id":615775,"date":"2025-08-17T17:38:48","date_gmt":"2025-08-17T15:38:48","guid":{"rendered":"https:\/\/lucacastelli.com\/prodotto\/gilet-thermique-protos\/"},"modified":"2026-04-14T13:22:10","modified_gmt":"2026-04-14T11:22:10","slug":"gilet-thermique-protos","status":"publish","type":"product","link":"https:\/\/lucacastelli.com\/fr\/produit\/gilet-thermique-protos\/","title":{"rendered":"Gilet thermique Protos"},"content":{"rendered":"<p>Le gilet thermique Protos\u00ae est le compagnon id\u00e9al pour toutes les activit\u00e9s de plein air. Le rembourrage chaud 100 % PrimaLoft\u00ae prot\u00e8ge de mani\u00e8re optimale du froid et du vent et emp\u00eache l\u2019accumulation d\u2019humidit\u00e9. Le rembourrage est plus l\u00e9ger que le duvet et offre ainsi le maximum de confort possible. Gr\u00e2ce \u00e0 la protection r\u00e9nale \u00e9lastique lat\u00e9rale, le gilet est extr\u00eamement confortable \u00e0 porter, m\u00eame pour les femmes.<br \/>\n\u2014 Rembourrage PrimaLoft\u00ae<br \/>\n\u2014 L\u00e9ger<br \/>\n\u2014 Syst\u00e8me de poches Zipp2Zipp\u00ae<br \/>\n\u2014 Deux poches lat\u00e9rales<br \/>\n\u2014 Grande poche int\u00e9rieure<br \/>\n\u2014 Softshell sur les \u00e9paules<br \/>\n\u2014 Manches et bordure \u00e9lastiques<br \/>\n\u2014 Respirabilit\u00e9 maximale<br \/>\n\u2014 Disponible en version veste et gilet<br \/>\n\u2014 Lavable en machine<br \/>\n\u2014 3CON\u00ae r\u00e9fl\u00e9chissant   <\/p>\n<p>Mati\u00e8re :<br \/>\nMati\u00e8re ext\u00e9rieure \u2013 vert for\u00eat : 100% nylon,<br \/>\nMati\u00e8re ext\u00e9rieure \u2013 noir : 100% polyester<br \/>\nMati\u00e8re int\u00e9rieure : 100% polyester<br \/>\nDoublure : 100% PrimaLoft\u00ae<\/p>\n","protected":false},"excerpt":{"rendered":"<p>Le gilet thermique Protos\u00ae est le compagnon id\u00e9al pour toutes les activit\u00e9s de plein air. Le rembourrage chaud 100 %<\/p>\n","protected":false},"featured_media":615076,"template":"","meta":{"_seopress_robots_primary_cat":"none","_seopress_titles_title":"","_seopress_titles_desc":"","_seopress_robots_index":""},"product_brand":[3669,4722],"product_cat":[81,981,982],"product_tag":[],"class_list":{"0":"post-615775","1":"product","2":"type-product","3":"status-publish","4":"has-post-thumbnail","6":"product_brand-pfanner-fr","7":"product_brand-protos-fr","8":"product_cat-vetements","9":"product_cat-vetements-de-loisirs","10":"product_cat-vetements-pour-hommes","11":"sws-gruppo-no-gruppo-fr","12":"sws-conto-ricavi-merci-rivendita-abbigliamento-fr","13":"sws-gruppo-iva-iva81-fr","15":"first","16":"instock","17":"shipping-taxable","18":"purchasable","19":"product-type-variable"},"_links":{"self":[{"href":"https:\/\/lucacastelli.com\/fr\/wp-json\/wp\/v2\/product\/615775","targetHints":{"allow":["GET"]}}],"collection":[{"href":"https:\/\/lucacastelli.com\/fr\/wp-json\/wp\/v2\/product"}],"about":[{"href":"https:\/\/lucacastelli.com\/fr\/wp-json\/wp\/v2\/types\/product"}],"wp:featuredmedia":[{"embeddable":true,"href":"https:\/\/lucacastelli.com\/fr\/wp-json\/wp\/v2\/media\/615076"}],"wp:attachment":[{"href":"https:\/\/lucacastelli.com\/fr\/wp-json\/wp\/v2\/media?parent=615775"}],"wp:term":[{"taxonomy":"product_brand","embeddable":true,"href":"https:\/\/lucacastelli.com\/fr\/wp-json\/wp\/v2\/product_brand?post=615775"},{"taxonomy":"product_cat","embeddable":true,"href":"https:\/\/lucacastelli.com\/fr\/wp-json\/wp\/v2\/product_cat?post=615775"},{"taxonomy":"product_tag","embeddable":true,"href":"https:\/\/lucacastelli.com\/fr\/wp-json\/wp\/v2\/product_tag?post=615775"}],"curies":[{"name":"wp","href":"https:\/\/api.w.org\/{rel}","templated":true}]}}