{"id":615718,"date":"2025-08-17T17:55:42","date_gmt":"2025-08-17T15:55:42","guid":{"rendered":"https:\/\/lucacastelli.com\/prodotto\/protos-inuit-gilet-pour-femmes-2\/"},"modified":"2026-04-14T13:23:12","modified_gmt":"2026-04-14T11:23:12","slug":"protos-inuit-gilet-pour-femmes-2","status":"publish","type":"product","link":"https:\/\/lucacastelli.com\/fr\/produit\/protos-inuit-gilet-pour-femmes-2\/","title":{"rendered":"Gilet Protos\u00ae Inuit Teddy femme"},"content":{"rendered":"<p>Le gilet PROTOS\u00ae Inuit Teddy Women est tricot\u00e9 en maille lisse et dot\u00e9 d\u2019une fonction anti-salissure. L\u2019int\u00e9rieur du gilet est doubl\u00e9 d\u2019une fourrure thermique douce, hautement respirante et \u00e9vacuant l\u2019humidit\u00e9. Des deux c\u00f4t\u00e9s se trouvent le syst\u00e8me de poches brevet\u00e9 Zipp2Zipp\u00ae, des poches lat\u00e9rales et des poches int\u00e9rieures extra profondes. Le col montant doux et la partie arri\u00e8re allong\u00e9e prot\u00e8gent le cou et la zone lombaire du vent et du froid. Le gilet PROTOS\u00ae Inuit Teddy est \u00e9galement disponible en version veste.<br \/>\n&#8211; Syst\u00e8me de poches Zipp2Zipp\u00ae<br \/>\n&#8211; Tricot hautement \u00e9lastique et r\u00e9sistant \u00e0 la salet\u00e9<br \/>\n&#8211; Fourrure thermique douce et moelleuse, col montant doubl\u00e9<br \/>\n&#8211; Rembourrage PrimaLoft\u00ae Gold au niveau des \u00e9paules avant<br \/>\n&#8211; Poches int\u00e9rieures extra profondes<br \/>\n&#8211; R\u00e9fl\u00e9chissant 3CON\u00ae au dos<br \/>\n&#8211; Fermeture \u00e9clair lat\u00e9rale pour un ajustement flexible    <\/p>\n<p>Mati\u00e8re :<br \/>\nMati\u00e8re ext\u00e9rieure et doublure : 100 % polyester<br \/>\nZone des \u00e9paules avant : 100 % rembourrage PrimaLoft\u00ae Gold<\/p>\n","protected":false},"excerpt":{"rendered":"<p>Le gilet PROTOS\u00ae Inuit Teddy Women est tricot\u00e9 en maille lisse et dot\u00e9 d\u2019une fonction anti-salissure. L\u2019int\u00e9rieur du gilet est<\/p>\n","protected":false},"featured_media":615127,"template":"","meta":{"_seopress_robots_primary_cat":"none","_seopress_titles_title":"","_seopress_titles_desc":"","_seopress_robots_index":""},"product_brand":[3458,4381],"product_cat":[21,284,189,200],"product_tag":[],"class_list":{"0":"post-615718","1":"product","2":"type-product","3":"status-publish","4":"has-post-thumbnail","6":"product_brand-pfanner","7":"product_brand-protos","8":"product_cat-abbigliamento","9":"product_cat-abbigliamento-da-lavoro","10":"product_cat-abbigliamento-per-il-tempo-libero","11":"product_cat-abbigliamento-da-donna","12":"sws-gruppo-no-gruppo-fr","13":"sws-conto-ricavi-merci-rivendita-abbigliamento-fr","14":"sws-gruppo-iva-iva81-fr","16":"first","17":"instock","18":"shipping-taxable","19":"purchasable","20":"product-type-variable","21":"has-default-attributes"},"_links":{"self":[{"href":"https:\/\/lucacastelli.com\/fr\/wp-json\/wp\/v2\/product\/615718","targetHints":{"allow":["GET"]}}],"collection":[{"href":"https:\/\/lucacastelli.com\/fr\/wp-json\/wp\/v2\/product"}],"about":[{"href":"https:\/\/lucacastelli.com\/fr\/wp-json\/wp\/v2\/types\/product"}],"wp:featuredmedia":[{"embeddable":true,"href":"https:\/\/lucacastelli.com\/fr\/wp-json\/wp\/v2\/media\/615127"}],"wp:attachment":[{"href":"https:\/\/lucacastelli.com\/fr\/wp-json\/wp\/v2\/media?parent=615718"}],"wp:term":[{"taxonomy":"product_brand","embeddable":true,"href":"https:\/\/lucacastelli.com\/fr\/wp-json\/wp\/v2\/product_brand?post=615718"},{"taxonomy":"product_cat","embeddable":true,"href":"https:\/\/lucacastelli.com\/fr\/wp-json\/wp\/v2\/product_cat?post=615718"},{"taxonomy":"product_tag","embeddable":true,"href":"https:\/\/lucacastelli.com\/fr\/wp-json\/wp\/v2\/product_tag?post=615718"}],"curies":[{"name":"wp","href":"https:\/\/api.w.org\/{rel}","templated":true}]}}