{"id":615578,"date":"2025-08-17T15:59:27","date_gmt":"2025-08-17T13:59:27","guid":{"rendered":"https:\/\/lucacastelli.com\/prodotto\/protos-gilet-inuit\/"},"modified":"2026-04-14T13:56:43","modified_gmt":"2026-04-14T11:56:43","slug":"protos-gilet-inuit","status":"publish","type":"product","link":"https:\/\/lucacastelli.com\/fr\/produit\/protos-gilet-inuit\/","title":{"rendered":"Gilet Protos\u00ae Inuit Teddy"},"content":{"rendered":"<p>Le gilet PROTOS\u00ae Inuit Teddy est tricot\u00e9 en maille lisse et dot\u00e9 d\u2019une fonction antisalissure. L\u2019int\u00e9rieur du gilet est doubl\u00e9 d\u2019une fourrure thermique douce et hautement respirante. Le syst\u00e8me de poches brevet\u00e9 Zipp2Zipp\u00ae, des poches lat\u00e9rales et des poches int\u00e9rieures tr\u00e8s profondes sont pr\u00e9sents des deux c\u00f4t\u00e9s. Le col montant doux et le dos rallong\u00e9 prot\u00e8gent le cou et les lombaires du vent et du froid. Le gilet PROTOS\u00ae Inuit Teddy est \u00e9galement disponible en version veste assortie.<br \/>\n-Syst\u00e8me de poches Zipp2Zipp\u00ae<br \/>\n-Tricot hautement \u00e9lastique et r\u00e9sistant \u00e0 la salet\u00e9<br \/>\n-Fourrure thermique douce et moelleuse, col montant doubl\u00e9<br \/>\n&#8211; Rembourrage PrimaLoft\u00ae Gold au niveau des \u00e9paules avant<br \/>\n&#8211; Poches int\u00e9rieures tr\u00e8s profondes<br \/>\n&#8211; 3CON\u00ae r\u00e9fl\u00e9chissant au dos    <\/p>\n<p>Mati\u00e8re :<br \/>\nMati\u00e8re ext\u00e9rieure et doublure : 100 % polyester<br \/>\nZone des \u00e9paules avant : 100 % rembourrage PrimaLoft\u00ae Gold<\/p>\n","protected":false},"excerpt":{"rendered":"<p>Le gilet PROTOS\u00ae Inuit Teddy est tricot\u00e9 en maille lisse et dot\u00e9 d\u2019une fonction antisalissure. L\u2019int\u00e9rieur du gilet est doubl\u00e9<\/p>\n","protected":false},"featured_media":614748,"template":"","meta":{"_seopress_robots_primary_cat":"","_seopress_titles_title":"","_seopress_titles_desc":"","_seopress_robots_index":""},"product_brand":[3458,4381],"product_cat":[21,284,189,190],"product_tag":[],"class_list":{"0":"post-615578","1":"product","2":"type-product","3":"status-publish","4":"has-post-thumbnail","6":"product_brand-pfanner","7":"product_brand-protos","8":"product_cat-abbigliamento","9":"product_cat-abbigliamento-da-lavoro","10":"product_cat-abbigliamento-per-il-tempo-libero","11":"product_cat-abbigliamento-da-uomo","12":"sws-gruppo-no-gruppo-fr","13":"sws-categoria-sito-fr","14":"sws-conto-ricavi-merci-rivendita-abbigliamento-fr","15":"sws-gruppo-iva-iva81-fr","17":"first","18":"instock","19":"shipping-taxable","20":"purchasable","21":"product-type-variable","22":"has-default-attributes"},"_links":{"self":[{"href":"https:\/\/lucacastelli.com\/fr\/wp-json\/wp\/v2\/product\/615578","targetHints":{"allow":["GET"]}}],"collection":[{"href":"https:\/\/lucacastelli.com\/fr\/wp-json\/wp\/v2\/product"}],"about":[{"href":"https:\/\/lucacastelli.com\/fr\/wp-json\/wp\/v2\/types\/product"}],"wp:featuredmedia":[{"embeddable":true,"href":"https:\/\/lucacastelli.com\/fr\/wp-json\/wp\/v2\/media\/614748"}],"wp:attachment":[{"href":"https:\/\/lucacastelli.com\/fr\/wp-json\/wp\/v2\/media?parent=615578"}],"wp:term":[{"taxonomy":"product_brand","embeddable":true,"href":"https:\/\/lucacastelli.com\/fr\/wp-json\/wp\/v2\/product_brand?post=615578"},{"taxonomy":"product_cat","embeddable":true,"href":"https:\/\/lucacastelli.com\/fr\/wp-json\/wp\/v2\/product_cat?post=615578"},{"taxonomy":"product_tag","embeddable":true,"href":"https:\/\/lucacastelli.com\/fr\/wp-json\/wp\/v2\/product_tag?post=615578"}],"curies":[{"name":"wp","href":"https:\/\/api.w.org\/{rel}","templated":true}]}}