{"id":614633,"date":"2025-08-06T13:56:55","date_gmt":"2025-08-06T11:56:55","guid":{"rendered":"https:\/\/lucacastelli.com\/prodotto\/milwaukee-scies-a-trous-hole-dozer-dents-en-carbure-16\/"},"modified":"2025-08-06T13:56:55","modified_gmt":"2025-08-06T11:56:55","slug":"milwaukee-scies-a-trous-hole-dozer-dents-en-carbure-16","status":"publish","type":"product","link":"https:\/\/lucacastelli.com\/fr\/produit\/milwaukee-scies-a-trous-hole-dozer-dents-en-carbure-16\/","title":{"rendered":"Milwaukee Scies \u00e0 trous Hole Dozer Dents en carbure"},"content":{"rendered":"<p>TCT 27 MM CUP SAW<br \/>\nDur\u00e9e de vie jusqu&#8217;\u00e0 10 fois plus longue, haute r\u00e9sistance \u00e0 la chaleur et \u00e0 l&#8217;usure par rapport aux scies \u00e0 godet bi-m\u00e9tal;G\u00e9om\u00e9trie agressive des dents avec de larges rainures pour une meilleure extraction des mat\u00e9riaux;Dents d\u00e9cal\u00e9es pour moins de friction;PLUG JACK\u2122 large zone d&#8217;acc\u00e8s lat\u00e9rale pour un enl\u00e8vement rapide et facile des mat\u00e9riaux, profonde pour les mat\u00e9riaux plus \u00e9pais et haute pour les mat\u00e9riaux plus fins;Domaines d&#8217;application. plomberie (carreaux de c\u00e9ramique &#8211; doux, fonte), travail du m\u00e9tal (acier inoxydable, aluminium) et composites (plastique, mat\u00e9riau sandwich, rev\u00eatement de sol, fibre de verre, panneaux de bois plastifi\u00e9s, bois plaqu\u00e9 )<\/p>\n<p>49560807<br \/>\n0045242594764.<\/p>\n","protected":false},"excerpt":{"rendered":"<p>SCIE CLOCHE TCT 27 MM<\/p>\n","protected":false},"featured_media":588396,"template":"","meta":{"_seopress_robots_primary_cat":"","_seopress_titles_title":"","_seopress_titles_desc":"","_seopress_robots_index":""},"product_brand":[3407],"product_cat":[29,514,549,550],"product_tag":[3270],"class_list":{"0":"post-614633","1":"product","2":"type-product","3":"status-publish","4":"has-post-thumbnail","6":"product_brand-milwaukee","7":"product_cat-macchinari","8":"product_cat-altri-dispositivi","9":"product_cat-trapani-e-avvitatori","10":"product_cat-accessori-per-trapani-ed-avvitatori","11":"product_tag-import-milwau","12":"sws-conto-ricavi-merci-rivendita-macchinari-fr","13":"sws-gruppo-iva-iva81-fr","15":"first","16":"onbackorder","17":"sale","18":"shipping-taxable","19":"purchasable","20":"product-type-simple"},"_links":{"self":[{"href":"https:\/\/lucacastelli.com\/fr\/wp-json\/wp\/v2\/product\/614633","targetHints":{"allow":["GET"]}}],"collection":[{"href":"https:\/\/lucacastelli.com\/fr\/wp-json\/wp\/v2\/product"}],"about":[{"href":"https:\/\/lucacastelli.com\/fr\/wp-json\/wp\/v2\/types\/product"}],"wp:featuredmedia":[{"embeddable":true,"href":"https:\/\/lucacastelli.com\/fr\/wp-json\/wp\/v2\/media\/588396"}],"wp:attachment":[{"href":"https:\/\/lucacastelli.com\/fr\/wp-json\/wp\/v2\/media?parent=614633"}],"wp:term":[{"taxonomy":"product_brand","embeddable":true,"href":"https:\/\/lucacastelli.com\/fr\/wp-json\/wp\/v2\/product_brand?post=614633"},{"taxonomy":"product_cat","embeddable":true,"href":"https:\/\/lucacastelli.com\/fr\/wp-json\/wp\/v2\/product_cat?post=614633"},{"taxonomy":"product_tag","embeddable":true,"href":"https:\/\/lucacastelli.com\/fr\/wp-json\/wp\/v2\/product_tag?post=614633"}],"curies":[{"name":"wp","href":"https:\/\/api.w.org\/{rel}","templated":true}]}}