{"id":614601,"date":"2025-08-08T20:08:50","date_gmt":"2025-08-08T18:08:50","guid":{"rendered":"https:\/\/lucacastelli.com\/prodotto\/milwaukee-systeme-daspiration-universel-pour-les-ciseaux-a-bois\/"},"modified":"2025-08-08T20:08:50","modified_gmt":"2025-08-08T18:08:50","slug":"milwaukee-systeme-daspiration-universel-pour-les-ciseaux-a-bois","status":"publish","type":"product","link":"https:\/\/lucacastelli.com\/fr\/produit\/milwaukee-systeme-daspiration-universel-pour-les-ciseaux-a-bois\/","title":{"rendered":"Milwaukee Syst\u00e8me d&#8217;aspiration universel pour les ciseaux \u00e0 bois."},"content":{"rendered":"<p>SDS-MAX CHISEL BOOT<br \/>\nUniversel &#8211; Convient \u00e0 tous les marteaux SDS-Max de diff\u00e9rents mod\u00e8les et styles;Peut \u00eatre utilis\u00e9 avec tous les burins pointus et plats jusqu&#8217;\u00e0 400 mm de largeur 25 mm;Conception mince pour travailler dans les espaces confin\u00e9s;Se connecte facilement aux aspirateurs Milwaukee\u00ae<\/p>\n<p>4932471991<br \/>\n4058546298906<\/p>\n","protected":false},"excerpt":{"rendered":"<p>SDS-MAX CHISEL BOOT<\/p>\n","protected":false},"featured_media":538700,"template":"","meta":{"_seopress_robots_primary_cat":"","_seopress_titles_title":"","_seopress_titles_desc":"","_seopress_robots_index":""},"product_brand":[3407],"product_cat":[29,514,517],"product_tag":[3270],"class_list":{"0":"post-614601","1":"product","2":"type-product","3":"status-publish","4":"has-post-thumbnail","6":"product_brand-milwaukee","7":"product_cat-macchinari","8":"product_cat-altri-dispositivi","9":"product_cat-aspiratori-per-la-pulizia","10":"product_tag-import-milwau","11":"sws-conto-ricavi-merci-rivendita-macchinari-fr","12":"sws-gruppo-iva-iva81-fr","14":"first","15":"onbackorder","16":"sale","17":"shipping-taxable","18":"purchasable","19":"product-type-simple"},"_links":{"self":[{"href":"https:\/\/lucacastelli.com\/fr\/wp-json\/wp\/v2\/product\/614601","targetHints":{"allow":["GET"]}}],"collection":[{"href":"https:\/\/lucacastelli.com\/fr\/wp-json\/wp\/v2\/product"}],"about":[{"href":"https:\/\/lucacastelli.com\/fr\/wp-json\/wp\/v2\/types\/product"}],"wp:featuredmedia":[{"embeddable":true,"href":"https:\/\/lucacastelli.com\/fr\/wp-json\/wp\/v2\/media\/538700"}],"wp:attachment":[{"href":"https:\/\/lucacastelli.com\/fr\/wp-json\/wp\/v2\/media?parent=614601"}],"wp:term":[{"taxonomy":"product_brand","embeddable":true,"href":"https:\/\/lucacastelli.com\/fr\/wp-json\/wp\/v2\/product_brand?post=614601"},{"taxonomy":"product_cat","embeddable":true,"href":"https:\/\/lucacastelli.com\/fr\/wp-json\/wp\/v2\/product_cat?post=614601"},{"taxonomy":"product_tag","embeddable":true,"href":"https:\/\/lucacastelli.com\/fr\/wp-json\/wp\/v2\/product_tag?post=614601"}],"curies":[{"name":"wp","href":"https:\/\/api.w.org\/{rel}","templated":true}]}}