{"id":614596,"date":"2025-08-08T20:08:49","date_gmt":"2025-08-08T18:08:49","guid":{"rendered":"https:\/\/lucacastelli.com\/prodotto\/milwaukee-m18-systeme-de-depoussierage-4\/"},"modified":"2025-08-08T20:08:49","modified_gmt":"2025-08-08T18:08:49","slug":"milwaukee-m18-systeme-de-depoussierage-4","status":"publish","type":"product","link":"https:\/\/lucacastelli.com\/fr\/produit\/milwaukee-m18-systeme-de-depoussierage-4\/","title":{"rendered":"Milwaukee M18 syst\u00e8me de d\u00e9poussi\u00e9rage"},"content":{"rendered":"<p>ENSEMBLE DE FILTRES pour M18DE3pcs<br \/>\nCoffret de collecte de 3, compos\u00e9 d&#8217;une bo\u00eete \u00e0 filtres, d&#8217;un filtre et d&#8217;un couvercle adapt\u00e9 au syst\u00e8me d&#8217;aspiration \u00e0 piles M18<\/p>\n<p>49902342<br \/>\n0045242341948.<\/p>\n","protected":false},"excerpt":{"rendered":"<p>Ensemble de filtres pour M18DE3pcs<\/p>\n","protected":false},"featured_media":496696,"template":"","meta":{"_seopress_robots_primary_cat":"","_seopress_titles_title":"","_seopress_titles_desc":"","_seopress_robots_index":""},"product_brand":[3658],"product_cat":[1474,1453,167],"product_tag":[3273],"class_list":{"0":"post-614596","1":"product","2":"type-product","3":"status-publish","4":"has-post-thumbnail","6":"product_brand-milwaukee-fr","7":"product_cat-aspirateurs-de-nettoyage","8":"product_cat-autres-appareils","9":"product_cat-machines","10":"product_tag-import-milwau-fr","11":"sws-conto-ricavi-merci-rivendita-macchinari-fr","12":"sws-gruppo-iva-iva81-fr","14":"first","15":"onbackorder","16":"sale","17":"shipping-taxable","18":"purchasable","19":"product-type-simple"},"_links":{"self":[{"href":"https:\/\/lucacastelli.com\/fr\/wp-json\/wp\/v2\/product\/614596","targetHints":{"allow":["GET"]}}],"collection":[{"href":"https:\/\/lucacastelli.com\/fr\/wp-json\/wp\/v2\/product"}],"about":[{"href":"https:\/\/lucacastelli.com\/fr\/wp-json\/wp\/v2\/types\/product"}],"wp:featuredmedia":[{"embeddable":true,"href":"https:\/\/lucacastelli.com\/fr\/wp-json\/wp\/v2\/media\/496696"}],"wp:attachment":[{"href":"https:\/\/lucacastelli.com\/fr\/wp-json\/wp\/v2\/media?parent=614596"}],"wp:term":[{"taxonomy":"product_brand","embeddable":true,"href":"https:\/\/lucacastelli.com\/fr\/wp-json\/wp\/v2\/product_brand?post=614596"},{"taxonomy":"product_cat","embeddable":true,"href":"https:\/\/lucacastelli.com\/fr\/wp-json\/wp\/v2\/product_cat?post=614596"},{"taxonomy":"product_tag","embeddable":true,"href":"https:\/\/lucacastelli.com\/fr\/wp-json\/wp\/v2\/product_tag?post=614596"}],"curies":[{"name":"wp","href":"https:\/\/api.w.org\/{rel}","templated":true}]}}