{"id":614571,"date":"2025-08-06T23:32:17","date_gmt":"2025-08-06T21:32:17","guid":{"rendered":"https:\/\/lucacastelli.com\/prodotto\/milwaukee-system-accessories-scies-a-trous-hole-dozer-8\/"},"modified":"2025-08-06T23:32:17","modified_gmt":"2025-08-06T21:32:17","slug":"milwaukee-system-accessories-scies-a-trous-hole-dozer-8","status":"publish","type":"product","link":"https:\/\/lucacastelli.com\/fr\/produit\/milwaukee-system-accessories-scies-a-trous-hole-dozer-8\/","title":{"rendered":"Milwaukee System Accessories &#8211; Scies \u00e0 trous Hole Dozer"},"content":{"rendered":"<p>Rallonge pour perceuse \u00e0 bois QL 7\/16 140mm-1pc<br \/>\nPour les perceuses auto-aliment\u00e9es, les perceuses \u00e0 bois, les scies \u00e0 couronne (diam\u00e8tre de 1dogan ou plus) avec une rallonge de 7\/16dogan<\/p>\n<p>4932479493<br \/>\n4058546372873<\/p>\n","protected":false},"excerpt":{"rendered":"<p>Rallonge pour perceuse \u00e0 bois QL 7\/16 140mm-1pc<\/p>\n","protected":false},"featured_media":544016,"template":"","meta":{"_seopress_robots_primary_cat":"","_seopress_titles_title":"","_seopress_titles_desc":"","_seopress_robots_index":""},"product_brand":[3407],"product_cat":[29,514,549,550],"product_tag":[3270],"class_list":{"0":"post-614571","1":"product","2":"type-product","3":"status-publish","4":"has-post-thumbnail","6":"product_brand-milwaukee","7":"product_cat-macchinari","8":"product_cat-altri-dispositivi","9":"product_cat-trapani-e-avvitatori","10":"product_cat-accessori-per-trapani-ed-avvitatori","11":"product_tag-import-milwau","12":"sws-conto-ricavi-merci-rivendita-macchinari-fr","13":"sws-gruppo-iva-iva81-fr","15":"first","16":"onbackorder","17":"sale","18":"shipping-taxable","19":"purchasable","20":"product-type-simple"},"_links":{"self":[{"href":"https:\/\/lucacastelli.com\/fr\/wp-json\/wp\/v2\/product\/614571","targetHints":{"allow":["GET"]}}],"collection":[{"href":"https:\/\/lucacastelli.com\/fr\/wp-json\/wp\/v2\/product"}],"about":[{"href":"https:\/\/lucacastelli.com\/fr\/wp-json\/wp\/v2\/types\/product"}],"wp:featuredmedia":[{"embeddable":true,"href":"https:\/\/lucacastelli.com\/fr\/wp-json\/wp\/v2\/media\/544016"}],"wp:attachment":[{"href":"https:\/\/lucacastelli.com\/fr\/wp-json\/wp\/v2\/media?parent=614571"}],"wp:term":[{"taxonomy":"product_brand","embeddable":true,"href":"https:\/\/lucacastelli.com\/fr\/wp-json\/wp\/v2\/product_brand?post=614571"},{"taxonomy":"product_cat","embeddable":true,"href":"https:\/\/lucacastelli.com\/fr\/wp-json\/wp\/v2\/product_cat?post=614571"},{"taxonomy":"product_tag","embeddable":true,"href":"https:\/\/lucacastelli.com\/fr\/wp-json\/wp\/v2\/product_tag?post=614571"}],"curies":[{"name":"wp","href":"https:\/\/api.w.org\/{rel}","templated":true}]}}