{"id":614501,"date":"2025-08-08T20:08:48","date_gmt":"2025-08-08T18:08:48","guid":{"rendered":"https:\/\/lucacastelli.com\/prodotto\/milwaukee-m18-systeme-de-depoussierage-3\/"},"modified":"2025-08-08T20:08:48","modified_gmt":"2025-08-08T18:08:48","slug":"milwaukee-m18-systeme-de-depoussierage-3","status":"publish","type":"product","link":"https:\/\/lucacastelli.com\/fr\/produit\/milwaukee-m18-systeme-de-depoussierage-3\/","title":{"rendered":"Milwaukee M18 syst\u00e8me de d\u00e9poussi\u00e9rage"},"content":{"rendered":"<p>SET ACCESSORIES 3pcs<br \/>\nSet de 3 bo\u00eetes de collecte, compos\u00e9 d&#8217;une bo\u00eete \u00e0 filtre, d&#8217;un filtre et d&#8217;un couvercle, adapt\u00e9 au syst\u00e8me d&#8217;aspiration \u00e0 piles M12<\/p>\n<p>49902340<br \/>\n0045242299461<\/p>\n","protected":false},"excerpt":{"rendered":"<p>SET D&#8217;ACCESSOIRES 3pcs<\/p>\n","protected":false},"featured_media":496696,"template":"","meta":{"_seopress_robots_primary_cat":"","_seopress_titles_title":"","_seopress_titles_desc":"","_seopress_robots_index":""},"product_brand":[3407],"product_cat":[29,514,517],"product_tag":[3270],"class_list":{"0":"post-614501","1":"product","2":"type-product","3":"status-publish","4":"has-post-thumbnail","6":"product_brand-milwaukee","7":"product_cat-macchinari","8":"product_cat-altri-dispositivi","9":"product_cat-aspiratori-per-la-pulizia","10":"product_tag-import-milwau","11":"sws-conto-ricavi-merci-rivendita-macchinari-fr","12":"sws-gruppo-iva-iva81-fr","14":"first","15":"onbackorder","16":"sale","17":"shipping-taxable","18":"purchasable","19":"product-type-simple"},"_links":{"self":[{"href":"https:\/\/lucacastelli.com\/fr\/wp-json\/wp\/v2\/product\/614501","targetHints":{"allow":["GET"]}}],"collection":[{"href":"https:\/\/lucacastelli.com\/fr\/wp-json\/wp\/v2\/product"}],"about":[{"href":"https:\/\/lucacastelli.com\/fr\/wp-json\/wp\/v2\/types\/product"}],"wp:featuredmedia":[{"embeddable":true,"href":"https:\/\/lucacastelli.com\/fr\/wp-json\/wp\/v2\/media\/496696"}],"wp:attachment":[{"href":"https:\/\/lucacastelli.com\/fr\/wp-json\/wp\/v2\/media?parent=614501"}],"wp:term":[{"taxonomy":"product_brand","embeddable":true,"href":"https:\/\/lucacastelli.com\/fr\/wp-json\/wp\/v2\/product_brand?post=614501"},{"taxonomy":"product_cat","embeddable":true,"href":"https:\/\/lucacastelli.com\/fr\/wp-json\/wp\/v2\/product_cat?post=614501"},{"taxonomy":"product_tag","embeddable":true,"href":"https:\/\/lucacastelli.com\/fr\/wp-json\/wp\/v2\/product_tag?post=614501"}],"curies":[{"name":"wp","href":"https:\/\/api.w.org\/{rel}","templated":true}]}}