{"id":614500,"date":"2025-08-08T20:08:45","date_gmt":"2025-08-08T18:08:45","guid":{"rendered":"https:\/\/lucacastelli.com\/prodotto\/milwaukee-m18-systeme-de-depoussierage-2\/"},"modified":"2025-08-08T20:08:45","modified_gmt":"2025-08-08T18:08:45","slug":"milwaukee-m18-systeme-de-depoussierage-2","status":"publish","type":"product","link":"https:\/\/lucacastelli.com\/fr\/produit\/milwaukee-m18-systeme-de-depoussierage-2\/","title":{"rendered":"Milwaukee M18 syst\u00e8me de d\u00e9poussi\u00e9rage"},"content":{"rendered":"<p>Buse M12 \/18DE-2pcs NOZZLE<br \/>\nAdaptateur d&#8217;aspiration pour marteaux \u00e9lectriques;Convient \u00e0 M12<\/p>\n<p>49902301<br \/>\n0045242337279<\/p>\n","protected":false},"excerpt":{"rendered":"<p>M12 \/18DE Buse-2pcs NOZZLE<\/p>\n","protected":false},"featured_media":496696,"template":"","meta":{"_seopress_robots_primary_cat":"","_seopress_titles_title":"","_seopress_titles_desc":"","_seopress_robots_index":""},"product_brand":[3658],"product_cat":[1474,1453,167],"product_tag":[3273],"class_list":{"0":"post-614500","1":"product","2":"type-product","3":"status-publish","4":"has-post-thumbnail","6":"product_brand-milwaukee-fr","7":"product_cat-aspirateurs-de-nettoyage","8":"product_cat-autres-appareils","9":"product_cat-machines","10":"product_tag-import-milwau-fr","11":"sws-conto-ricavi-merci-rivendita-macchinari-fr","12":"sws-gruppo-iva-iva81-fr","14":"first","15":"onbackorder","16":"sale","17":"shipping-taxable","18":"purchasable","19":"product-type-simple"},"_links":{"self":[{"href":"https:\/\/lucacastelli.com\/fr\/wp-json\/wp\/v2\/product\/614500","targetHints":{"allow":["GET"]}}],"collection":[{"href":"https:\/\/lucacastelli.com\/fr\/wp-json\/wp\/v2\/product"}],"about":[{"href":"https:\/\/lucacastelli.com\/fr\/wp-json\/wp\/v2\/types\/product"}],"wp:featuredmedia":[{"embeddable":true,"href":"https:\/\/lucacastelli.com\/fr\/wp-json\/wp\/v2\/media\/496696"}],"wp:attachment":[{"href":"https:\/\/lucacastelli.com\/fr\/wp-json\/wp\/v2\/media?parent=614500"}],"wp:term":[{"taxonomy":"product_brand","embeddable":true,"href":"https:\/\/lucacastelli.com\/fr\/wp-json\/wp\/v2\/product_brand?post=614500"},{"taxonomy":"product_cat","embeddable":true,"href":"https:\/\/lucacastelli.com\/fr\/wp-json\/wp\/v2\/product_cat?post=614500"},{"taxonomy":"product_tag","embeddable":true,"href":"https:\/\/lucacastelli.com\/fr\/wp-json\/wp\/v2\/product_tag?post=614500"}],"curies":[{"name":"wp","href":"https:\/\/api.w.org\/{rel}","templated":true}]}}