{"id":614487,"date":"2025-08-08T19:43:42","date_gmt":"2025-08-08T17:43:42","guid":{"rendered":"https:\/\/lucacastelli.com\/prodotto\/milwaukee-rj18xl-m108\/"},"modified":"2025-08-08T19:43:42","modified_gmt":"2025-08-08T17:43:42","slug":"milwaukee-rj18xl-m108","status":"publish","type":"product","link":"https:\/\/lucacastelli.com\/fr\/produit\/milwaukee-rj18xl-m108\/","title":{"rendered":"MILWAUKEE RJ18XL-M108"},"content":{"rendered":"<p>RJ18XL-M108 mm M\u00e2choire annulaire XL + profil M<br \/>\nLes m\u00e2choires de pressage M18 FORCE LOGIC\u2122 sont con\u00e7ues pour r\u00e9pondre aux normes les plus strictes en mati\u00e8re de qualit\u00e9 et de durabilit\u00e9. Pouvant s&#8217;ouvrir facilement avec un seul pouce, ces m\u00e2choires constituent la solution de pressage la plus confortable et la plus pratique <\/p>\n<p>4932479460<br \/>\n4058546372545<\/p>\n","protected":false},"excerpt":{"rendered":"<p>RJ18XL-M108 mm M\u00e2choire annulaire XL + profil\u00e9 M<\/p>\n","protected":false},"featured_media":543847,"template":"","meta":{"_seopress_robots_primary_cat":"","_seopress_titles_title":"","_seopress_titles_desc":"","_seopress_robots_index":""},"product_brand":[3407],"product_cat":[5531,29,514],"product_tag":[3270],"class_list":{"0":"post-614487","1":"product","2":"type-product","3":"status-publish","4":"has-post-thumbnail","6":"product_brand-milwaukee","7":"product_cat-vari-macchinari-milwaukee","8":"product_cat-macchinari","9":"product_cat-altri-dispositivi","10":"product_tag-import-milwau","11":"sws-conto-ricavi-merci-rivendita-macchinari-fr","12":"sws-gruppo-iva-iva81-fr","14":"first","15":"onbackorder","16":"sale","17":"shipping-taxable","18":"purchasable","19":"product-type-simple"},"_links":{"self":[{"href":"https:\/\/lucacastelli.com\/fr\/wp-json\/wp\/v2\/product\/614487","targetHints":{"allow":["GET"]}}],"collection":[{"href":"https:\/\/lucacastelli.com\/fr\/wp-json\/wp\/v2\/product"}],"about":[{"href":"https:\/\/lucacastelli.com\/fr\/wp-json\/wp\/v2\/types\/product"}],"wp:featuredmedia":[{"embeddable":true,"href":"https:\/\/lucacastelli.com\/fr\/wp-json\/wp\/v2\/media\/543847"}],"wp:attachment":[{"href":"https:\/\/lucacastelli.com\/fr\/wp-json\/wp\/v2\/media?parent=614487"}],"wp:term":[{"taxonomy":"product_brand","embeddable":true,"href":"https:\/\/lucacastelli.com\/fr\/wp-json\/wp\/v2\/product_brand?post=614487"},{"taxonomy":"product_cat","embeddable":true,"href":"https:\/\/lucacastelli.com\/fr\/wp-json\/wp\/v2\/product_cat?post=614487"},{"taxonomy":"product_tag","embeddable":true,"href":"https:\/\/lucacastelli.com\/fr\/wp-json\/wp\/v2\/product_tag?post=614487"}],"curies":[{"name":"wp","href":"https:\/\/api.w.org\/{rel}","templated":true}]}}