{"id":614485,"date":"2025-08-08T19:43:40","date_gmt":"2025-08-08T17:43:40","guid":{"rendered":"https:\/\/lucacastelli.com\/prodotto\/milwaukee-rj18xl-m88-9\/"},"modified":"2025-08-08T19:43:40","modified_gmt":"2025-08-08T17:43:40","slug":"milwaukee-rj18xl-m88-9","status":"publish","type":"product","link":"https:\/\/lucacastelli.com\/fr\/produit\/milwaukee-rj18xl-m88-9\/","title":{"rendered":"MILWAUKEE RJ18XL-M88.9"},"content":{"rendered":"<p>RJ18XL-M88,9 mm XL Ring Jaw + M Profile<br \/>\nLes m\u00e2choires de pressage M18 FORCE LOGIC\u2122 sont con\u00e7ues pour r\u00e9pondre aux normes les plus strictes en mati\u00e8re de qualit\u00e9 et de durabilit\u00e9. Avec la possibilit\u00e9 de s&#8217;ouvrir facilement avec un pouce, ces m\u00e2choires constituent la solution de pressage la plus pratique et la plus commode. <\/p>\n<p>4932479459<br \/>\n4058546372538<\/p>\n","protected":false},"excerpt":{"rendered":"<p>RJ18XL-M88.9 mm M\u00e2choire annulaire XL + profil\u00e9 M<\/p>\n","protected":false},"featured_media":543842,"template":"","meta":{"_seopress_robots_primary_cat":"","_seopress_titles_title":"","_seopress_titles_desc":"","_seopress_robots_index":""},"product_brand":[3658],"product_cat":[5532,167,1453],"product_tag":[3273],"class_list":{"0":"post-614485","1":"product","2":"type-product","3":"status-publish","4":"has-post-thumbnail","6":"product_brand-milwaukee-fr","7":"product_cat-diverses-machines-milwaukee","8":"product_cat-machines","9":"product_cat-autres-appareils","10":"product_tag-import-milwau-fr","11":"sws-conto-ricavi-merci-rivendita-macchinari-fr","12":"sws-gruppo-iva-iva81-fr","14":"first","15":"onbackorder","16":"sale","17":"shipping-taxable","18":"purchasable","19":"product-type-simple"},"_links":{"self":[{"href":"https:\/\/lucacastelli.com\/fr\/wp-json\/wp\/v2\/product\/614485","targetHints":{"allow":["GET"]}}],"collection":[{"href":"https:\/\/lucacastelli.com\/fr\/wp-json\/wp\/v2\/product"}],"about":[{"href":"https:\/\/lucacastelli.com\/fr\/wp-json\/wp\/v2\/types\/product"}],"wp:featuredmedia":[{"embeddable":true,"href":"https:\/\/lucacastelli.com\/fr\/wp-json\/wp\/v2\/media\/543842"}],"wp:attachment":[{"href":"https:\/\/lucacastelli.com\/fr\/wp-json\/wp\/v2\/media?parent=614485"}],"wp:term":[{"taxonomy":"product_brand","embeddable":true,"href":"https:\/\/lucacastelli.com\/fr\/wp-json\/wp\/v2\/product_brand?post=614485"},{"taxonomy":"product_cat","embeddable":true,"href":"https:\/\/lucacastelli.com\/fr\/wp-json\/wp\/v2\/product_cat?post=614485"},{"taxonomy":"product_tag","embeddable":true,"href":"https:\/\/lucacastelli.com\/fr\/wp-json\/wp\/v2\/product_tag?post=614485"}],"curies":[{"name":"wp","href":"https:\/\/api.w.org\/{rel}","templated":true}]}}