{"id":614464,"date":"2025-08-08T19:43:31","date_gmt":"2025-08-08T17:43:31","guid":{"rendered":"https:\/\/lucacastelli.com\/prodotto\/milwaukee-ebavureur-de-tuyaux\/"},"modified":"2025-08-08T19:43:31","modified_gmt":"2025-08-08T17:43:31","slug":"milwaukee-ebavureur-de-tuyaux","status":"publish","type":"product","link":"https:\/\/lucacastelli.com\/fr\/produit\/milwaukee-ebavureur-de-tuyaux\/","title":{"rendered":"Milwaukee \u00c9bavureur de tuyaux"},"content":{"rendered":"<p>Ebavureur int\u00e9rieur-ext\u00e9rieur 6-35mm<br \/>\nLes 40 ar\u00eates de coupe tremp\u00e9es et rectifi\u00e9es permettent d&#8217;obtenir un tube propre, sans bavure, pr\u00eat \u00e0 \u00eatre install\u00e9;Le bo\u00eetier m\u00e9tallique robuste en aluminium assure une durabilit\u00e9 maximale pour les conditions de travail les plus difficiles;Le moletage sur la surface ext\u00e9rieure am\u00e9liore la prise en main, m\u00eame avec des gants;Une plus grande polyvalence dans l&#8217;al\u00e9sage de tous les mat\u00e9riaux standard. Plastique, cuivre, aluminium, acier, fer, laiton, acier inoxydable. <\/p>\n<p>4932493812<br \/>\n4058546509729<\/p>\n","protected":false},"excerpt":{"rendered":"<p>\u00c9bavureur int\u00e9rieur-ext\u00e9rieur 6-35mm<\/p>\n","protected":false},"featured_media":564453,"template":"","meta":{"_seopress_robots_primary_cat":"","_seopress_titles_title":"","_seopress_titles_desc":"","_seopress_robots_index":""},"product_brand":[3407],"product_cat":[5531,29,514],"product_tag":[3270],"class_list":{"0":"post-614464","1":"product","2":"type-product","3":"status-publish","4":"has-post-thumbnail","6":"product_brand-milwaukee","7":"product_cat-vari-macchinari-milwaukee","8":"product_cat-macchinari","9":"product_cat-altri-dispositivi","10":"product_tag-import-milwau","11":"sws-conto-ricavi-merci-rivendita-macchinari-fr","12":"sws-gruppo-iva-iva81-fr","14":"first","15":"onbackorder","16":"sale","17":"shipping-taxable","18":"purchasable","19":"product-type-simple"},"_links":{"self":[{"href":"https:\/\/lucacastelli.com\/fr\/wp-json\/wp\/v2\/product\/614464","targetHints":{"allow":["GET"]}}],"collection":[{"href":"https:\/\/lucacastelli.com\/fr\/wp-json\/wp\/v2\/product"}],"about":[{"href":"https:\/\/lucacastelli.com\/fr\/wp-json\/wp\/v2\/types\/product"}],"wp:featuredmedia":[{"embeddable":true,"href":"https:\/\/lucacastelli.com\/fr\/wp-json\/wp\/v2\/media\/564453"}],"wp:attachment":[{"href":"https:\/\/lucacastelli.com\/fr\/wp-json\/wp\/v2\/media?parent=614464"}],"wp:term":[{"taxonomy":"product_brand","embeddable":true,"href":"https:\/\/lucacastelli.com\/fr\/wp-json\/wp\/v2\/product_brand?post=614464"},{"taxonomy":"product_cat","embeddable":true,"href":"https:\/\/lucacastelli.com\/fr\/wp-json\/wp\/v2\/product_cat?post=614464"},{"taxonomy":"product_tag","embeddable":true,"href":"https:\/\/lucacastelli.com\/fr\/wp-json\/wp\/v2\/product_tag?post=614464"}],"curies":[{"name":"wp","href":"https:\/\/api.w.org\/{rel}","templated":true}]}}