{"id":614461,"date":"2025-08-08T19:43:29","date_gmt":"2025-08-08T17:43:29","guid":{"rendered":"https:\/\/lucacastelli.com\/prodotto\/milwaukee-rj18-mp2\/"},"modified":"2025-08-08T19:43:29","modified_gmt":"2025-08-08T17:43:29","slug":"milwaukee-rj18-mp2","status":"publish","type":"product","link":"https:\/\/lucacastelli.com\/fr\/produit\/milwaukee-rj18-mp2\/","title":{"rendered":"MILWAUKEE RJ18-MP2"},"content":{"rendered":"<p>J18-MP2IN M\u00e2choire \u00e0 anneau pour Mega Press<br \/>\nLes m\u00e2choires M12\u2122 et M18 FORCE LOGIC\u2122 sont con\u00e7ues pour atteindre les normes les plus \u00e9lev\u00e9es en mati\u00e8re de qualit\u00e9 de pressage et d&#8217;adh\u00e9rence ;Les m\u00e2choires ont \u00e9t\u00e9 d\u00e9velopp\u00e9es pour \u00eatre facilement ouvertes avec un pouce et, lorsqu&#8217;elles sont associ\u00e9es aux machines \u00e0 presser M12\u2122 et M18 FORCE LOGIC\u2122, elles peuvent \u00eatre utilis\u00e9es d&#8217;une seule main pour des tuyaux allant jusqu&#8217;\u00e0 108 mm;Les m\u00e2choires permettent de r\u00e9aliser des raccords \u00e0 presser de haute qualit\u00e9 avec toutes les marques courantes de raccords<\/p>\n<p>4932479447<br \/>\n4058546372415.<\/p>\n","protected":false},"excerpt":{"rendered":"<p>J18-MP2IN M\u00e2choire \u00e0 anneau pour Mega Press<\/p>\n","protected":false},"featured_media":551031,"template":"","meta":{"_seopress_robots_primary_cat":"","_seopress_titles_title":"","_seopress_titles_desc":"","_seopress_robots_index":""},"product_brand":[3407],"product_cat":[5531,29,514],"product_tag":[3270],"class_list":{"0":"post-614461","1":"product","2":"type-product","3":"status-publish","4":"has-post-thumbnail","6":"product_brand-milwaukee","7":"product_cat-vari-macchinari-milwaukee","8":"product_cat-macchinari","9":"product_cat-altri-dispositivi","10":"product_tag-import-milwau","11":"sws-conto-ricavi-merci-rivendita-macchinari-fr","12":"sws-gruppo-iva-iva81-fr","14":"first","15":"onbackorder","16":"sale","17":"shipping-taxable","18":"purchasable","19":"product-type-simple"},"_links":{"self":[{"href":"https:\/\/lucacastelli.com\/fr\/wp-json\/wp\/v2\/product\/614461","targetHints":{"allow":["GET"]}}],"collection":[{"href":"https:\/\/lucacastelli.com\/fr\/wp-json\/wp\/v2\/product"}],"about":[{"href":"https:\/\/lucacastelli.com\/fr\/wp-json\/wp\/v2\/types\/product"}],"wp:featuredmedia":[{"embeddable":true,"href":"https:\/\/lucacastelli.com\/fr\/wp-json\/wp\/v2\/media\/551031"}],"wp:attachment":[{"href":"https:\/\/lucacastelli.com\/fr\/wp-json\/wp\/v2\/media?parent=614461"}],"wp:term":[{"taxonomy":"product_brand","embeddable":true,"href":"https:\/\/lucacastelli.com\/fr\/wp-json\/wp\/v2\/product_brand?post=614461"},{"taxonomy":"product_cat","embeddable":true,"href":"https:\/\/lucacastelli.com\/fr\/wp-json\/wp\/v2\/product_cat?post=614461"},{"taxonomy":"product_tag","embeddable":true,"href":"https:\/\/lucacastelli.com\/fr\/wp-json\/wp\/v2\/product_tag?post=614461"}],"curies":[{"name":"wp","href":"https:\/\/api.w.org\/{rel}","templated":true}]}}