{"id":614418,"date":"2025-08-08T19:38:32","date_gmt":"2025-08-08T17:38:32","guid":{"rendered":"https:\/\/lucacastelli.com\/prodotto\/milwaukee-trous-de-lentrepreneur-6\/"},"modified":"2025-08-08T19:38:32","modified_gmt":"2025-08-08T17:38:32","slug":"milwaukee-trous-de-lentrepreneur-6","status":"publish","type":"product","link":"https:\/\/lucacastelli.com\/fr\/produit\/milwaukee-trous-de-lentrepreneur-6\/","title":{"rendered":"Milwaukee trous de l&#8217;entrepreneur"},"content":{"rendered":"<p>SAW CUP 24 MM &#8211; Contractor -1pcs<br \/>\nG\u00e9om\u00e9trie variable des dents 4\/6 dents par pouce pour des coupes rapides et une utilisation universelle;Construction des dents en bi-m\u00e9tal pour une durabilit\u00e9 maximale;Pour une utilisation universelle : acier, mat\u00e9riaux non ferreux, plaques de pl\u00e2tre, plastique<\/p>\n<p>4932464677<br \/>\n4058546226220<\/p>\n","protected":false},"excerpt":{"rendered":"<p>SAW CUP 24 MM &#8211; Contractor -1pcs<\/p>\n","protected":false},"featured_media":535330,"template":"","meta":{"_seopress_robots_primary_cat":"","_seopress_titles_title":"","_seopress_titles_desc":"","_seopress_robots_index":""},"product_brand":[3407],"product_cat":[29,514,550],"product_tag":[3270],"class_list":{"0":"post-614418","1":"product","2":"type-product","3":"status-publish","4":"has-post-thumbnail","6":"product_brand-milwaukee","7":"product_cat-macchinari","8":"product_cat-altri-dispositivi","9":"product_cat-accessori-per-trapani-ed-avvitatori","10":"product_tag-import-milwau","11":"sws-conto-ricavi-merci-rivendita-macchinari-fr","12":"sws-gruppo-iva-iva81-fr","14":"first","15":"onbackorder","16":"sale","17":"shipping-taxable","18":"purchasable","19":"product-type-simple"},"_links":{"self":[{"href":"https:\/\/lucacastelli.com\/fr\/wp-json\/wp\/v2\/product\/614418","targetHints":{"allow":["GET"]}}],"collection":[{"href":"https:\/\/lucacastelli.com\/fr\/wp-json\/wp\/v2\/product"}],"about":[{"href":"https:\/\/lucacastelli.com\/fr\/wp-json\/wp\/v2\/types\/product"}],"wp:featuredmedia":[{"embeddable":true,"href":"https:\/\/lucacastelli.com\/fr\/wp-json\/wp\/v2\/media\/535330"}],"wp:attachment":[{"href":"https:\/\/lucacastelli.com\/fr\/wp-json\/wp\/v2\/media?parent=614418"}],"wp:term":[{"taxonomy":"product_brand","embeddable":true,"href":"https:\/\/lucacastelli.com\/fr\/wp-json\/wp\/v2\/product_brand?post=614418"},{"taxonomy":"product_cat","embeddable":true,"href":"https:\/\/lucacastelli.com\/fr\/wp-json\/wp\/v2\/product_cat?post=614418"},{"taxonomy":"product_tag","embeddable":true,"href":"https:\/\/lucacastelli.com\/fr\/wp-json\/wp\/v2\/product_tag?post=614418"}],"curies":[{"name":"wp","href":"https:\/\/api.w.org\/{rel}","templated":true}]}}