{"id":614381,"date":"2025-08-08T19:36:34","date_gmt":"2025-08-08T17:36:34","guid":{"rendered":"https:\/\/lucacastelli.com\/prodotto\/milwaukee-diamond-plus-scies-a-trous-a-sec-a-eau-4\/"},"modified":"2025-08-08T19:36:34","modified_gmt":"2025-08-08T17:36:34","slug":"milwaukee-diamond-plus-scies-a-trous-a-sec-a-eau-4","status":"publish","type":"product","link":"https:\/\/lucacastelli.com\/fr\/produit\/milwaukee-diamond-plus-scies-a-trous-a-sec-a-eau-4\/","title":{"rendered":"Milwaukee Diamond Plus scies \u00e0 trous \u00e0 sec \/ \u00e0 eau"},"content":{"rendered":"<p>DIAMOND HOLE SAW 32 MM -1pcs<br \/>\nLes scies cloches diamant\u00e9es ont \u00e9t\u00e9 d\u00e9velopp\u00e9es pour les professionnels qui ont besoin de percer dans des mat\u00e9riaux extr\u00eamement durs tels que la porcelaine\/les gr\u00e8s\/le carrelage\/la fonte ou la fibre de verre o\u00f9 il est toujours difficile de percer avec des perceuses classiques.Elles garantissent d&#8217;excellentes performances et une dur\u00e9e de vie plus longue m\u00eame dans les mat\u00e9riaux les plus durs;Pulv\u00e9risation : ces scies cloches n\u00e9cessitent une pulv\u00e9risation limit\u00e9e contrairement aux scies cloches diamant\u00e9es classiques qui n\u00e9cessitent un flux d&#8217;eau continu. Il suffit de plonger la scie cloche dans l&#8217;eau au d\u00e9but de chaque trou et de r\u00e9p\u00e9ter cette op\u00e9ration toutes les 5 secondes ;Trous propres : per\u00e7age pr\u00e9cis et propre sans laisser de bavures ;Dur\u00e9e de vie : pour assurer une longue dur\u00e9e de vie, nous utilisons des particules de diamant de haute qualit\u00e9 afin de garantir des performances de coupe maximales et une dur\u00e9e de vie maximale ;Durabilit\u00e9 : corps en alliage durable pour des performances maximales ;Conception de fente large : pour une extraction facile du mat\u00e9riau ;Polyvalence : peut \u00eatre utilis\u00e9e soit avec une meuleuse, gr\u00e2ce aux adaptateurs sp\u00e9ciaux, soit avec une perceuse. <\/p>\n<p>49565620<br \/>\n0045242308453<\/p>\n","protected":false},"excerpt":{"rendered":"<p>scie diamant\u00e9e 32 mm &#8211; 1 pi\u00e8ce<\/p>\n","protected":false},"featured_media":588528,"template":"","meta":{"_seopress_robots_primary_cat":"","_seopress_titles_title":"","_seopress_titles_desc":"","_seopress_robots_index":""},"product_brand":[3407],"product_cat":[29,514,550],"product_tag":[3270],"class_list":{"0":"post-614381","1":"product","2":"type-product","3":"status-publish","4":"has-post-thumbnail","6":"product_brand-milwaukee","7":"product_cat-macchinari","8":"product_cat-altri-dispositivi","9":"product_cat-accessori-per-trapani-ed-avvitatori","10":"product_tag-import-milwau","11":"sws-conto-ricavi-merci-rivendita-macchinari-fr","12":"sws-gruppo-iva-iva81-fr","14":"first","15":"onbackorder","16":"sale","17":"shipping-taxable","18":"purchasable","19":"product-type-simple"},"_links":{"self":[{"href":"https:\/\/lucacastelli.com\/fr\/wp-json\/wp\/v2\/product\/614381","targetHints":{"allow":["GET"]}}],"collection":[{"href":"https:\/\/lucacastelli.com\/fr\/wp-json\/wp\/v2\/product"}],"about":[{"href":"https:\/\/lucacastelli.com\/fr\/wp-json\/wp\/v2\/types\/product"}],"wp:featuredmedia":[{"embeddable":true,"href":"https:\/\/lucacastelli.com\/fr\/wp-json\/wp\/v2\/media\/588528"}],"wp:attachment":[{"href":"https:\/\/lucacastelli.com\/fr\/wp-json\/wp\/v2\/media?parent=614381"}],"wp:term":[{"taxonomy":"product_brand","embeddable":true,"href":"https:\/\/lucacastelli.com\/fr\/wp-json\/wp\/v2\/product_brand?post=614381"},{"taxonomy":"product_cat","embeddable":true,"href":"https:\/\/lucacastelli.com\/fr\/wp-json\/wp\/v2\/product_cat?post=614381"},{"taxonomy":"product_tag","embeddable":true,"href":"https:\/\/lucacastelli.com\/fr\/wp-json\/wp\/v2\/product_tag?post=614381"}],"curies":[{"name":"wp","href":"https:\/\/api.w.org\/{rel}","templated":true}]}}