{"id":614372,"date":"2025-08-08T19:36:30","date_gmt":"2025-08-08T17:36:30","guid":{"rendered":"https:\/\/lucacastelli.com\/prodotto\/perceuses-milwaukee-hcs-7\/"},"modified":"2025-08-08T19:36:30","modified_gmt":"2025-08-08T17:36:30","slug":"perceuses-milwaukee-hcs-7","status":"publish","type":"product","link":"https:\/\/lucacastelli.com\/fr\/produit\/perceuses-milwaukee-hcs-7\/","title":{"rendered":"Perceuses Milwaukee HCS"},"content":{"rendered":"<p>SAW CUP 186 MM &#8211; HCS -1pcs<br \/>\nG\u00e9om\u00e9trie optimis\u00e9e des dents 5 dents par pouce pour une coupe nette dans les mat\u00e9riaux tendres;Pour utilisation dans les plastiques et les plaques de pl\u00e2tre<\/p>\n<p>4932472084<br \/>\n4058546324803<\/p>\n","protected":false},"excerpt":{"rendered":"<p>SAW SAW 186 MM &#8211; HCS -1pcs<\/p>\n","protected":false},"featured_media":599715,"template":"","meta":{"_seopress_robots_primary_cat":"","_seopress_titles_title":"","_seopress_titles_desc":"","_seopress_robots_index":""},"product_brand":[3407],"product_cat":[29,514,550],"product_tag":[3270],"class_list":{"0":"post-614372","1":"product","2":"type-product","3":"status-publish","4":"has-post-thumbnail","6":"product_brand-milwaukee","7":"product_cat-macchinari","8":"product_cat-altri-dispositivi","9":"product_cat-accessori-per-trapani-ed-avvitatori","10":"product_tag-import-milwau","11":"sws-conto-ricavi-merci-rivendita-macchinari-fr","12":"sws-gruppo-iva-iva81-fr","14":"first","15":"onbackorder","16":"sale","17":"shipping-taxable","18":"purchasable","19":"product-type-simple"},"_links":{"self":[{"href":"https:\/\/lucacastelli.com\/fr\/wp-json\/wp\/v2\/product\/614372","targetHints":{"allow":["GET"]}}],"collection":[{"href":"https:\/\/lucacastelli.com\/fr\/wp-json\/wp\/v2\/product"}],"about":[{"href":"https:\/\/lucacastelli.com\/fr\/wp-json\/wp\/v2\/types\/product"}],"wp:featuredmedia":[{"embeddable":true,"href":"https:\/\/lucacastelli.com\/fr\/wp-json\/wp\/v2\/media\/599715"}],"wp:attachment":[{"href":"https:\/\/lucacastelli.com\/fr\/wp-json\/wp\/v2\/media?parent=614372"}],"wp:term":[{"taxonomy":"product_brand","embeddable":true,"href":"https:\/\/lucacastelli.com\/fr\/wp-json\/wp\/v2\/product_brand?post=614372"},{"taxonomy":"product_cat","embeddable":true,"href":"https:\/\/lucacastelli.com\/fr\/wp-json\/wp\/v2\/product_cat?post=614372"},{"taxonomy":"product_tag","embeddable":true,"href":"https:\/\/lucacastelli.com\/fr\/wp-json\/wp\/v2\/product_tag?post=614372"}],"curies":[{"name":"wp","href":"https:\/\/api.w.org\/{rel}","templated":true}]}}