{"id":614368,"date":"2025-08-08T19:36:30","date_gmt":"2025-08-08T17:36:30","guid":{"rendered":"https:\/\/lucacastelli.com\/prodotto\/perceuses-milwaukee-hcs-6\/"},"modified":"2025-08-08T19:36:30","modified_gmt":"2025-08-08T17:36:30","slug":"perceuses-milwaukee-hcs-6","status":"publish","type":"product","link":"https:\/\/lucacastelli.com\/fr\/produit\/perceuses-milwaukee-hcs-6\/","title":{"rendered":"Perceuses Milwaukee HCS"},"content":{"rendered":"<p>TORCH SAW 212 MM &#8211; HCS -1pcs<br \/>\nG\u00e9om\u00e9trie optimis\u00e9e des dents 5 dents par pouce pour une coupe nette dans les mat\u00e9riaux tendres;Utilisation dans les plastiques et les plaques de pl\u00e2tre<\/p>\n<p>4932472086<br \/>\n4058546324827<\/p>\n","protected":false},"excerpt":{"rendered":"<p>SAW SAW 212 MM &#8211; HCS -1pcs<\/p>\n","protected":false},"featured_media":538890,"template":"","meta":{"_seopress_robots_primary_cat":"","_seopress_titles_title":"","_seopress_titles_desc":"","_seopress_robots_index":""},"product_brand":[3658],"product_cat":[1555,1453,167],"product_tag":[3273],"class_list":{"0":"post-614368","1":"product","2":"type-product","3":"status-publish","4":"has-post-thumbnail","6":"product_brand-milwaukee-fr","7":"product_cat-accessoires-pour-perceuses-et-tournevis","8":"product_cat-autres-appareils","9":"product_cat-machines","10":"product_tag-import-milwau-fr","11":"sws-conto-ricavi-merci-rivendita-macchinari-fr","12":"sws-gruppo-iva-iva81-fr","14":"first","15":"onbackorder","16":"sale","17":"shipping-taxable","18":"purchasable","19":"product-type-simple"},"_links":{"self":[{"href":"https:\/\/lucacastelli.com\/fr\/wp-json\/wp\/v2\/product\/614368","targetHints":{"allow":["GET"]}}],"collection":[{"href":"https:\/\/lucacastelli.com\/fr\/wp-json\/wp\/v2\/product"}],"about":[{"href":"https:\/\/lucacastelli.com\/fr\/wp-json\/wp\/v2\/types\/product"}],"wp:featuredmedia":[{"embeddable":true,"href":"https:\/\/lucacastelli.com\/fr\/wp-json\/wp\/v2\/media\/538890"}],"wp:attachment":[{"href":"https:\/\/lucacastelli.com\/fr\/wp-json\/wp\/v2\/media?parent=614368"}],"wp:term":[{"taxonomy":"product_brand","embeddable":true,"href":"https:\/\/lucacastelli.com\/fr\/wp-json\/wp\/v2\/product_brand?post=614368"},{"taxonomy":"product_cat","embeddable":true,"href":"https:\/\/lucacastelli.com\/fr\/wp-json\/wp\/v2\/product_cat?post=614368"},{"taxonomy":"product_tag","embeddable":true,"href":"https:\/\/lucacastelli.com\/fr\/wp-json\/wp\/v2\/product_tag?post=614368"}],"curies":[{"name":"wp","href":"https:\/\/api.w.org\/{rel}","templated":true}]}}