{"id":614341,"date":"2025-08-08T19:36:20","date_gmt":"2025-08-08T17:36:20","guid":{"rendered":"https:\/\/lucacastelli.com\/prodotto\/scies-hole-dozer-milwaukee-42\/"},"modified":"2025-08-08T19:36:20","modified_gmt":"2025-08-08T17:36:20","slug":"scies-hole-dozer-milwaukee-42","status":"publish","type":"product","link":"https:\/\/lucacastelli.com\/fr\/produit\/scies-hole-dozer-milwaukee-42\/","title":{"rendered":"Scies Hole Dozer Milwaukee"},"content":{"rendered":"<p>Scie cloche BiM Hole Dozer 117mm -1pc<br \/>\nScies cloches Bi-Metal haute performance;Conception de dents variables (4\/6 dents par pouce), inclinaison de 10\u00b0 permet : Des coupes plus rapides et plus agressives. Dispersion de la chaleur pendant la coupe pour une usure moindre des dents. Conception sp\u00e9ciale des dents, moins de tendance au serrage sur les mat\u00e9riaux plus fins. La conception sp\u00e9ciale des dents r\u00e9duit la tendance au grippage. N\u00e9cessite moins de pression &#8211; Ceci est obtenu par la combinaison d&#8217;une g\u00e9om\u00e9trie de dent agressive et d&#8217;une bonne \u00e9jection des copeaux;Composition de la dent. Composition d&#8217;acier Matrix II contenant 8 % de cobalt, ce qui permet aux dents de rester intactes m\u00eame dans les applications les plus lourdes. Construction bi-m\u00e9tallique &#8211; les dents en acier sont soud\u00e9es au laser sur un corps en acier alli\u00e9. Les dents sont tremp\u00e9es dans un m\u00e9tal de 65 HRC \u00e0 une temp\u00e9rature de 600\u00b0C pour une durabilit\u00e9 maximale. Gr\u00e2ce \u00e0 la grande r\u00e9sistance \u00e0 l&#8217;usure de l&#8217;acier Matrix II, ces scies cloches sont id\u00e9ales pour couper des mat\u00e9riaux tels que l&#8217;acier inoxydable et des mat\u00e9riaux tendres tels que le bois;Noyau robuste d&#8217;une \u00e9paisseur de 1,27 mm, assurant le bon \u00e9quilibre entre rigidit\u00e9 et \u00e9lasticit\u00e9 lors de l&#8217;application. Profondeur de coupe de 41 mm;Plaque arri\u00e8re. Le talon en acier a une \u00e9paisseur de 5 mm, cette caract\u00e9ristique r\u00e9duit consid\u00e9rablement les vibrations et emp\u00eache la scie cloche de se dilater. Excellente concentricit\u00e9, assure des performances optimales;Grande zone d&#8217;acc\u00e8s lat\u00e9rale pour un enl\u00e8vement rapide et facile des mat\u00e9riaux;Gr\u00e2ce \u00e0 leur construction robuste et \u00e0 leur rotation parfaite, ces scies cloches ne conviennent pas seulement aux outils sans fil et filaires, mais peuvent parfois \u00eatre utilis\u00e9es avec des \u00e9quipements stationnaires;Cette gamme de scies cloches de haute qualit\u00e9 est la solution parfaite pour couper tous les types de mat\u00e9riaux : Acier jusqu&#8217;\u00e0 1000 N\/mm2, acier inoxydable et acier r\u00e9sistant aux acides, mat\u00e9riaux non ferreux, fonte, aluminium, bois, MDF, plaques de pl\u00e2tre, sandwich, PVC.           <\/p>\n<p>49560239<br \/>\n0045242587285<\/p>\n","protected":false},"excerpt":{"rendered":"<p>Scie \u00e0 guichet BiM Hole Dozer 117mm -1pc<\/p>\n","protected":false},"featured_media":588103,"template":"","meta":{"_seopress_robots_primary_cat":"","_seopress_titles_title":"","_seopress_titles_desc":"","_seopress_robots_index":""},"product_brand":[3407],"product_cat":[29,514,550],"product_tag":[3270],"class_list":{"0":"post-614341","1":"product","2":"type-product","3":"status-publish","4":"has-post-thumbnail","6":"product_brand-milwaukee","7":"product_cat-macchinari","8":"product_cat-altri-dispositivi","9":"product_cat-accessori-per-trapani-ed-avvitatori","10":"product_tag-import-milwau","11":"sws-conto-ricavi-merci-rivendita-macchinari-fr","12":"sws-gruppo-iva-iva81-fr","14":"first","15":"onbackorder","16":"sale","17":"shipping-taxable","18":"purchasable","19":"product-type-simple"},"_links":{"self":[{"href":"https:\/\/lucacastelli.com\/fr\/wp-json\/wp\/v2\/product\/614341","targetHints":{"allow":["GET"]}}],"collection":[{"href":"https:\/\/lucacastelli.com\/fr\/wp-json\/wp\/v2\/product"}],"about":[{"href":"https:\/\/lucacastelli.com\/fr\/wp-json\/wp\/v2\/types\/product"}],"wp:featuredmedia":[{"embeddable":true,"href":"https:\/\/lucacastelli.com\/fr\/wp-json\/wp\/v2\/media\/588103"}],"wp:attachment":[{"href":"https:\/\/lucacastelli.com\/fr\/wp-json\/wp\/v2\/media?parent=614341"}],"wp:term":[{"taxonomy":"product_brand","embeddable":true,"href":"https:\/\/lucacastelli.com\/fr\/wp-json\/wp\/v2\/product_brand?post=614341"},{"taxonomy":"product_cat","embeddable":true,"href":"https:\/\/lucacastelli.com\/fr\/wp-json\/wp\/v2\/product_cat?post=614341"},{"taxonomy":"product_tag","embeddable":true,"href":"https:\/\/lucacastelli.com\/fr\/wp-json\/wp\/v2\/product_tag?post=614341"}],"curies":[{"name":"wp","href":"https:\/\/api.w.org\/{rel}","templated":true}]}}