{"id":614302,"date":"2025-08-09T11:15:00","date_gmt":"2025-08-09T09:15:00","guid":{"rendered":"https:\/\/lucacastelli.com\/prodotto\/milwaukee-recepteur-laser-rotatif-vert-300-metres\/"},"modified":"2025-08-09T11:15:00","modified_gmt":"2025-08-09T09:15:00","slug":"milwaukee-recepteur-laser-rotatif-vert-300-metres","status":"publish","type":"product","link":"https:\/\/lucacastelli.com\/fr\/produit\/milwaukee-recepteur-laser-rotatif-vert-300-metres\/","title":{"rendered":"Milwaukee R\u00e9cepteur laser rotatif vert 300 m\u00e8tres"},"content":{"rendered":"<p>RD300G \/LEVEL LASER ACCESSOIRES<br \/>\nPort\u00e9e de 300 m\u00e8tres en combinaison avec le laser M18 RLOHVG300, pour les applications \u00e0 longue distance;Le r\u00e9cepteur RD300G avec t\u00e9l\u00e9commande int\u00e9gr\u00e9e permet de r\u00e9gler le laser M18 RLOHVG300 \u00e0 distance;Affichage r\u00e9tro\u00e9clair\u00e9 facile \u00e0 lire, en mm et en pouces, \u00e0 l&#8217;arri\u00e8re et \u00e0 l&#8217;avant, pour une bonne visibilit\u00e9 \u00e0 l&#8217;int\u00e9rieur comme \u00e0 l&#8217;ext\u00e9rieur;5 r\u00e9glages de pr\u00e9cision pour r\u00e9gler le r\u00e9cepteur en fonction de l&#8217;application la plus sp\u00e9cifique, de 0.5 mm \u00e0 10 mm;Con\u00e7u pour r\u00e9sister aux conditions de chantier les plus difficiles : indice IP67, r\u00e9siste \u00e0 des chutes jusqu&#8217;\u00e0 2 m\u00e8tres;Masquage r\u00e9glable pour \u00e9viter les interf\u00e9rences et les r\u00e9flexions du laser sur les fen\u00eatres sur le chantier;De puissants aimants \u00e0 l&#8217;avant et sur le c\u00f4t\u00e9 du r\u00e9cepteur permettent de le fixer sur des surfaces m\u00e9talliques, ce qui est id\u00e9al pour les installations en faux plafond;Zone de r\u00e9ception de 120 mm pour une lisibilit\u00e9 maximale;Ligne m\u00e9diane r\u00e9glable pour le r\u00e9glage le plus efficace du laser.<\/p>\n<p>4932493198<br \/>\n4058546480691<\/p>\n","protected":false},"excerpt":{"rendered":"<p>RD300G \/LEVEL LASER ACCESSOIRES<\/p>\n","protected":false},"featured_media":561388,"template":"","meta":{"_seopress_robots_primary_cat":"","_seopress_titles_title":"","_seopress_titles_desc":"","_seopress_robots_index":""},"product_brand":[3407],"product_cat":[29,514,551],"product_tag":[3270],"class_list":{"0":"post-614302","1":"product","2":"type-product","3":"status-publish","4":"has-post-thumbnail","6":"product_brand-milwaukee","7":"product_cat-macchinari","8":"product_cat-altri-dispositivi","9":"product_cat-apparecchi-di-misurazione","10":"product_tag-import-milwau","11":"sws-conto-ricavi-merci-rivendita-macchinari-fr","12":"sws-gruppo-iva-iva81-fr","14":"first","15":"onbackorder","16":"sale","17":"shipping-taxable","18":"purchasable","19":"product-type-simple"},"_links":{"self":[{"href":"https:\/\/lucacastelli.com\/fr\/wp-json\/wp\/v2\/product\/614302","targetHints":{"allow":["GET"]}}],"collection":[{"href":"https:\/\/lucacastelli.com\/fr\/wp-json\/wp\/v2\/product"}],"about":[{"href":"https:\/\/lucacastelli.com\/fr\/wp-json\/wp\/v2\/types\/product"}],"wp:featuredmedia":[{"embeddable":true,"href":"https:\/\/lucacastelli.com\/fr\/wp-json\/wp\/v2\/media\/561388"}],"wp:attachment":[{"href":"https:\/\/lucacastelli.com\/fr\/wp-json\/wp\/v2\/media?parent=614302"}],"wp:term":[{"taxonomy":"product_brand","embeddable":true,"href":"https:\/\/lucacastelli.com\/fr\/wp-json\/wp\/v2\/product_brand?post=614302"},{"taxonomy":"product_cat","embeddable":true,"href":"https:\/\/lucacastelli.com\/fr\/wp-json\/wp\/v2\/product_cat?post=614302"},{"taxonomy":"product_tag","embeddable":true,"href":"https:\/\/lucacastelli.com\/fr\/wp-json\/wp\/v2\/product_tag?post=614302"}],"curies":[{"name":"wp","href":"https:\/\/api.w.org\/{rel}","templated":true}]}}