{"id":614189,"date":"2025-08-09T11:11:18","date_gmt":"2025-08-09T09:11:18","guid":{"rendered":"https:\/\/lucacastelli.com\/prodotto\/milwaukee-embouts-pour-verre-et-carrelage\/"},"modified":"2026-04-15T11:55:48","modified_gmt":"2026-04-15T09:55:48","slug":"milwaukee-embouts-pour-verre-et-carrelage","status":"publish","type":"product","link":"https:\/\/lucacastelli.com\/fr\/produit\/milwaukee-embouts-pour-verre-et-carrelage\/","title":{"rendered":"MILWAUKEE Forets pour verre &amp; carrelage"},"content":{"rendered":"<p>FORET VERRE et CARREAUX 5.5X50 mm &#8211; 1 pce<br \/>\nAdapt\u00e9 pour percer le verre non tremp\u00e9, les carreaux de duret\u00e9 moyenne \u00e0 faible et la c\u00e9ramique ; Carbure aff\u00fbt\u00e9 pour un per\u00e7age plus rapide ; Tranchant en carbure renforc\u00e9 pour une plus longue dur\u00e9e de vie ; Tranchant de couleur rouge<\/p>\n<p>4932471855<br \/>\n4058546297541<\/p>\n","protected":false},"excerpt":{"rendered":"<p>FORET VERRE et CARREAUX 5.5X50 mm &#8211; 1 pce<\/p>\n","protected":false},"featured_media":538023,"template":"","meta":{"_seopress_robots_primary_cat":"","_seopress_titles_title":"","_seopress_titles_desc":"","_seopress_robots_index":""},"product_brand":[3407],"product_cat":[514,549,550,33],"product_tag":[3270],"class_list":{"0":"post-614189","1":"product","2":"type-product","3":"status-publish","4":"has-post-thumbnail","6":"product_brand-milwaukee","7":"product_cat-altri-dispositivi","8":"product_cat-trapani-e-avvitatori","9":"product_cat-accessori-per-trapani-ed-avvitatori","10":"product_cat-attrezzature","11":"product_tag-import-milwau","12":"sws-conto-ricavi-merci-rivendita-macchinari-fr","13":"sws-gruppo-iva-iva81-fr","15":"first","16":"onbackorder","17":"sale","18":"shipping-taxable","19":"purchasable","20":"product-type-simple"},"_links":{"self":[{"href":"https:\/\/lucacastelli.com\/fr\/wp-json\/wp\/v2\/product\/614189","targetHints":{"allow":["GET"]}}],"collection":[{"href":"https:\/\/lucacastelli.com\/fr\/wp-json\/wp\/v2\/product"}],"about":[{"href":"https:\/\/lucacastelli.com\/fr\/wp-json\/wp\/v2\/types\/product"}],"wp:featuredmedia":[{"embeddable":true,"href":"https:\/\/lucacastelli.com\/fr\/wp-json\/wp\/v2\/media\/538023"}],"wp:attachment":[{"href":"https:\/\/lucacastelli.com\/fr\/wp-json\/wp\/v2\/media?parent=614189"}],"wp:term":[{"taxonomy":"product_brand","embeddable":true,"href":"https:\/\/lucacastelli.com\/fr\/wp-json\/wp\/v2\/product_brand?post=614189"},{"taxonomy":"product_cat","embeddable":true,"href":"https:\/\/lucacastelli.com\/fr\/wp-json\/wp\/v2\/product_cat?post=614189"},{"taxonomy":"product_tag","embeddable":true,"href":"https:\/\/lucacastelli.com\/fr\/wp-json\/wp\/v2\/product_tag?post=614189"}],"curies":[{"name":"wp","href":"https:\/\/api.w.org\/{rel}","templated":true}]}}