{"id":614188,"date":"2025-08-09T11:11:16","date_gmt":"2025-08-09T09:11:16","guid":{"rendered":"https:\/\/lucacastelli.com\/prodotto\/milwaukee-perceuses-sds-plus-avec-aspiration-4-tranchants-conception-modulaire-6\/"},"modified":"2025-08-09T11:11:16","modified_gmt":"2025-08-09T09:11:16","slug":"milwaukee-perceuses-sds-plus-avec-aspiration-4-tranchants-conception-modulaire-6","status":"publish","type":"product","link":"https:\/\/lucacastelli.com\/fr\/produit\/milwaukee-perceuses-sds-plus-avec-aspiration-4-tranchants-conception-modulaire-6\/","title":{"rendered":"Milwaukee Perceuses SDS-Plus avec aspiration &#8211; 4 tranchants &#8211; Conception modulaire"},"content":{"rendered":"<p>SDS-Plus ASPIRANT MOD 8&#215;136 MM BITCH<br \/>\nPer\u00e7age efficace sans poussi\u00e8re pour un environnement de travail plus s\u00fbr et plus propre;Capte jusqu&#8217;\u00e0 99% de la poussi\u00e8re;Refroidissement actif de l&#8217;ar\u00eate de coupe pour une dur\u00e9e de vie plus longue;La conception \u00e0 4 fraises te permet de travailler sans probl\u00e8me m\u00eame sur du b\u00e9ton arm\u00e9;Marque PGM pour une pr\u00e9cision de per\u00e7age maximale;Connecteur universel pour tous les extracteurs de poussi\u00e8re courants avec une tige de 32 \u00e0 38 mm<\/p>\n<p>4932471157<br \/>\n4058546287856<\/p>\n","protected":false},"excerpt":{"rendered":"<p>Perceuse ASPIRATING SDS-Plus MOD 8&#215;136 MM<\/p>\n","protected":false},"featured_media":600059,"template":"","meta":{"_seopress_robots_primary_cat":"","_seopress_titles_title":"","_seopress_titles_desc":"","_seopress_robots_index":""},"product_brand":[3407],"product_cat":[514,549,550,33],"product_tag":[3270],"class_list":{"0":"post-614188","1":"product","2":"type-product","3":"status-publish","4":"has-post-thumbnail","6":"product_brand-milwaukee","7":"product_cat-altri-dispositivi","8":"product_cat-trapani-e-avvitatori","9":"product_cat-accessori-per-trapani-ed-avvitatori","10":"product_cat-attrezzature","11":"product_tag-import-milwau","12":"sws-conto-ricavi-merci-rivendita-macchinari-fr","13":"sws-gruppo-iva-iva81-fr","15":"first","16":"onbackorder","17":"sale","18":"shipping-taxable","19":"purchasable","20":"product-type-simple"},"_links":{"self":[{"href":"https:\/\/lucacastelli.com\/fr\/wp-json\/wp\/v2\/product\/614188","targetHints":{"allow":["GET"]}}],"collection":[{"href":"https:\/\/lucacastelli.com\/fr\/wp-json\/wp\/v2\/product"}],"about":[{"href":"https:\/\/lucacastelli.com\/fr\/wp-json\/wp\/v2\/types\/product"}],"wp:featuredmedia":[{"embeddable":true,"href":"https:\/\/lucacastelli.com\/fr\/wp-json\/wp\/v2\/media\/600059"}],"wp:attachment":[{"href":"https:\/\/lucacastelli.com\/fr\/wp-json\/wp\/v2\/media?parent=614188"}],"wp:term":[{"taxonomy":"product_brand","embeddable":true,"href":"https:\/\/lucacastelli.com\/fr\/wp-json\/wp\/v2\/product_brand?post=614188"},{"taxonomy":"product_cat","embeddable":true,"href":"https:\/\/lucacastelli.com\/fr\/wp-json\/wp\/v2\/product_cat?post=614188"},{"taxonomy":"product_tag","embeddable":true,"href":"https:\/\/lucacastelli.com\/fr\/wp-json\/wp\/v2\/product_tag?post=614188"}],"curies":[{"name":"wp","href":"https:\/\/api.w.org\/{rel}","templated":true}]}}