{"id":614168,"date":"2025-08-09T11:11:08","date_gmt":"2025-08-09T09:11:08","guid":{"rendered":"https:\/\/lucacastelli.com\/prodotto\/milwaukee-perceuses-sds-plus-mx4-a-4-tranchants-53\/"},"modified":"2025-08-09T11:11:08","modified_gmt":"2025-08-09T09:11:08","slug":"milwaukee-perceuses-sds-plus-mx4-a-4-tranchants-53","status":"publish","type":"product","link":"https:\/\/lucacastelli.com\/fr\/produit\/milwaukee-perceuses-sds-plus-mx4-a-4-tranchants-53\/","title":{"rendered":"Milwaukee Perceuses SDS-Plus MX4 \u00e0 4 tranchants"},"content":{"rendered":"<p>Forets SDS-Plus MX4 \u00e0 4 fraises<br \/>\nSDS+ MX4 3,5x115mm-1pc<br \/>\nBloc de carbure unique \u00e0 4 fraises (4 x 90 degr\u00e9s). Pour des trous parfaitement ronds et un ancrage optimal;G\u00e9om\u00e9trie \u00e0 4 rainures, assure une extraction maximale de la poussi\u00e8re et des d\u00e9bris;Pointe de centrage pour un centrage facile et une pr\u00e9cision maximale des trous;Plus de carbure conduit \u00e0 une dur\u00e9e de vie plus longue;4 dents de brise-roche produisent des micro-fractures dans le b\u00e9ton qui augmentent la vitesse. Elles pulv\u00e9risent le mat\u00e9riau plus efficacement. 20 % plus rapide que les concurrents;Chanfreinage lat\u00e9ral de l&#8217;ar\u00eate de coupe pour une plus grande r\u00e9sistance dans le b\u00e9ton arm\u00e9. Ces forets ont une dur\u00e9e de vie 4 fois sup\u00e9rieure \u00e0 celle des forets \u00e0 2 fraises;Nouvelle conception de l&#8217;\u00e9paulement qui se r\u00e9tr\u00e9cit \u00e0 l&#8217;approche du bord de coupe pour une meilleure extraction de la poussi\u00e8re, une plus grande vitesse et une friction minimis\u00e9e. Jusqu&#8217;\u00e0 20 % de trous en plus par charge par rapport \u00e0 la concurrence;Fabriqu\u00e9 en Allemagne;Certifi\u00e9 PGM     <\/p>\n<p>4932500056<br \/>\n4058546572204<\/p>\n","protected":false},"excerpt":{"rendered":"<p>SDS+ MX4 3.5x115mm-1pc<\/p>\n","protected":false},"featured_media":600055,"template":"","meta":{"_seopress_robots_primary_cat":"","_seopress_titles_title":"","_seopress_titles_desc":"","_seopress_robots_index":""},"product_brand":[3407],"product_cat":[514,549,550,33],"product_tag":[3270],"class_list":{"0":"post-614168","1":"product","2":"type-product","3":"status-publish","4":"has-post-thumbnail","6":"product_brand-milwaukee","7":"product_cat-altri-dispositivi","8":"product_cat-trapani-e-avvitatori","9":"product_cat-accessori-per-trapani-ed-avvitatori","10":"product_cat-attrezzature","11":"product_tag-import-milwau","12":"sws-conto-ricavi-merci-rivendita-macchinari-fr","13":"sws-gruppo-iva-iva81-fr","15":"first","16":"onbackorder","17":"sale","18":"shipping-taxable","19":"purchasable","20":"product-type-simple"},"_links":{"self":[{"href":"https:\/\/lucacastelli.com\/fr\/wp-json\/wp\/v2\/product\/614168","targetHints":{"allow":["GET"]}}],"collection":[{"href":"https:\/\/lucacastelli.com\/fr\/wp-json\/wp\/v2\/product"}],"about":[{"href":"https:\/\/lucacastelli.com\/fr\/wp-json\/wp\/v2\/types\/product"}],"wp:featuredmedia":[{"embeddable":true,"href":"https:\/\/lucacastelli.com\/fr\/wp-json\/wp\/v2\/media\/600055"}],"wp:attachment":[{"href":"https:\/\/lucacastelli.com\/fr\/wp-json\/wp\/v2\/media?parent=614168"}],"wp:term":[{"taxonomy":"product_brand","embeddable":true,"href":"https:\/\/lucacastelli.com\/fr\/wp-json\/wp\/v2\/product_brand?post=614168"},{"taxonomy":"product_cat","embeddable":true,"href":"https:\/\/lucacastelli.com\/fr\/wp-json\/wp\/v2\/product_cat?post=614168"},{"taxonomy":"product_tag","embeddable":true,"href":"https:\/\/lucacastelli.com\/fr\/wp-json\/wp\/v2\/product_tag?post=614168"}],"curies":[{"name":"wp","href":"https:\/\/api.w.org\/{rel}","templated":true}]}}