{"id":614165,"date":"2025-08-09T11:11:07","date_gmt":"2025-08-09T09:11:07","guid":{"rendered":"https:\/\/lucacastelli.com\/prodotto\/milwaukee-perceuses-sds-plus-mx4-a-4-tranchants-52\/"},"modified":"2025-08-09T11:11:07","modified_gmt":"2025-08-09T09:11:07","slug":"milwaukee-perceuses-sds-plus-mx4-a-4-tranchants-52","status":"publish","type":"product","link":"https:\/\/lucacastelli.com\/fr\/produit\/milwaukee-perceuses-sds-plus-mx4-a-4-tranchants-52\/","title":{"rendered":"Milwaukee Perceuses SDS-Plus MX4 \u00e0 4 tranchants"},"content":{"rendered":"<p>SET 2 SDS-Plus MX4 7pcs<br \/>\nBloc unique de 4 ar\u00eates de coupe en carbure (4&#215;90\u00b0). Pour des trous parfaitement ronds et un ancrage optimal.;Nouvelle conception de l&#8217;ar\u00eate de coupe pour un per\u00e7age facile, une plus grande pr\u00e9cision et des performances accrues sur les barres d&#8217;armature.;Ar\u00eate de coupe en carbure soud\u00e9e sur le corps du foret (5-10 mm) et ar\u00eate de coupe en carbure sertie et soud\u00e9e sur le corps du foret (12-32 mm) pour une plus grande durabilit\u00e9.G\u00e9om\u00e9trie \u00e0 4 rainures : la g\u00e9om\u00e9trie \u00e0 grand volume et \u00e0 4 h\u00e9lices garantit une \u00e9vacuation optimale de la poussi\u00e8re et des d\u00e9bris ;Pointe de centrage ;Pour un per\u00e7age ponctuel facile avec une pr\u00e9cision millim\u00e9trique.;Certifi\u00e9 PGM;Fabriqu\u00e9 en Allemagne.<\/p>\n<p>4932492114<br \/>\n4058546414818<\/p>\n","protected":false},"excerpt":{"rendered":"<p>SET 2 SDS-Plus MX4 7pcs.<\/p>\n","protected":false},"featured_media":491422,"template":"","meta":{"_seopress_robots_primary_cat":"","_seopress_titles_title":"","_seopress_titles_desc":"","_seopress_robots_index":""},"product_brand":[3407],"product_cat":[514,549,550,33],"product_tag":[3270],"class_list":{"0":"post-614165","1":"product","2":"type-product","3":"status-publish","4":"has-post-thumbnail","6":"product_brand-milwaukee","7":"product_cat-altri-dispositivi","8":"product_cat-trapani-e-avvitatori","9":"product_cat-accessori-per-trapani-ed-avvitatori","10":"product_cat-attrezzature","11":"product_tag-import-milwau","12":"sws-conto-ricavi-merci-rivendita-macchinari-fr","13":"sws-gruppo-iva-iva81-fr","15":"first","16":"onbackorder","17":"sale","18":"shipping-taxable","19":"purchasable","20":"product-type-simple"},"_links":{"self":[{"href":"https:\/\/lucacastelli.com\/fr\/wp-json\/wp\/v2\/product\/614165","targetHints":{"allow":["GET"]}}],"collection":[{"href":"https:\/\/lucacastelli.com\/fr\/wp-json\/wp\/v2\/product"}],"about":[{"href":"https:\/\/lucacastelli.com\/fr\/wp-json\/wp\/v2\/types\/product"}],"wp:featuredmedia":[{"embeddable":true,"href":"https:\/\/lucacastelli.com\/fr\/wp-json\/wp\/v2\/media\/491422"}],"wp:attachment":[{"href":"https:\/\/lucacastelli.com\/fr\/wp-json\/wp\/v2\/media?parent=614165"}],"wp:term":[{"taxonomy":"product_brand","embeddable":true,"href":"https:\/\/lucacastelli.com\/fr\/wp-json\/wp\/v2\/product_brand?post=614165"},{"taxonomy":"product_cat","embeddable":true,"href":"https:\/\/lucacastelli.com\/fr\/wp-json\/wp\/v2\/product_cat?post=614165"},{"taxonomy":"product_tag","embeddable":true,"href":"https:\/\/lucacastelli.com\/fr\/wp-json\/wp\/v2\/product_tag?post=614165"}],"curies":[{"name":"wp","href":"https:\/\/api.w.org\/{rel}","templated":true}]}}