{"id":614007,"date":"2025-08-09T11:09:00","date_gmt":"2025-08-09T09:09:00","guid":{"rendered":"https:\/\/lucacastelli.com\/prodotto\/milwaukee-pointes-larges-pour-le-selfie-2\/"},"modified":"2025-08-09T11:09:00","modified_gmt":"2025-08-09T09:09:00","slug":"milwaukee-pointes-larges-pour-le-selfie-2","status":"publish","type":"product","link":"https:\/\/lucacastelli.com\/fr\/produit\/milwaukee-pointes-larges-pour-le-selfie-2\/","title":{"rendered":"Milwaukee Pointes larges pour le selfie"},"content":{"rendered":"<p>Perceuse \u00e0 bois M\u00e8che \u00e9go\u00efne 117mm-1pc<br \/>\nSupport rempla\u00e7able&lt;br&gt; Arbre rempla\u00e7able<\/p>\n<p>4932479491<br \/>\n4058546372859<\/p>\n","protected":false},"excerpt":{"rendered":"<p>Foreuse \u00e0 bois M\u00e8che \u00e9go\u00efne 117mm-1pc<\/p>\n","protected":false},"featured_media":544013,"template":"","meta":{"_seopress_robots_primary_cat":"","_seopress_titles_title":"","_seopress_titles_desc":"","_seopress_robots_index":""},"product_brand":[3407],"product_cat":[514,549,550,33],"product_tag":[3270],"class_list":{"0":"post-614007","1":"product","2":"type-product","3":"status-publish","4":"has-post-thumbnail","6":"product_brand-milwaukee","7":"product_cat-altri-dispositivi","8":"product_cat-trapani-e-avvitatori","9":"product_cat-accessori-per-trapani-ed-avvitatori","10":"product_cat-attrezzature","11":"product_tag-import-milwau","12":"sws-conto-ricavi-merci-rivendita-macchinari-fr","13":"sws-gruppo-iva-iva81-fr","15":"first","16":"onbackorder","17":"sale","18":"shipping-taxable","19":"purchasable","20":"product-type-simple"},"_links":{"self":[{"href":"https:\/\/lucacastelli.com\/fr\/wp-json\/wp\/v2\/product\/614007","targetHints":{"allow":["GET"]}}],"collection":[{"href":"https:\/\/lucacastelli.com\/fr\/wp-json\/wp\/v2\/product"}],"about":[{"href":"https:\/\/lucacastelli.com\/fr\/wp-json\/wp\/v2\/types\/product"}],"wp:featuredmedia":[{"embeddable":true,"href":"https:\/\/lucacastelli.com\/fr\/wp-json\/wp\/v2\/media\/544013"}],"wp:attachment":[{"href":"https:\/\/lucacastelli.com\/fr\/wp-json\/wp\/v2\/media?parent=614007"}],"wp:term":[{"taxonomy":"product_brand","embeddable":true,"href":"https:\/\/lucacastelli.com\/fr\/wp-json\/wp\/v2\/product_brand?post=614007"},{"taxonomy":"product_cat","embeddable":true,"href":"https:\/\/lucacastelli.com\/fr\/wp-json\/wp\/v2\/product_cat?post=614007"},{"taxonomy":"product_tag","embeddable":true,"href":"https:\/\/lucacastelli.com\/fr\/wp-json\/wp\/v2\/product_tag?post=614007"}],"curies":[{"name":"wp","href":"https:\/\/api.w.org\/{rel}","templated":true}]}}