{"id":614001,"date":"2025-08-09T11:08:59","date_gmt":"2025-08-09T09:08:59","guid":{"rendered":"https:\/\/lucacastelli.com\/prodotto\/milwaukee-pointes-larges-pour-le-selfie\/"},"modified":"2025-08-09T11:08:59","modified_gmt":"2025-08-09T09:08:59","slug":"milwaukee-pointes-larges-pour-le-selfie","status":"publish","type":"product","link":"https:\/\/lucacastelli.com\/fr\/produit\/milwaukee-pointes-larges-pour-le-selfie\/","title":{"rendered":"Milwaukee Pointes larges pour le selfie"},"content":{"rendered":"<p>Foreuse \u00e0 bois M\u00e8che \u00e9go\u00efne 92mm-1pc<br \/>\nCette m\u00e8che poss\u00e8de deux lames internes pour une coupe nette et r\u00e9guli\u00e8re. Support rempla\u00e7able;Arbre rempla\u00e7able <\/p>\n<p>4932479490<br \/>\n4058546372842<\/p>\n","protected":false},"excerpt":{"rendered":"<p>Foreuse \u00e0 bois M\u00e8che \u00e9go\u00efste 92mm-1pc<\/p>\n","protected":false},"featured_media":544008,"template":"","meta":{"_seopress_robots_primary_cat":"","_seopress_titles_title":"","_seopress_titles_desc":"","_seopress_robots_index":""},"product_brand":[3407],"product_cat":[514,549,550,33],"product_tag":[3270],"class_list":{"0":"post-614001","1":"product","2":"type-product","3":"status-publish","4":"has-post-thumbnail","6":"product_brand-milwaukee","7":"product_cat-altri-dispositivi","8":"product_cat-trapani-e-avvitatori","9":"product_cat-accessori-per-trapani-ed-avvitatori","10":"product_cat-attrezzature","11":"product_tag-import-milwau","12":"sws-conto-ricavi-merci-rivendita-macchinari-fr","13":"sws-gruppo-iva-iva81-fr","15":"first","16":"onbackorder","17":"sale","18":"shipping-taxable","19":"purchasable","20":"product-type-simple"},"_links":{"self":[{"href":"https:\/\/lucacastelli.com\/fr\/wp-json\/wp\/v2\/product\/614001","targetHints":{"allow":["GET"]}}],"collection":[{"href":"https:\/\/lucacastelli.com\/fr\/wp-json\/wp\/v2\/product"}],"about":[{"href":"https:\/\/lucacastelli.com\/fr\/wp-json\/wp\/v2\/types\/product"}],"wp:featuredmedia":[{"embeddable":true,"href":"https:\/\/lucacastelli.com\/fr\/wp-json\/wp\/v2\/media\/544008"}],"wp:attachment":[{"href":"https:\/\/lucacastelli.com\/fr\/wp-json\/wp\/v2\/media?parent=614001"}],"wp:term":[{"taxonomy":"product_brand","embeddable":true,"href":"https:\/\/lucacastelli.com\/fr\/wp-json\/wp\/v2\/product_brand?post=614001"},{"taxonomy":"product_cat","embeddable":true,"href":"https:\/\/lucacastelli.com\/fr\/wp-json\/wp\/v2\/product_cat?post=614001"},{"taxonomy":"product_tag","embeddable":true,"href":"https:\/\/lucacastelli.com\/fr\/wp-json\/wp\/v2\/product_tag?post=614001"}],"curies":[{"name":"wp","href":"https:\/\/api.w.org\/{rel}","templated":true}]}}