{"id":613993,"date":"2025-08-09T11:08:56","date_gmt":"2025-08-09T09:08:56","guid":{"rendered":"https:\/\/lucacastelli.com\/prodotto\/milwaukee-revetements-en-caoutchouc-pour-cles-a-chocs-4\/"},"modified":"2025-08-09T11:08:56","modified_gmt":"2025-08-09T09:08:56","slug":"milwaukee-revetements-en-caoutchouc-pour-cles-a-chocs-4","status":"publish","type":"product","link":"https:\/\/lucacastelli.com\/fr\/produit\/milwaukee-revetements-en-caoutchouc-pour-cles-a-chocs-4\/","title":{"rendered":"Milwaukee Rev\u00eatements en caoutchouc pour cl\u00e9s \u00e0 chocs"},"content":{"rendered":"<p>Manchons en caoutchouc pour cl\u00e9s \u00e0 chocs<br \/>\nManchon en caoutchouc pour M12FCIW G3<br \/>\nL\u00e9ger et compact, prot\u00e8ge l&#8217;outil et les surfaces avec un impact minimal sur la taille et le poids de l&#8217;outil;Mat\u00e9riau flexible pour une application et un retrait faciles ;Caoutchouc durable, con\u00e7u pour r\u00e9sister aux mat\u00e9riaux corrosifs que l&#8217;on trouve couramment dans les environnements de travail;Ne convient pas aux applications sur des circuits \u00e9lectriques sous tension;L&#8217;utilisation d&#8217;un outil autre que celui sp\u00e9cifi\u00e9 peut endommager le moteur de l&#8217;outil et invalider la garantie<\/p>\n<p>4932499365<br \/>\n4058546565299<\/p>\n","protected":false},"excerpt":{"rendered":"<p>Manchon en caoutchouc pour M12FCIW G3<\/p>\n","protected":false},"featured_media":591257,"template":"","meta":{"_seopress_robots_primary_cat":"","_seopress_titles_title":"","_seopress_titles_desc":"","_seopress_robots_index":""},"product_brand":[3407],"product_cat":[514,549,550,33],"product_tag":[3270],"class_list":{"0":"post-613993","1":"product","2":"type-product","3":"status-publish","4":"has-post-thumbnail","6":"product_brand-milwaukee","7":"product_cat-altri-dispositivi","8":"product_cat-trapani-e-avvitatori","9":"product_cat-accessori-per-trapani-ed-avvitatori","10":"product_cat-attrezzature","11":"product_tag-import-milwau","12":"sws-conto-ricavi-merci-rivendita-macchinari-fr","13":"sws-gruppo-iva-iva81-fr","15":"first","16":"onbackorder","17":"sale","18":"shipping-taxable","19":"purchasable","20":"product-type-simple"},"_links":{"self":[{"href":"https:\/\/lucacastelli.com\/fr\/wp-json\/wp\/v2\/product\/613993","targetHints":{"allow":["GET"]}}],"collection":[{"href":"https:\/\/lucacastelli.com\/fr\/wp-json\/wp\/v2\/product"}],"about":[{"href":"https:\/\/lucacastelli.com\/fr\/wp-json\/wp\/v2\/types\/product"}],"wp:featuredmedia":[{"embeddable":true,"href":"https:\/\/lucacastelli.com\/fr\/wp-json\/wp\/v2\/media\/591257"}],"wp:attachment":[{"href":"https:\/\/lucacastelli.com\/fr\/wp-json\/wp\/v2\/media?parent=613993"}],"wp:term":[{"taxonomy":"product_brand","embeddable":true,"href":"https:\/\/lucacastelli.com\/fr\/wp-json\/wp\/v2\/product_brand?post=613993"},{"taxonomy":"product_cat","embeddable":true,"href":"https:\/\/lucacastelli.com\/fr\/wp-json\/wp\/v2\/product_cat?post=613993"},{"taxonomy":"product_tag","embeddable":true,"href":"https:\/\/lucacastelli.com\/fr\/wp-json\/wp\/v2\/product_tag?post=613993"}],"curies":[{"name":"wp","href":"https:\/\/api.w.org\/{rel}","templated":true}]}}