{"id":613984,"date":"2025-08-09T11:08:52","date_gmt":"2025-08-09T09:08:52","guid":{"rendered":"https:\/\/lucacastelli.com\/prodotto\/milwaukee-revetement-en-caoutchouc-pour-m18-fiw2f-m18-fiw2p\/"},"modified":"2025-08-09T11:08:52","modified_gmt":"2025-08-09T09:08:52","slug":"milwaukee-revetement-en-caoutchouc-pour-m18-fiw2f-m18-fiw2p","status":"publish","type":"product","link":"https:\/\/lucacastelli.com\/fr\/produit\/milwaukee-revetement-en-caoutchouc-pour-m18-fiw2f-m18-fiw2p\/","title":{"rendered":"Milwaukee Rev\u00eatement en caoutchouc pour M18 FIW2F &amp; M18 FIW2P"},"content":{"rendered":"<p>RIVEST RUBBER M18 FIW2F et M18 FIW2P 1pcs<br \/>\nL\u00e9ger et compact, prot\u00e8ge l&#8217;outil et les surfaces avec un impact minimal sur la taille et le poids de l&#8217;outil;Mat\u00e9riau flexible pour une application et un retrait faciles;Caoutchouc durable con\u00e7u pour r\u00e9sister aux mat\u00e9riaux corrosifs que l&#8217;on trouve couramment dans les environnements de travail ;Ne convient pas \u00e0 une utilisation sur des circuits \u00e9lectriques sous tension;L&#8217;utilisation sur un outil autre que celui sp\u00e9cifi\u00e9 peut endommager le moteur de l&#8217;outil et annuler la garantie<\/p>\n<p>4932478770<br \/>\n4058546360528<\/p>\n","protected":false},"excerpt":{"rendered":"<p>CAOUTCHOUC RIVEST M18 FIW2F et M18 FIW2P 1 pc.<\/p>\n","protected":false},"featured_media":541884,"template":"","meta":{"_seopress_robots_primary_cat":"","_seopress_titles_title":"","_seopress_titles_desc":"","_seopress_robots_index":""},"product_brand":[3407],"product_cat":[514,549,550,33],"product_tag":[3270],"class_list":{"0":"post-613984","1":"product","2":"type-product","3":"status-publish","4":"has-post-thumbnail","6":"product_brand-milwaukee","7":"product_cat-altri-dispositivi","8":"product_cat-trapani-e-avvitatori","9":"product_cat-accessori-per-trapani-ed-avvitatori","10":"product_cat-attrezzature","11":"product_tag-import-milwau","12":"sws-conto-ricavi-merci-rivendita-macchinari-fr","13":"sws-gruppo-iva-iva81-fr","15":"first","16":"onbackorder","17":"sale","18":"shipping-taxable","19":"purchasable","20":"product-type-simple"},"_links":{"self":[{"href":"https:\/\/lucacastelli.com\/fr\/wp-json\/wp\/v2\/product\/613984","targetHints":{"allow":["GET"]}}],"collection":[{"href":"https:\/\/lucacastelli.com\/fr\/wp-json\/wp\/v2\/product"}],"about":[{"href":"https:\/\/lucacastelli.com\/fr\/wp-json\/wp\/v2\/types\/product"}],"wp:featuredmedia":[{"embeddable":true,"href":"https:\/\/lucacastelli.com\/fr\/wp-json\/wp\/v2\/media\/541884"}],"wp:attachment":[{"href":"https:\/\/lucacastelli.com\/fr\/wp-json\/wp\/v2\/media?parent=613984"}],"wp:term":[{"taxonomy":"product_brand","embeddable":true,"href":"https:\/\/lucacastelli.com\/fr\/wp-json\/wp\/v2\/product_brand?post=613984"},{"taxonomy":"product_cat","embeddable":true,"href":"https:\/\/lucacastelli.com\/fr\/wp-json\/wp\/v2\/product_cat?post=613984"},{"taxonomy":"product_tag","embeddable":true,"href":"https:\/\/lucacastelli.com\/fr\/wp-json\/wp\/v2\/product_tag?post=613984"}],"curies":[{"name":"wp","href":"https:\/\/api.w.org\/{rel}","templated":true}]}}