{"id":613970,"date":"2025-08-09T11:08:48","date_gmt":"2025-08-09T09:08:48","guid":{"rendered":"https:\/\/lucacastelli.com\/prodotto\/milwaukee-revetements-en-caoutchouc-pour-cliquets\/"},"modified":"2025-08-09T11:08:48","modified_gmt":"2025-08-09T09:08:48","slug":"milwaukee-revetements-en-caoutchouc-pour-cliquets","status":"publish","type":"product","link":"https:\/\/lucacastelli.com\/fr\/produit\/milwaukee-revetements-en-caoutchouc-pour-cliquets\/","title":{"rendered":"Milwaukee Rev\u00eatements en caoutchouc pour cliquets"},"content":{"rendered":"<p>FPTR-RS\/manchons en caoutchouc<br \/>\nL\u00e9ger et compact, prot\u00e8ge l&#8217;outil et les surfaces avec un impact minimal sur la taille et le poids de l&#8217;outil;Mat\u00e9riau flexible pour une application et un retrait faciles;Caoutchouc durable, con\u00e7u pour r\u00e9sister aux mat\u00e9riaux corrosifs que l&#8217;on trouve couramment dans les environnements de travail;Ne convient pas \u00e0 une utilisation sur des circuits \u00e9lectriques sous tension;Une utilisation sur un outil autre que celui sp\u00e9cifi\u00e9 peut endommager le moteur de l&#8217;outil et annuler la garantie<\/p>\n<p>4932492931<br \/>\n4058546478025<\/p>\n","protected":false},"excerpt":{"rendered":"<p>FPTR-RS\/ENDUITS DE CAOUTCHOUC<\/p>\n","protected":false},"featured_media":558887,"template":"","meta":{"_seopress_robots_primary_cat":"","_seopress_titles_title":"","_seopress_titles_desc":"","_seopress_robots_index":""},"product_brand":[3658],"product_cat":[1555,1453,144,1552],"product_tag":[3273],"class_list":{"0":"post-613970","1":"product","2":"type-product","3":"status-publish","4":"has-post-thumbnail","6":"product_brand-milwaukee-fr","7":"product_cat-accessoires-pour-perceuses-et-tournevis","8":"product_cat-autres-appareils","9":"product_cat-equipement","10":"product_cat-perceuses-et-tournevis","11":"product_tag-import-milwau-fr","12":"sws-conto-ricavi-merci-rivendita-macchinari-fr","13":"sws-gruppo-iva-iva81-fr","15":"first","16":"onbackorder","17":"sale","18":"shipping-taxable","19":"purchasable","20":"product-type-simple"},"_links":{"self":[{"href":"https:\/\/lucacastelli.com\/fr\/wp-json\/wp\/v2\/product\/613970","targetHints":{"allow":["GET"]}}],"collection":[{"href":"https:\/\/lucacastelli.com\/fr\/wp-json\/wp\/v2\/product"}],"about":[{"href":"https:\/\/lucacastelli.com\/fr\/wp-json\/wp\/v2\/types\/product"}],"wp:featuredmedia":[{"embeddable":true,"href":"https:\/\/lucacastelli.com\/fr\/wp-json\/wp\/v2\/media\/558887"}],"wp:attachment":[{"href":"https:\/\/lucacastelli.com\/fr\/wp-json\/wp\/v2\/media?parent=613970"}],"wp:term":[{"taxonomy":"product_brand","embeddable":true,"href":"https:\/\/lucacastelli.com\/fr\/wp-json\/wp\/v2\/product_brand?post=613970"},{"taxonomy":"product_cat","embeddable":true,"href":"https:\/\/lucacastelli.com\/fr\/wp-json\/wp\/v2\/product_cat?post=613970"},{"taxonomy":"product_tag","embeddable":true,"href":"https:\/\/lucacastelli.com\/fr\/wp-json\/wp\/v2\/product_tag?post=613970"}],"curies":[{"name":"wp","href":"https:\/\/api.w.org\/{rel}","templated":true}]}}