{"id":613935,"date":"2025-08-09T08:34:16","date_gmt":"2025-08-09T06:34:16","guid":{"rendered":"https:\/\/lucacastelli.com\/prodotto\/milwaukee-au-dessus-des-verres\/"},"modified":"2025-08-09T08:34:16","modified_gmt":"2025-08-09T06:34:16","slug":"milwaukee-au-dessus-des-verres","status":"publish","type":"product","link":"https:\/\/lucacastelli.com\/fr\/produit\/milwaukee-au-dessus-des-verres\/","title":{"rendered":"Milwaukee au-dessus des verres"},"content":{"rendered":"<p>SUR LES LUNETTES &#8211; Verres transparents<br \/>\nVerres durables et r\u00e9sistants aux rayures;Verres antibu\u00e9e longue dur\u00e9e;Branches confortables et flexibles pour un confort prolong\u00e9;Convient pour \u00eatre port\u00e9 sur les montures de lunettes les plus populaires;Monture enveloppante;Certification europ\u00e9enne : EN166 et EN170 \/ EN172<\/p>\n<p>4932493439<br \/>\n4058546483104<\/p>\n","protected":false},"excerpt":{"rendered":"<p>VUE D&#8217;ENSEMBLE &#8211; Lentille transparente<\/p>\n","protected":false},"featured_media":562398,"template":"","meta":{"_seopress_robots_primary_cat":"","_seopress_titles_title":"","_seopress_titles_desc":"","_seopress_robots_index":""},"product_brand":[3407],"product_cat":[33,537,815,816],"product_tag":[3270],"class_list":{"0":"post-613935","1":"product","2":"type-product","3":"status-publish","4":"has-post-thumbnail","6":"product_brand-milwaukee","7":"product_cat-attrezzature","8":"product_cat-attrezzatura-da-lavoro","9":"product_cat-caschi","10":"product_cat-visiere-e-occhiali-protettivi","11":"product_tag-import-milwau","12":"sws-conto-ricavi-merci-rivendita-macchinari-fr","13":"sws-gruppo-iva-iva81-fr","15":"first","16":"onbackorder","17":"sale","18":"shipping-taxable","19":"purchasable","20":"product-type-simple"},"_links":{"self":[{"href":"https:\/\/lucacastelli.com\/fr\/wp-json\/wp\/v2\/product\/613935","targetHints":{"allow":["GET"]}}],"collection":[{"href":"https:\/\/lucacastelli.com\/fr\/wp-json\/wp\/v2\/product"}],"about":[{"href":"https:\/\/lucacastelli.com\/fr\/wp-json\/wp\/v2\/types\/product"}],"wp:featuredmedia":[{"embeddable":true,"href":"https:\/\/lucacastelli.com\/fr\/wp-json\/wp\/v2\/media\/562398"}],"wp:attachment":[{"href":"https:\/\/lucacastelli.com\/fr\/wp-json\/wp\/v2\/media?parent=613935"}],"wp:term":[{"taxonomy":"product_brand","embeddable":true,"href":"https:\/\/lucacastelli.com\/fr\/wp-json\/wp\/v2\/product_brand?post=613935"},{"taxonomy":"product_cat","embeddable":true,"href":"https:\/\/lucacastelli.com\/fr\/wp-json\/wp\/v2\/product_cat?post=613935"},{"taxonomy":"product_tag","embeddable":true,"href":"https:\/\/lucacastelli.com\/fr\/wp-json\/wp\/v2\/product_tag?post=613935"}],"curies":[{"name":"wp","href":"https:\/\/api.w.org\/{rel}","templated":true}]}}