{"id":613933,"date":"2025-08-09T08:33:06","date_gmt":"2025-08-09T06:33:06","guid":{"rendered":"https:\/\/lucacastelli.com\/prodotto\/milwaukee-mx-fuel-sac-a-dos-pour-batterie\/"},"modified":"2025-08-09T08:33:06","modified_gmt":"2025-08-09T06:33:06","slug":"milwaukee-mx-fuel-sac-a-dos-pour-batterie","status":"publish","type":"product","link":"https:\/\/lucacastelli.com\/fr\/produit\/milwaukee-mx-fuel-sac-a-dos-pour-batterie\/","title":{"rendered":"Milwaukee MX FUEL Sac \u00e0 dos pour batterie"},"content":{"rendered":"<p>MXFPBE-0 BATTERIES<br \/>\nR\u00e9duit le poids de l&#8217;outil jusqu&#8217;\u00e0 45 % en allouant le poids de la batterie \u00e0 l&#8217;arri\u00e8re;Maintient les performances de la batterie, sans compromis sur l&#8217;ergonomie;Performances maximales;Harnais de sac \u00e0 dos amovible;Poign\u00e9e pliante pour faciliter le transport ou la suspension;Compatible avec toutes les batteries MX FUEL;Le syst\u00e8me MX FUEL porte la puissance de la batterie \u00e0 de nouveaux sommets : performance des solutions \u00e0 essence, sans fil ou pneumatiques, en \u00e9liminant les risques li\u00e9s aux \u00e9missions, au bruit, aux vibrations, aux tr\u00e9buchements et \u00e0 l&#8217;entretien complexe<\/p>\n<p>4933498067<br \/>\n4058546512279.<\/p>\n","protected":false},"excerpt":{"rendered":"<p>PILES MXFPBE-0<\/p>\n","protected":false},"featured_media":586971,"template":"","meta":{"_seopress_robots_primary_cat":"","_seopress_titles_title":"","_seopress_titles_desc":"","_seopress_robots_index":""},"product_brand":[3407],"product_cat":[29,491],"product_tag":[3270],"class_list":{"0":"post-613933","1":"product","2":"type-product","3":"status-publish","4":"has-post-thumbnail","6":"product_brand-milwaukee","7":"product_cat-macchinari","8":"product_cat-accessori-sistemi-a-batteria","9":"product_tag-import-milwau","10":"sws-conto-ricavi-merci-rivendita-macchinari-fr","11":"sws-gruppo-iva-iva81-fr","13":"first","14":"onbackorder","15":"sale","16":"shipping-taxable","17":"purchasable","18":"product-type-simple"},"_links":{"self":[{"href":"https:\/\/lucacastelli.com\/fr\/wp-json\/wp\/v2\/product\/613933","targetHints":{"allow":["GET"]}}],"collection":[{"href":"https:\/\/lucacastelli.com\/fr\/wp-json\/wp\/v2\/product"}],"about":[{"href":"https:\/\/lucacastelli.com\/fr\/wp-json\/wp\/v2\/types\/product"}],"wp:featuredmedia":[{"embeddable":true,"href":"https:\/\/lucacastelli.com\/fr\/wp-json\/wp\/v2\/media\/586971"}],"wp:attachment":[{"href":"https:\/\/lucacastelli.com\/fr\/wp-json\/wp\/v2\/media?parent=613933"}],"wp:term":[{"taxonomy":"product_brand","embeddable":true,"href":"https:\/\/lucacastelli.com\/fr\/wp-json\/wp\/v2\/product_brand?post=613933"},{"taxonomy":"product_cat","embeddable":true,"href":"https:\/\/lucacastelli.com\/fr\/wp-json\/wp\/v2\/product_cat?post=613933"},{"taxonomy":"product_tag","embeddable":true,"href":"https:\/\/lucacastelli.com\/fr\/wp-json\/wp\/v2\/product_tag?post=613933"}],"curies":[{"name":"wp","href":"https:\/\/api.w.org\/{rel}","templated":true}]}}