{"id":613932,"date":"2025-08-09T08:30:15","date_gmt":"2025-08-09T06:30:15","guid":{"rendered":"https:\/\/lucacastelli.com\/prodotto\/milwaukee-tondeuse-autotractee-3-en-1-53-cm-double-batterie-2x18v-m18-fuel\/"},"modified":"2025-08-09T08:30:15","modified_gmt":"2025-08-09T06:30:15","slug":"milwaukee-tondeuse-autotractee-3-en-1-53-cm-double-batterie-2x18v-m18-fuel","status":"publish","type":"product","link":"https:\/\/lucacastelli.com\/fr\/produit\/milwaukee-tondeuse-autotractee-3-en-1-53-cm-double-batterie-2x18v-m18-fuel\/","title":{"rendered":"Milwaukee Tondeuse autotract\u00e9e 3 en 1 53 cm double batterie (2x18V) M18 FUEL."},"content":{"rendered":"<p>Tondeuse autotract\u00e9e 3 en 1 53 cm double batterie (2x18V) M18 FUEL<br \/>\nM18 F2LM53-122 \/ TOUCHERBA.<br \/>\nQualit\u00e9 de coupe exceptionnelle gr\u00e2ce au design des lames : plateau de coupe de 53 cm avec corps en acier, technologie M18 FUEL ;Excellentes performances m\u00eame sur les herbes hautes, avec une puissance maximale pour les applications les plus difficiles ;Tondeuse 3 en 1 : mulching, sac de ramassage (70 l) ou \u00e9jection lat\u00e9rale ;R\u00e9glage automatique de la vitesse des lames en fonction de la puissance n\u00e9cessaire, pour une efficacit\u00e9 maximale ;Syst\u00e8me autotract\u00e9 avec 5 r\u00e9glages de vitesse, jusqu&#8217;\u00e0 6.4 km\/h;Contr\u00f4le simple et intuitif de la vitesse;Fonctionne avec 2 batteries de 18 V en s\u00e9rie, pour une puissance et des performances maximales;Capable de couper jusqu&#8217;\u00e0 2000 m\u00b2 avec deux batteries M18 HIGH OUTPUT\u2122 12.0 Ah (mesur\u00e9 lors de l&#8217;enl\u00e8vement de 2,5 cm d&#8217;herbe \u00e0 4 km\/h);Feux avant et lat\u00e9raux pour un \u00e9clairage \u00e0 180 degr\u00e9s, pour une pr\u00e9cision de coupe maximale;R\u00e9glage centralis\u00e9 de la hauteur de coupe en 7 positions : 2,5 cm &#8211; 10 cm, pour diff\u00e9rents types d&#8217;herbe;Poign\u00e9e pliante pour un transport et un rangement faciles et pratiques;Comprend un capuchon de mulching, un sac de collecte de 70 L et un accessoire d&#8217;\u00e9jection lat\u00e9rale;Syst\u00e8me HIGH OUTPUT\u2122, am\u00e9liore les performances et la dur\u00e9e d&#8217;utilisation de la technologie M18 FUEL;Fonctionne avec toutes les batteries M18\u2122 de Milwaukee\u00ae.<\/p>\n<p>4933499213<br \/>\n4058546563776<\/p>\n","protected":false},"excerpt":{"rendered":"<p>M18 F2LM53-122 \/ TONDEUSE \u00c0 GAZON<\/p>\n","protected":false},"featured_media":580371,"template":"","meta":{"_seopress_robots_primary_cat":"","_seopress_titles_title":"","_seopress_titles_desc":"","_seopress_robots_index":""},"product_brand":[3407],"product_cat":[29,262,488],"product_tag":[3270],"class_list":{"0":"post-613932","1":"product","2":"type-product","3":"status-publish","4":"has-post-thumbnail","6":"product_brand-milwaukee","7":"product_cat-macchinari","8":"product_cat-tosaerba-e-robot","9":"product_cat-tosaerba-a-batteria","10":"product_tag-import-milwau","11":"sws-conto-ricavi-merci-rivendita-macchinari-fr","12":"sws-gruppo-iva-iva81-fr","14":"first","15":"onbackorder","16":"sale","17":"shipping-taxable","18":"purchasable","19":"product-type-simple"},"_links":{"self":[{"href":"https:\/\/lucacastelli.com\/fr\/wp-json\/wp\/v2\/product\/613932","targetHints":{"allow":["GET"]}}],"collection":[{"href":"https:\/\/lucacastelli.com\/fr\/wp-json\/wp\/v2\/product"}],"about":[{"href":"https:\/\/lucacastelli.com\/fr\/wp-json\/wp\/v2\/types\/product"}],"wp:featuredmedia":[{"embeddable":true,"href":"https:\/\/lucacastelli.com\/fr\/wp-json\/wp\/v2\/media\/580371"}],"wp:attachment":[{"href":"https:\/\/lucacastelli.com\/fr\/wp-json\/wp\/v2\/media?parent=613932"}],"wp:term":[{"taxonomy":"product_brand","embeddable":true,"href":"https:\/\/lucacastelli.com\/fr\/wp-json\/wp\/v2\/product_brand?post=613932"},{"taxonomy":"product_cat","embeddable":true,"href":"https:\/\/lucacastelli.com\/fr\/wp-json\/wp\/v2\/product_cat?post=613932"},{"taxonomy":"product_tag","embeddable":true,"href":"https:\/\/lucacastelli.com\/fr\/wp-json\/wp\/v2\/product_tag?post=613932"}],"curies":[{"name":"wp","href":"https:\/\/api.w.org\/{rel}","templated":true}]}}