{"id":613928,"date":"2025-08-09T08:31:47","date_gmt":"2025-08-09T06:31:47","guid":{"rendered":"https:\/\/lucacastelli.com\/prodotto\/milwaukee-coupe-bordures\/"},"modified":"2025-08-09T08:31:47","modified_gmt":"2025-08-09T06:31:47","slug":"milwaukee-coupe-bordures","status":"publish","type":"product","link":"https:\/\/lucacastelli.com\/fr\/produit\/milwaukee-coupe-bordures\/","title":{"rendered":"Milwaukee Coupe-bordures"},"content":{"rendered":"<p>M18 FEDG-0 \/ RIFILATEURS<br \/>\nFournissant une puissance et un couple ad\u00e9quats pour les applications les plus exigeantes;Lame de 20 cm et molette facilement r\u00e9glable qui permet \u00e0 l&#8217;utilisateur de s\u00e9lectionner la hauteur appropri\u00e9e pour l&#8217;application;Conception de la garde ouverte pour \u00e9viter le colmatage, avec ligne de vis\u00e9e pour une identification facile de la lame ;La protection contre les d\u00e9bris prot\u00e8ge l&#8217;utilisateur de la salet\u00e9, des pierres et de l&#8217;herbe;Plaque antid\u00e9rapante robuste pour une protection maximale de l&#8217;outil;Ligne d&#8217;usure de la lame incluse dans la protection, qui permet toujours \u00e0 l&#8217;utilisateur de savoir quand changer la lame;Outil avec poign\u00e9e rembourr\u00e9e souple pour un confort accru et une r\u00e9duction des vibrations;La technologie FUEL red\u00e9finit les outils \u00e9lectriques sans fil. Le moteur sans balais, l&#8217;\u00e9lectronique REDLINK PLUS\u2122 et la batterie REDLITHIUM\u2122 offrent des performances et une durabilit\u00e9 sup\u00e9rieures;Fonctionne avec toutes les batteries M18 Milwaukee. <\/p>\n<p>4933493556<br \/>\n4058546484279<\/p>\n","protected":false},"excerpt":{"rendered":"<p>M18 FEDG-0 \/ TRIMMERS<\/p>\n","protected":false},"featured_media":589255,"template":"","meta":{"_seopress_robots_primary_cat":"","_seopress_titles_title":"","_seopress_titles_desc":"","_seopress_robots_index":""},"product_brand":[3407],"product_cat":[29,270,281],"product_tag":[3270],"class_list":{"0":"post-613928","1":"product","2":"type-product","3":"status-publish","4":"has-post-thumbnail","6":"product_brand-milwaukee","7":"product_cat-macchinari","8":"product_cat-decespugliatori-e-tagliabordi","9":"product_cat-decespugliatori-e-tagliabordi-a-batteria","10":"product_tag-import-milwau","11":"sws-conto-ricavi-merci-rivendita-macchinari-fr","12":"sws-gruppo-iva-iva81-fr","14":"first","15":"onbackorder","16":"sale","17":"shipping-taxable","18":"purchasable","19":"product-type-simple"},"_links":{"self":[{"href":"https:\/\/lucacastelli.com\/fr\/wp-json\/wp\/v2\/product\/613928","targetHints":{"allow":["GET"]}}],"collection":[{"href":"https:\/\/lucacastelli.com\/fr\/wp-json\/wp\/v2\/product"}],"about":[{"href":"https:\/\/lucacastelli.com\/fr\/wp-json\/wp\/v2\/types\/product"}],"wp:featuredmedia":[{"embeddable":true,"href":"https:\/\/lucacastelli.com\/fr\/wp-json\/wp\/v2\/media\/589255"}],"wp:attachment":[{"href":"https:\/\/lucacastelli.com\/fr\/wp-json\/wp\/v2\/media?parent=613928"}],"wp:term":[{"taxonomy":"product_brand","embeddable":true,"href":"https:\/\/lucacastelli.com\/fr\/wp-json\/wp\/v2\/product_brand?post=613928"},{"taxonomy":"product_cat","embeddable":true,"href":"https:\/\/lucacastelli.com\/fr\/wp-json\/wp\/v2\/product_cat?post=613928"},{"taxonomy":"product_tag","embeddable":true,"href":"https:\/\/lucacastelli.com\/fr\/wp-json\/wp\/v2\/product_tag?post=613928"}],"curies":[{"name":"wp","href":"https:\/\/api.w.org\/{rel}","templated":true}]}}