{"id":613925,"date":"2025-08-09T08:30:13","date_gmt":"2025-08-09T06:30:13","guid":{"rendered":"https:\/\/lucacastelli.com\/prodotto\/milwaukee-tondeuse-a-gazon-autotractee-3-en-1-46-cm-double-batterie-2x18v-m18-fuel\/"},"modified":"2025-08-09T08:30:13","modified_gmt":"2025-08-09T06:30:13","slug":"milwaukee-tondeuse-a-gazon-autotractee-3-en-1-46-cm-double-batterie-2x18v-m18-fuel","status":"publish","type":"product","link":"https:\/\/lucacastelli.com\/fr\/produit\/milwaukee-tondeuse-a-gazon-autotractee-3-en-1-46-cm-double-batterie-2x18v-m18-fuel\/","title":{"rendered":"Milwaukee Tondeuse \u00e0 gazon autotract\u00e9e 3-en-1 46 cm double batterie (2x18V) M18 FUEL."},"content":{"rendered":"<p>Tondeuse autotract\u00e9e 3 en 1 46 cm double batterie (2x18V) M18 FUEL<br \/>\nM18 F2LM46-802 \/ TOWERBA.<br \/>\nQualit\u00e9 de coupe exceptionnelle gr\u00e2ce au design des lames : plateau de coupe de 46 cm avec corps en acier, technologie M18 FUEL ;Conception compacte, pour une maniabilit\u00e9 maximale dans les espaces restreints ;Tondeuse 3 en 1 : mulching, sac de ramassage (60 l) ou \u00e9jection lat\u00e9rale ;Le mode Turbo permet de passer d&#8217;une puissance continue \u00e0 une puissance de pointe exceptionnelle pour une qualit\u00e9 de coupe optimale et un ajustement automatique de la vitesse des lames en fonction de la puissance requise pour plus d&#8217;efficacit\u00e9 ;Syst\u00e8me autotract\u00e9 avec 5 r\u00e9glages de vitesse, jusqu&#8217;\u00e0 6.5 km\/h;Contr\u00f4le simple et intuitif de la vitesse;Fonctionne avec 2 batteries de 18 V en s\u00e9rie, pour une puissance et des performances maximales;Capable de couper jusqu&#8217;\u00e0 1600 m\u00b2 avec deux batteries M18 HIGH OUTPUT\u2122 de 8,0 Ah (mesur\u00e9 en enlevant 2,5 cm d&#8217;herbe \u00e0 4 km\/h);\u00c9clairage frontal pour une pr\u00e9cision de coupe maximale;R\u00e9glage centralis\u00e9 de la hauteur de coupe sur 7 positions : 2.5 cm &#8211; 10 cm, pour diff\u00e9rents types d&#8217;herbe;Poign\u00e9e pliante pour un transport et un rangement faciles et pratiques;Comprend un capuchon de mulching, un sac de ramassage de 60 l et un accessoire d&#8217;\u00e9jection lat\u00e9rale;Syst\u00e8me HIGH OUTPUT\u2122, \u00e9l\u00e8ve les performances et l&#8217;autonomie de la technologie M18 FUEL;Fonctionne avec toutes les batteries Milwaukee\u00ae M18\u2122.<\/p>\n<p>4933499215<br \/>\n4058546563790<\/p>\n","protected":false},"excerpt":{"rendered":"<p>M18 F2LM46-802 \/ TONDEUSE \u00c0 GAZON<\/p>\n","protected":false},"featured_media":435465,"template":"","meta":{"_seopress_robots_primary_cat":"","_seopress_titles_title":"","_seopress_titles_desc":"","_seopress_robots_index":""},"product_brand":[3658],"product_cat":[167,1670,1657],"product_tag":[3273],"class_list":{"0":"post-613925","1":"product","2":"type-product","3":"status-publish","4":"has-post-thumbnail","6":"product_brand-milwaukee-fr","7":"product_cat-machines","8":"product_cat-tondeuses-a-batterie","9":"product_cat-tondeuses-et-robots","10":"product_tag-import-milwau-fr","11":"sws-conto-ricavi-merci-rivendita-macchinari-fr","12":"sws-gruppo-iva-iva81-fr","14":"first","15":"onbackorder","16":"sale","17":"shipping-taxable","18":"purchasable","19":"product-type-simple"},"_links":{"self":[{"href":"https:\/\/lucacastelli.com\/fr\/wp-json\/wp\/v2\/product\/613925","targetHints":{"allow":["GET"]}}],"collection":[{"href":"https:\/\/lucacastelli.com\/fr\/wp-json\/wp\/v2\/product"}],"about":[{"href":"https:\/\/lucacastelli.com\/fr\/wp-json\/wp\/v2\/types\/product"}],"wp:featuredmedia":[{"embeddable":true,"href":"https:\/\/lucacastelli.com\/fr\/wp-json\/wp\/v2\/media\/435465"}],"wp:attachment":[{"href":"https:\/\/lucacastelli.com\/fr\/wp-json\/wp\/v2\/media?parent=613925"}],"wp:term":[{"taxonomy":"product_brand","embeddable":true,"href":"https:\/\/lucacastelli.com\/fr\/wp-json\/wp\/v2\/product_brand?post=613925"},{"taxonomy":"product_cat","embeddable":true,"href":"https:\/\/lucacastelli.com\/fr\/wp-json\/wp\/v2\/product_cat?post=613925"},{"taxonomy":"product_tag","embeddable":true,"href":"https:\/\/lucacastelli.com\/fr\/wp-json\/wp\/v2\/product_tag?post=613925"}],"curies":[{"name":"wp","href":"https:\/\/api.w.org\/{rel}","templated":true}]}}